{"id":7904,"date":"2014-05-10T22:01:30","date_gmt":"2014-05-10T20:01:30","guid":{"rendered":"http:\/\/klubmamgdynia.pl\/index.php\/produkt\/alfazet-7-naklejki-alfika-i-zetki-25-na-budowie\/"},"modified":"2026-05-01T10:40:26","modified_gmt":"2026-05-01T08:40:26","slug":"alfazet-7-naklejki-alfika-i-zetki-25-na-budowie","status":"publish","type":"product","link":"http:\/\/klubmamgdynia.pl\/index.php\/produkt\/alfazet-7-naklejki-alfika-i-zetki-25-na-budowie\/","title":{"rendered":"Alfazet 7 Naklejki Alfika I Zetki 25 Na Budowie"},"content":{"rendered":"<p>Autor:ISBN:EAN: 5903111847258Wydawnictwo: Alfa-Zet 7Wydanie: folia,14,8&#215;24,5 cmStrony:Naklejki Alfika i Zetki 25 Na budowie<\/p>\n<h2>Alfazet 7 Naklejki Alfika I Zetki 25 Na Budowie Artyk<\/h2>\n<p>naj\u0142adniejsze ko\u0142ysanki dla dzieci, znaczenie imienia milan, prezent dla jedenastolatki, testy z zemsty, prezent na \u015bwi\u0119ta dla nastolatka, zabawy dla 5 latka, zagadki na inteligencje, cytaty dziecko, okolice wroc\u0142awia atrakcje, zagadki matematyczne na logik\u0119, wobies, zagadki dla dzieci do druku, karty pracy dla dzieci z ukrainy klasa 3, \u015bwi\u0119ty przemys\u0142aw<\/p>\n<p>yyyyy<\/p>\n<p>&nbsp;<\/p>\n","protected":false},"excerpt":{"rendered":"<p>Autor:ISBN:EAN: 5903111847258Wydawnictwo: Alfa-Zet 7Wydanie: folia,14,8&#215;24,5 cmStrony:Naklejki Alfika i Zetki 25 Na budowie Alfazet 7 Naklejki Alfika I Zetki 25 Na Budowie Artyk naj\u0142adniejsze ko\u0142ysanki dla dzieci, znaczenie imienia milan, prezent dla jedenastolatki, testy z zemsty, prezent na \u015bwi\u0119ta dla nastolatka, zabawy dla 5 latka, zagadki na inteligencje, cytaty dziecko, okolice wroc\u0142awia atrakcje, zagadki matematyczne na [&hellip;]<\/p>\n","protected":false},"featured_media":7905,"comment_status":"closed","ping_status":"open","template":"","meta":[],"product_cat":[336,325],"product_tag":[832,763,705],"class_list":["post-7904","product","type-product","status-publish","has-post-thumbnail","hentry","product_cat-artyk","product_cat-szkolne-artykuly-papiernicze","product_tag-desery-dla-dzieci","product_tag-fabian","product_tag-prezent-na-roczek-dla-chlopca"],"_links":{"self":[{"href":"http:\/\/klubmamgdynia.pl\/index.php\/wp-json\/wp\/v2\/product\/7904","targetHints":{"allow":["GET"]}}],"collection":[{"href":"http:\/\/klubmamgdynia.pl\/index.php\/wp-json\/wp\/v2\/product"}],"about":[{"href":"http:\/\/klubmamgdynia.pl\/index.php\/wp-json\/wp\/v2\/types\/product"}],"replies":[{"embeddable":true,"href":"http:\/\/klubmamgdynia.pl\/index.php\/wp-json\/wp\/v2\/comments?post=7904"}],"wp:featuredmedia":[{"embeddable":true,"href":"http:\/\/klubmamgdynia.pl\/index.php\/wp-json\/wp\/v2\/media\/7905"}],"wp:attachment":[{"href":"http:\/\/klubmamgdynia.pl\/index.php\/wp-json\/wp\/v2\/media?parent=7904"}],"wp:term":[{"taxonomy":"product_cat","embeddable":true,"href":"http:\/\/klubmamgdynia.pl\/index.php\/wp-json\/wp\/v2\/product_cat?post=7904"},{"taxonomy":"product_tag","embeddable":true,"href":"http:\/\/klubmamgdynia.pl\/index.php\/wp-json\/wp\/v2\/product_tag?post=7904"}],"curies":[{"name":"wp","href":"https:\/\/api.w.org\/{rel}","templated":true}]}}