{"id":7906,"date":"2012-05-16T10:16:22","date_gmt":"2012-05-16T08:16:22","guid":{"rendered":"http:\/\/klubmamgdynia.pl\/index.php\/produkt\/xiaomi-mi-vacuum-cleaner-mini\/"},"modified":"2026-04-04T02:13:06","modified_gmt":"2026-04-04T00:13:06","slug":"xiaomi-mi-vacuum-cleaner-mini","status":"publish","type":"product","link":"http:\/\/klubmamgdynia.pl\/index.php\/produkt\/xiaomi-mi-vacuum-cleaner-mini\/","title":{"rendered":"Xiaomi Mi Vacuum Cleaner Mini"},"content":{"rendered":"<p>Mi Mini Vacuum CleanerSprz\u0105taj w dowolnym miejscu i czasiePrzeno\u015bny | Pot\u0119\u017cny | Silnik bezszczotkowy | Usuwanie kurzu jednym klikni\u0119ciem                            <\/p>\n<p>Odkurzacz por\u0119czniejszy ni\u017c my\u015bliszCzy\u015bci pomieszczenie, ciesz\u0105c oko                            <\/p>\n<p>Tylko 0,5 kg, l\u017cejszy nawet od butelki wody, \u0142atwy do podniesienia                            <\/p>\n<p>Mocny silnik bezszczotkowyWydajne czyszczenie dzi\u0119ki podw\u00f3jnej wentylacjiWysokowydajny bezszczotkowy silnik i prosta konstrukcja z dwoma otworami wentylacyjnymi zmniejszaj\u0105 straty energii i poprawiaj\u0105 wydajno\u015b\u0107 czyszczenia.\u00a0                            <\/p>\n<p>6 000 PaMocne ssanie                            <\/p>\n<p>Szybki start-stopZapobiega wydostaniu si\u0119 py\u0142u                            <\/p>\n<p>Widoczna pot\u0119\u017cna mocZ \u0142atwo\u015bci\u0105 uniesie laptopa                            <\/p>\n<p>Innowacyjna dysza 2 w 1Dwie dysze mog\u0105 by\u0107 u\u017cywane oddzielnie lub razem                            <\/p>\n<p>Por\u0119czny do czyszczeniaKompaktowy, \u0142atwy w u\u017cyciu, doskona\u0142y do \u200b\u200br\u00f3\u017cnych potrzeb domowych. Nigdy wi\u0119cej nie martw si\u0119 okruchami jedzenia na pod\u0142odze.                            <\/p>\n<p>Przeno\u015bny i wygodny asystentPracujesz, a ja posprz\u0105tam                            <\/p>\n<p>Wielofunkcyjna nasadka u\u0142atwia czyszczenieTy b\u0119dziesz bada\u0107, a ja sprz\u0105tam                            <\/p>\n<p>Dociera g\u0142\u0119boko w zakamarkiCa\u0142e sprz\u0105tanie zostaw mnie                            <\/p>\n<p>Ekspert w czyszczeniu klawiaturChcesz posprz\u0105ta\u0107? B\u0119dziesz czysty.                            <\/p>\n<p>Twoja tajna bro\u0144 do dbania o samoch\u00f3dW smogowe, zakurzone dni wn\u0119trze samochodu mo\u017ce by\u0107 bardzo brudne. Dzi\u0119ki tej pr\u00f3\u017cni ca\u0142y ten piasek nie b\u0119dzie mia\u0142 miejsca do ukrycia.                            <\/p>\n<p>Wygodne usuwanie kurzu jednym dotkni\u0119ciem pozwala utrzyma\u0107 r\u0119ce w czysto\u015bciUsuwanie kurzu za jednym dotkni\u0119ciem: naci\u015bnij przycisk, a pojemnik na kurz wyskoczy. Brak wt\u00f3rnego zanieczyszczenia.                            <\/p>\n<p>Stalowy filtr g\u0142\u00f3wny i filtr HEPANawet najmniejsze cz\u0105steczki nie b\u0119d\u0105 mog\u0142y si\u0119 wydosta\u0107, wi\u0119c nigdy nie b\u0119dzie si\u0119 pyli\u0107 podczas odkurzania                            <\/p>\n<p>USB Type-C                            <\/p>\n<p>Otwierany pojemnik                            <\/p>\n<p>Obudowa ABS                            <\/p>\n<p>Zmywalny filtr                            <\/p>\n<p>Ma\u0142y i \u0142atwy w transporcie                            <\/p>\n<p>2 tryby sprz\u0105taniado 30 minut pracy na baterii<\/p>\n<h2>Xiaomi Mi Vacuum Cleaner Mini Xiaomi<\/h2>\n<p>oskar imie, lol surprise kolorowanka, regina, zagadki dla 7 latka, rysunek kota, zagadki dla dzieci o zwierz\u0119tach, kr\u00f3tkie czytanki dla dzieci do wydruku, korczak cytaty, kolorowanka \u015bwinka peppa, krzy\u017c\u00f3wki dla dzieci, kundel bury tekst, prezent dla trzynastolatki, list do \u015bw miko\u0142aja &#8212; wz\u00f3r, cytaty przyja\u017a\u0144<\/p>\n<p>yyyyy<\/p>\n<p>&nbsp;<\/p>\n","protected":false},"excerpt":{"rendered":"<p>Mi Mini Vacuum CleanerSprz\u0105taj w dowolnym miejscu i czasiePrzeno\u015bny | Pot\u0119\u017cny | Silnik bezszczotkowy | Usuwanie kurzu jednym klikni\u0119ciem Odkurzacz por\u0119czniejszy ni\u017c my\u015bliszCzy\u015bci pomieszczenie, ciesz\u0105c oko Tylko 0,5 kg, l\u017cejszy nawet od butelki wody, \u0142atwy do podniesienia Mocny silnik bezszczotkowyWydajne czyszczenie dzi\u0119ki podw\u00f3jnej wentylacjiWysokowydajny bezszczotkowy silnik i prosta konstrukcja z dwoma otworami wentylacyjnymi zmniejszaj\u0105 straty [&hellip;]<\/p>\n","protected":false},"featured_media":7907,"comment_status":"closed","ping_status":"open","template":"","meta":[],"product_cat":[1670,1669],"product_tag":[817,729,742,602,794],"class_list":["post-7906","product","type-product","status-publish","has-post-thumbnail","hentry","product_cat-odkurzacze-reczne","product_cat-xiaomi","product_tag-bajka-terapeutyczna-o-emocjach","product_tag-madre-bajki-dla-dzieci-do-czytania","product_tag-piosenki-dla-dzieci-tekst","product_tag-quiz-o-zwierzetach-domowych","product_tag-test-opowiesci-z-narnii-lew-czarownica-i-stara-szafa-do-druku"],"_links":{"self":[{"href":"http:\/\/klubmamgdynia.pl\/index.php\/wp-json\/wp\/v2\/product\/7906","targetHints":{"allow":["GET"]}}],"collection":[{"href":"http:\/\/klubmamgdynia.pl\/index.php\/wp-json\/wp\/v2\/product"}],"about":[{"href":"http:\/\/klubmamgdynia.pl\/index.php\/wp-json\/wp\/v2\/types\/product"}],"replies":[{"embeddable":true,"href":"http:\/\/klubmamgdynia.pl\/index.php\/wp-json\/wp\/v2\/comments?post=7906"}],"wp:featuredmedia":[{"embeddable":true,"href":"http:\/\/klubmamgdynia.pl\/index.php\/wp-json\/wp\/v2\/media\/7907"}],"wp:attachment":[{"href":"http:\/\/klubmamgdynia.pl\/index.php\/wp-json\/wp\/v2\/media?parent=7906"}],"wp:term":[{"taxonomy":"product_cat","embeddable":true,"href":"http:\/\/klubmamgdynia.pl\/index.php\/wp-json\/wp\/v2\/product_cat?post=7906"},{"taxonomy":"product_tag","embeddable":true,"href":"http:\/\/klubmamgdynia.pl\/index.php\/wp-json\/wp\/v2\/product_tag?post=7906"}],"curies":[{"name":"wp","href":"https:\/\/api.w.org\/{rel}","templated":true}]}}