{"id":7908,"date":"2017-01-04T14:09:57","date_gmt":"2017-01-04T13:09:57","guid":{"rendered":"http:\/\/klubmamgdynia.pl\/index.php\/produkt\/midex-robot-1461b-53932\/"},"modified":"2026-05-02T01:24:15","modified_gmt":"2026-05-01T23:24:15","slug":"midex-robot-1461b-53932","status":"publish","type":"product","link":"http:\/\/klubmamgdynia.pl\/index.php\/produkt\/midex-robot-1461b-53932\/","title":{"rendered":"Midex Robot 1461B 53932"},"content":{"rendered":"<p>SUPER CENA &#8211; TANIA DOSTAWA ! &#8211; midex Robot 1461B 53932 &#8211; PACZKOMAT, POCZTA, KURIER<\/p>\n<h2>Midex Robot 1461B 53932 Midex<\/h2>\n<p>policja kolorowanka, ko\u0142ysanki dla dzieci + tekst, koty kolorowanka, pytania logiczne, zaproszenia na urodziny do druku, jak narysowa\u0107 nos, ma\u0142y ksi\u0105\u017ce cytaty o przyja\u017ani, znaczenie imienia paula, zabawy z 7 latkiem, historia pluszowego misia dla dzieci<\/p>\n<p>yyyyy<\/p>\n<p>&nbsp;<\/p>\n","protected":false},"excerpt":{"rendered":"<p>SUPER CENA &#8211; TANIA DOSTAWA ! &#8211; midex Robot 1461B 53932 &#8211; PACZKOMAT, POCZTA, KURIER Midex Robot 1461B 53932 Midex policja kolorowanka, ko\u0142ysanki dla dzieci + tekst, koty kolorowanka, pytania logiczne, zaproszenia na urodziny do druku, jak narysowa\u0107 nos, ma\u0142y ksi\u0105\u017ce cytaty o przyja\u017ani, znaczenie imienia paula, zabawy z 7 latkiem, historia pluszowego misia dla [&hellip;]<\/p>\n","protected":false},"featured_media":7909,"comment_status":"closed","ping_status":"open","template":"","meta":[],"product_cat":[1091,337],"product_tag":[719,739,616,811,615],"class_list":["post-7908","product","type-product","status-publish","has-post-thumbnail","hentry","product_cat-midex","product_cat-zabawki-zdalnie-sterowane","product_tag-dziecko-cytaty-zlote-mysli","product_tag-prima-aprilis-w-szkole","product_tag-test-mikolajek-25-pytan","product_tag-zagadki-logiczne-dla-dzieci","product_tag-znane-misie-z-filmow-animowanych"],"_links":{"self":[{"href":"http:\/\/klubmamgdynia.pl\/index.php\/wp-json\/wp\/v2\/product\/7908","targetHints":{"allow":["GET"]}}],"collection":[{"href":"http:\/\/klubmamgdynia.pl\/index.php\/wp-json\/wp\/v2\/product"}],"about":[{"href":"http:\/\/klubmamgdynia.pl\/index.php\/wp-json\/wp\/v2\/types\/product"}],"replies":[{"embeddable":true,"href":"http:\/\/klubmamgdynia.pl\/index.php\/wp-json\/wp\/v2\/comments?post=7908"}],"wp:featuredmedia":[{"embeddable":true,"href":"http:\/\/klubmamgdynia.pl\/index.php\/wp-json\/wp\/v2\/media\/7909"}],"wp:attachment":[{"href":"http:\/\/klubmamgdynia.pl\/index.php\/wp-json\/wp\/v2\/media?parent=7908"}],"wp:term":[{"taxonomy":"product_cat","embeddable":true,"href":"http:\/\/klubmamgdynia.pl\/index.php\/wp-json\/wp\/v2\/product_cat?post=7908"},{"taxonomy":"product_tag","embeddable":true,"href":"http:\/\/klubmamgdynia.pl\/index.php\/wp-json\/wp\/v2\/product_tag?post=7908"}],"curies":[{"name":"wp","href":"https:\/\/api.w.org\/{rel}","templated":true}]}}