{"id":7910,"date":"2014-01-29T03:20:35","date_gmt":"2014-01-29T02:20:35","guid":{"rendered":"http:\/\/klubmamgdynia.pl\/index.php\/produkt\/revell-b-17g-flying-fortress\/"},"modified":"2026-04-03T22:30:34","modified_gmt":"2026-04-03T20:30:34","slug":"revell-b-17g-flying-fortress","status":"publish","type":"product","link":"http:\/\/klubmamgdynia.pl\/index.php\/produkt\/revell-b-17g-flying-fortress\/","title":{"rendered":"Revell B 17G Flying Fortress"},"content":{"rendered":"<p>Skala 1:48 Najbardziej znanym symbolem wojny powietrznej nad Niemcami podczas II wojny \u015bwiatowej jest legendarna lataj\u0105ca forteca B-17. Jest przeznaczony do wyrz\u0105dzania powa\u017cnych szk\u00f3d wrogowi, jednocze\u015bnie chroni\u0105c ci\u0119 przed ogniem. B-17 mia\u0142 ponad 7 pozycji broni obronnej z karabinami maszynowymi kalibru .50. By\u0142 w stanie unie\u015b\u0107 ponad 4000 funt\u00f3w bomb, ponad 1800 mil, z pr\u0119dko\u015bci\u0105 przelotow\u0105 170 mil na godzin\u0119. Model \u201eG\u201d by\u0142 ostatni\u0105 wersj\u0105 produkcyjn\u0105, a 8600 samolot\u00f3w zbudowano w 23 miesi\u0105ce. Pe\u0142ny detal wn\u0119trza od przodu do ty\u0142u, w tym wszystkie pozycje broni. Monta\u017c pojazdu z bombami. Obrotowe wie\u017cyczki i \u015bmig\u0142a<\/p>\n<h2>Revell B 17G Flying Fortress Revell<\/h2>\n<p>konkurencje sportowe dla dzieci, zagadki, bajka do czytania o piesku, zabawy miko\u0142ajkowe dla dzieci, ewelina, testy na znaki drogowe, kolorowanka pokemon, gad\u017cety dla nastolatk\u00f3w 2021, opis do zdj\u0119cia dziecka<\/p>\n<p>yyyyy<\/p>\n<p>&nbsp;<\/p>\n","protected":false},"excerpt":{"rendered":"<p>Skala 1:48 Najbardziej znanym symbolem wojny powietrznej nad Niemcami podczas II wojny \u015bwiatowej jest legendarna lataj\u0105ca forteca B-17. Jest przeznaczony do wyrz\u0105dzania powa\u017cnych szk\u00f3d wrogowi, jednocze\u015bnie chroni\u0105c ci\u0119 przed ogniem. B-17 mia\u0142 ponad 7 pozycji broni obronnej z karabinami maszynowymi kalibru .50. By\u0142 w stanie unie\u015b\u0107 ponad 4000 funt\u00f3w bomb, ponad 1800 mil, z pr\u0119dko\u015bci\u0105 [&hellip;]<\/p>\n","protected":false},"featured_media":7911,"comment_status":"closed","ping_status":"open","template":"","meta":[],"product_cat":[151,507],"product_tag":[867,613,803,757,588],"class_list":["post-7910","product","type-product","status-publish","has-post-thumbnail","hentry","product_cat-pozostale-modele","product_cat-revell","product_tag-kolorowanki-dla-dziewczynek","product_tag-na-wyspach-bergamutach","product_tag-szlaczki-do-druku","product_tag-test-z-lektury-ania-z-zielonego-wzgorza-klasa-6-z-odpowiedziami","product_tag-wzruszajace-slowa-dla-przyjaciela"],"_links":{"self":[{"href":"http:\/\/klubmamgdynia.pl\/index.php\/wp-json\/wp\/v2\/product\/7910","targetHints":{"allow":["GET"]}}],"collection":[{"href":"http:\/\/klubmamgdynia.pl\/index.php\/wp-json\/wp\/v2\/product"}],"about":[{"href":"http:\/\/klubmamgdynia.pl\/index.php\/wp-json\/wp\/v2\/types\/product"}],"replies":[{"embeddable":true,"href":"http:\/\/klubmamgdynia.pl\/index.php\/wp-json\/wp\/v2\/comments?post=7910"}],"wp:featuredmedia":[{"embeddable":true,"href":"http:\/\/klubmamgdynia.pl\/index.php\/wp-json\/wp\/v2\/media\/7911"}],"wp:attachment":[{"href":"http:\/\/klubmamgdynia.pl\/index.php\/wp-json\/wp\/v2\/media?parent=7910"}],"wp:term":[{"taxonomy":"product_cat","embeddable":true,"href":"http:\/\/klubmamgdynia.pl\/index.php\/wp-json\/wp\/v2\/product_cat?post=7910"},{"taxonomy":"product_tag","embeddable":true,"href":"http:\/\/klubmamgdynia.pl\/index.php\/wp-json\/wp\/v2\/product_tag?post=7910"}],"curies":[{"name":"wp","href":"https:\/\/api.w.org\/{rel}","templated":true}]}}