{"id":7912,"date":"2011-06-20T00:46:58","date_gmt":"2011-06-19T22:46:58","guid":{"rendered":"http:\/\/klubmamgdynia.pl\/index.php\/produkt\/lol-surprise-5w1-kolorowanka-z-naklejkami-dla-dziewczynki-46210\/"},"modified":"2026-04-17T11:49:02","modified_gmt":"2026-04-17T09:49:02","slug":"lol-surprise-5w1-kolorowanka-z-naklejkami-dla-dziewczynki-46210","status":"publish","type":"product","link":"http:\/\/klubmamgdynia.pl\/index.php\/produkt\/lol-surprise-5w1-kolorowanka-z-naklejkami-dla-dziewczynki-46210\/","title":{"rendered":"LOL Surprise 5w1 Kolorowanka Z Naklejkami Dla Dziewczynki 46210"},"content":{"rendered":"<p>a                            <\/p>\n<p>Kolorowanka Z Naklejkami Dla Dziewczynki                            <\/p>\n<p>a                            <\/p>\n<p>Kreatywne dziewczynki uwielbiaj\u0105 kolorowanki! Ma\u0142e fanki kultowych laleczek L.O.L Surprise b\u0119d\u0105 zachwycone kreatywnym zestawem do malowania. Zabawa w kolorowanie rozwija kreatywne my\u015blenie dziecka. Do zestawu do\u0142\u0105czono naklejki i inne niespodzianki, kt\u00f3rych mo\u017cna u\u017cy\u0107 do ozdabiania.<\/p>\n<p>Co czeka na dziewczynki w zestawie L.O.L:<\/p>\n<p>25 stron z kolorowankami, naklejkami i innymi niespodziankami<br \/>\n3 zestawy kredek do malowania<\/p>\n<h2>LOL Surprise 5w1 Kolorowanka Z Naklejkami Dla Dziewczynki 46210 LOL Surprise<\/h2>\n<p>zagadki o owocach, piosenka dla mamy tekst, kolorowanki dla dziewczynek 10 lat, zagadki rymowane, test narnia lew czarownica i stara szafa, zak\u0142adka do ksi\u0105\u017cki szablon do druku, smok wawelski kolorowanka, motto dla nauczyciela<\/p>\n<p>yyyyy<\/p>\n<p>&nbsp;<\/p>\n","protected":false},"excerpt":{"rendered":"<p>a Kolorowanka Z Naklejkami Dla Dziewczynki a Kreatywne dziewczynki uwielbiaj\u0105 kolorowanki! Ma\u0142e fanki kultowych laleczek L.O.L Surprise b\u0119d\u0105 zachwycone kreatywnym zestawem do malowania. Zabawa w kolorowanie rozwija kreatywne my\u015blenie dziecka. Do zestawu do\u0142\u0105czono naklejki i inne niespodzianki, kt\u00f3rych mo\u017cna u\u017cy\u0107 do ozdabiania. Co czeka na dziewczynki w zestawie L.O.L: 25 stron z kolorowankami, naklejkami i [&hellip;]<\/p>\n","protected":false},"featured_media":7913,"comment_status":"closed","ping_status":"open","template":"","meta":[],"product_cat":[294,325],"product_tag":[753,775,745,679,698,869],"class_list":["post-7912","product","type-product","status-publish","has-post-thumbnail","hentry","product_cat-lol-surprise","product_cat-szkolne-artykuly-papiernicze","product_tag-kamila","product_tag-kolorowanki-do-druku-pokemon","product_tag-prezent-dla-15-latki","product_tag-zabawki-na-roczek-dla-dziewczynki","product_tag-zagadki-dla-przedszkolakow","product_tag-zagadki-na-logike"],"_links":{"self":[{"href":"http:\/\/klubmamgdynia.pl\/index.php\/wp-json\/wp\/v2\/product\/7912","targetHints":{"allow":["GET"]}}],"collection":[{"href":"http:\/\/klubmamgdynia.pl\/index.php\/wp-json\/wp\/v2\/product"}],"about":[{"href":"http:\/\/klubmamgdynia.pl\/index.php\/wp-json\/wp\/v2\/types\/product"}],"replies":[{"embeddable":true,"href":"http:\/\/klubmamgdynia.pl\/index.php\/wp-json\/wp\/v2\/comments?post=7912"}],"wp:featuredmedia":[{"embeddable":true,"href":"http:\/\/klubmamgdynia.pl\/index.php\/wp-json\/wp\/v2\/media\/7913"}],"wp:attachment":[{"href":"http:\/\/klubmamgdynia.pl\/index.php\/wp-json\/wp\/v2\/media?parent=7912"}],"wp:term":[{"taxonomy":"product_cat","embeddable":true,"href":"http:\/\/klubmamgdynia.pl\/index.php\/wp-json\/wp\/v2\/product_cat?post=7912"},{"taxonomy":"product_tag","embeddable":true,"href":"http:\/\/klubmamgdynia.pl\/index.php\/wp-json\/wp\/v2\/product_tag?post=7912"}],"curies":[{"name":"wp","href":"https:\/\/api.w.org\/{rel}","templated":true}]}}