{"id":7914,"date":"2020-06-28T11:53:45","date_gmt":"2020-06-28T09:53:45","guid":{"rendered":"http:\/\/klubmamgdynia.pl\/index.php\/produkt\/vivaguard-ft-100c\/"},"modified":"2026-04-30T23:19:08","modified_gmt":"2026-04-30T21:19:08","slug":"vivaguard-ft-100c","status":"publish","type":"product","link":"http:\/\/klubmamgdynia.pl\/index.php\/produkt\/vivaguard-ft-100c\/","title":{"rendered":"VivaGuard FT-100C"},"content":{"rendered":"<p>Termometr bezdotykowy na podczerwie\u0144 VivaGuard Model FT-100C Termometr czo\u0142owy, bezdotykowy w b\u0142yskawiczny spos\u00f3b dokonuj\u0105cy pomiaru temperatury cia\u0142a. SPECYFIKACJA TERMOMETRU:Tryb pomiaru: na czoleTryb pracy 32\u201343 \u00b0 C (89,6 \u2013 109,4 \u00b0 F)Odleg\u0142o\u015b\u0107 pomiaru: 2 cm Rozdzielczo\u015b\u0107 wy\u015bwietlacza: 0,1 \u00b0 C \/ \u00b0 FPrecyzja: 36 \u2013 39 \u00b0 C (96,8 \u2013 102,2 \u00b0 F): \u00b1 0,2 \u00b0 C (\u00b1 0,36 \u00b0 F)Wymiary: 162 x 50 x 35 mmZakres dzia\u0142ania urz\u0105dzenia: Temperatura: 16 \u2013 40 \u00b0 C (60,8 \u2013 104 \u00b0 F)Wilgotno\u015b\u0107: \u2264 85% RHWarunki przechowywania urz\u0105dzenia: Temperatura: -25 \u2013 55 \u00b0 C (-13 \u2013 131 \u00b0 F)Wilgotno\u015b\u0107: \u2264 95% RHBaterie: 2 x 1,5 V AAAPod\u015bwietlenie: 3 kolory \u2013 niebieski, zielony i czerwony<\/p>\n<h2>VivaGuard FT-100C PMT<\/h2>\n<p>test z lektury narnia lew czarownica i stara szafa, prezent dla nastolatk\u00f3w 2020, dzie\u0144 pluszowego misia napis, zagadki wielkanocne przedszkole, halloween warszawa 2021 dzieci, kolorowanki z bajek, laurka dla mamy rysunek<\/p>\n<p>yyyyy<\/p>\n<p>&nbsp;<\/p>\n","protected":false},"excerpt":{"rendered":"<p>Termometr bezdotykowy na podczerwie\u0144 VivaGuard Model FT-100C Termometr czo\u0142owy, bezdotykowy w b\u0142yskawiczny spos\u00f3b dokonuj\u0105cy pomiaru temperatury cia\u0142a. SPECYFIKACJA TERMOMETRU:Tryb pomiaru: na czoleTryb pracy 32\u201343 \u00b0 C (89,6 \u2013 109,4 \u00b0 F)Odleg\u0142o\u015b\u0107 pomiaru: 2 cm Rozdzielczo\u015b\u0107 wy\u015bwietlacza: 0,1 \u00b0 C \/ \u00b0 FPrecyzja: 36 \u2013 39 \u00b0 C (96,8 \u2013 102,2 \u00b0 F): \u00b1 0,2 \u00b0 [&hellip;]<\/p>\n","protected":false},"featured_media":7915,"comment_status":"closed","ping_status":"open","template":"","meta":[],"product_cat":[1671,1444],"product_tag":[802,781,744,747,614,841],"class_list":["post-7914","product","type-product","status-publish","has-post-thumbnail","hentry","product_cat-pmt","product_cat-termometry","product_tag-co-kupic-dziewczynce-na-roczek","product_tag-cytaty-o-wychowaniu-dzieci","product_tag-kolorowanki-swiateczne-do-wydruku","product_tag-malowanki-do-druku","product_tag-pia","product_tag-quiz-o-flagach"],"_links":{"self":[{"href":"http:\/\/klubmamgdynia.pl\/index.php\/wp-json\/wp\/v2\/product\/7914","targetHints":{"allow":["GET"]}}],"collection":[{"href":"http:\/\/klubmamgdynia.pl\/index.php\/wp-json\/wp\/v2\/product"}],"about":[{"href":"http:\/\/klubmamgdynia.pl\/index.php\/wp-json\/wp\/v2\/types\/product"}],"replies":[{"embeddable":true,"href":"http:\/\/klubmamgdynia.pl\/index.php\/wp-json\/wp\/v2\/comments?post=7914"}],"wp:featuredmedia":[{"embeddable":true,"href":"http:\/\/klubmamgdynia.pl\/index.php\/wp-json\/wp\/v2\/media\/7915"}],"wp:attachment":[{"href":"http:\/\/klubmamgdynia.pl\/index.php\/wp-json\/wp\/v2\/media?parent=7914"}],"wp:term":[{"taxonomy":"product_cat","embeddable":true,"href":"http:\/\/klubmamgdynia.pl\/index.php\/wp-json\/wp\/v2\/product_cat?post=7914"},{"taxonomy":"product_tag","embeddable":true,"href":"http:\/\/klubmamgdynia.pl\/index.php\/wp-json\/wp\/v2\/product_tag?post=7914"}],"curies":[{"name":"wp","href":"https:\/\/api.w.org\/{rel}","templated":true}]}}