{"id":7916,"date":"2017-04-23T06:13:27","date_gmt":"2017-04-23T04:13:27","guid":{"rendered":"http:\/\/klubmamgdynia.pl\/index.php\/produkt\/midex-tablica-magnetyczna-z-cyferkami-nauka-liczenia\/"},"modified":"2026-05-17T22:58:12","modified_gmt":"2026-05-17T20:58:12","slug":"midex-tablica-magnetyczna-z-cyferkami-nauka-liczenia","status":"publish","type":"product","link":"http:\/\/klubmamgdynia.pl\/index.php\/produkt\/midex-tablica-magnetyczna-z-cyferkami-nauka-liczenia\/","title":{"rendered":"Midex Tablica Magnetyczna Z Cyferkami Nauka Liczenia"},"content":{"rendered":"<p>Tablica w \u017cywych kolorach zachwyci ka\u017cdego malucha, kt\u00f3ry uwielbia rysowa\u0107 oraz uczy\u0107 si\u0119 nowych rzeczy. Na tablicy mo\u017cna pisa\u0107 flamastrem lub przykleja\u0107 magnetyczne cyferki.W zestawie:- tablica z magnetycznymi cyframi,- mazak.Wymiary tablicy: 22 x 17 cm.Wymiary opakowania: 25,5 x 2,5 x 24 cm.<\/p>\n<h2>Midex Tablica Magnetyczna Z Cyferkami Nauka Liczenia Midex<\/h2>\n<p>zagadki podchwytliwe z odpowiedziami, quiz o koniach, kuba imi\u0119, ozdoby na choinke przedszkole, zagadki dla dzieci logiczne, znaki drogowe quizy, fajne rzeczy dla nastolatk\u00f3w<\/p>\n<p>yyyyy<\/p>\n<p>&nbsp;<\/p>\n","protected":false},"excerpt":{"rendered":"<p>Tablica w \u017cywych kolorach zachwyci ka\u017cdego malucha, kt\u00f3ry uwielbia rysowa\u0107 oraz uczy\u0107 si\u0119 nowych rzeczy. Na tablicy mo\u017cna pisa\u0107 flamastrem lub przykleja\u0107 magnetyczne cyferki.W zestawie:- tablica z magnetycznymi cyframi,- mazak.Wymiary tablicy: 22 x 17 cm.Wymiary opakowania: 25,5 x 2,5 x 24 cm. Midex Tablica Magnetyczna Z Cyferkami Nauka Liczenia Midex zagadki podchwytliwe z odpowiedziami, quiz [&hellip;]<\/p>\n","protected":false},"featured_media":7917,"comment_status":"closed","ping_status":"open","template":"","meta":[],"product_cat":[1091,21],"product_tag":[668,722,740,821,642,643],"class_list":["post-7916","product","type-product","status-publish","has-post-thumbnail","hentry","product_cat-midex","product_cat-zabawki-plastyczne","product_tag-atrakcje-dla-dzieci-wroclaw","product_tag-cytaty-o-przyjazni","product_tag-fajne-prezenty-dla-nastolatkow","product_tag-marianna","product_tag-mia-imie","product_tag-prezent-dla-17-latki"],"_links":{"self":[{"href":"http:\/\/klubmamgdynia.pl\/index.php\/wp-json\/wp\/v2\/product\/7916","targetHints":{"allow":["GET"]}}],"collection":[{"href":"http:\/\/klubmamgdynia.pl\/index.php\/wp-json\/wp\/v2\/product"}],"about":[{"href":"http:\/\/klubmamgdynia.pl\/index.php\/wp-json\/wp\/v2\/types\/product"}],"replies":[{"embeddable":true,"href":"http:\/\/klubmamgdynia.pl\/index.php\/wp-json\/wp\/v2\/comments?post=7916"}],"wp:featuredmedia":[{"embeddable":true,"href":"http:\/\/klubmamgdynia.pl\/index.php\/wp-json\/wp\/v2\/media\/7917"}],"wp:attachment":[{"href":"http:\/\/klubmamgdynia.pl\/index.php\/wp-json\/wp\/v2\/media?parent=7916"}],"wp:term":[{"taxonomy":"product_cat","embeddable":true,"href":"http:\/\/klubmamgdynia.pl\/index.php\/wp-json\/wp\/v2\/product_cat?post=7916"},{"taxonomy":"product_tag","embeddable":true,"href":"http:\/\/klubmamgdynia.pl\/index.php\/wp-json\/wp\/v2\/product_tag?post=7916"}],"curies":[{"name":"wp","href":"https:\/\/api.w.org\/{rel}","templated":true}]}}