{"id":792,"date":"2011-07-24T09:46:19","date_gmt":"2011-07-24T07:46:19","guid":{"rendered":"http:\/\/klubmamgdynia.pl\/index.php\/produkt\/baby-born-ubranko-dla-lalki-z-rozowa-czapeczka-824528\/"},"modified":"2026-04-24T03:45:52","modified_gmt":"2026-04-24T01:45:52","slug":"baby-born-ubranko-dla-lalki-z-rozowa-czapeczka-824528","status":"publish","type":"product","link":"http:\/\/klubmamgdynia.pl\/index.php\/produkt\/baby-born-ubranko-dla-lalki-z-rozowa-czapeczka-824528\/","title":{"rendered":"Baby Born Ubranko dla lalki z r\u00f3\u017cow\u0105 czapeczk\u0105 824528"},"content":{"rendered":"<p>BABY Born Ubranko dla lalki z r\u00f3\u017cow\u0105 czapeczk\u0105W tym prze\u015blicznym kompleciku Baby Born b\u0119dzie wygl\u0105da\u0107 jak prawdziwe dziecko. W zestawie znajduje si\u0119 kolorowa, pstrokata tunika z kokard\u0105 w urocze wzory z d\u0142ugim r\u0119kawem zako\u0144czona tiulow\u0105 sp\u00f3dniczk\u0105 i jasnor\u00f3\u017cowe leginsy. Dodatek do niego stanowi stylowa r\u00f3\u017cowa czapeczka.Ubranko ma w zestawie praktyczny wieszaczek &#8211; rami\u0105czko, na kt\u00f3rym mo\u017cna powiesi\u0107 ubranko by si\u0119 nie pogniot\u0142o.Zestaw przeznaczony dla lalki o wymiarze 43 cm.<\/p>\n<h2>Baby Born Ubranko dla lalki z r\u00f3\u017cow\u0105 czapeczk\u0105 824528 BABY BORN<\/h2>\n<p>wakacyjne kolorowanki, dziwne zagadki, rysowanki, zagadki przyrodnicze, test z narnii lew czarownica i stara szafa, dzie\u0144 matki w\u0142asnor\u0119czny prezent dla mamy od dziecka, prezent na dzien dziecka 7 lat, policja kolorowanka, \u017carty na prima aprilis dla mamy, madre zyczenia bozonarodzeniowe, u\u015bmiech dziecka wiersz, zagadki wielkanocne dla doros\u0142ych, test z lektury spos\u00f3b na alcybiadesa, cytaty dzie\u0144 nauczyciela, gad\u017cety dla nastolatk\u00f3w 2021<\/p>\n<p>yyyyy<\/p>\n<p>&nbsp;<\/p>\n","protected":false},"excerpt":{"rendered":"<p>BABY Born Ubranko dla lalki z r\u00f3\u017cow\u0105 czapeczk\u0105W tym prze\u015blicznym kompleciku Baby Born b\u0119dzie wygl\u0105da\u0107 jak prawdziwe dziecko. W zestawie znajduje si\u0119 kolorowa, pstrokata tunika z kokard\u0105 w urocze wzory z d\u0142ugim r\u0119kawem zako\u0144czona tiulow\u0105 sp\u00f3dniczk\u0105 i jasnor\u00f3\u017cowe leginsy. Dodatek do niego stanowi stylowa r\u00f3\u017cowa czapeczka.Ubranko ma w zestawie praktyczny wieszaczek &#8211; rami\u0105czko, na kt\u00f3rym [&hellip;]<\/p>\n","protected":false},"featured_media":793,"comment_status":"closed","ping_status":"open","template":"","meta":[],"product_cat":[172,176],"product_tag":[832,853,847,843,737],"class_list":["post-792","product","type-product","status-publish","has-post-thumbnail","hentry","product_cat-akcesoria-dla-lalek","product_cat-baby-born","product_tag-desery-dla-dzieci","product_tag-kolorowanki-do-druku-dla-doroslych","product_tag-kolorowanki-pokemon","product_tag-smieszne-zagadki-dla-dzieci","product_tag-test-z-lektury-felix-net-i-nika-oraz-gang-niewidzialnych-ludzi"],"_links":{"self":[{"href":"http:\/\/klubmamgdynia.pl\/index.php\/wp-json\/wp\/v2\/product\/792","targetHints":{"allow":["GET"]}}],"collection":[{"href":"http:\/\/klubmamgdynia.pl\/index.php\/wp-json\/wp\/v2\/product"}],"about":[{"href":"http:\/\/klubmamgdynia.pl\/index.php\/wp-json\/wp\/v2\/types\/product"}],"replies":[{"embeddable":true,"href":"http:\/\/klubmamgdynia.pl\/index.php\/wp-json\/wp\/v2\/comments?post=792"}],"wp:featuredmedia":[{"embeddable":true,"href":"http:\/\/klubmamgdynia.pl\/index.php\/wp-json\/wp\/v2\/media\/793"}],"wp:attachment":[{"href":"http:\/\/klubmamgdynia.pl\/index.php\/wp-json\/wp\/v2\/media?parent=792"}],"wp:term":[{"taxonomy":"product_cat","embeddable":true,"href":"http:\/\/klubmamgdynia.pl\/index.php\/wp-json\/wp\/v2\/product_cat?post=792"},{"taxonomy":"product_tag","embeddable":true,"href":"http:\/\/klubmamgdynia.pl\/index.php\/wp-json\/wp\/v2\/product_tag?post=792"}],"curies":[{"name":"wp","href":"https:\/\/api.w.org\/{rel}","templated":true}]}}