{"id":7920,"date":"2013-03-10T15:18:35","date_gmt":"2013-03-10T14:18:35","guid":{"rendered":"http:\/\/klubmamgdynia.pl\/index.php\/produkt\/pieczatki-w-walizce-l-o-l-surprise-7-sztuk\/"},"modified":"2026-04-26T17:14:07","modified_gmt":"2026-04-26T15:14:07","slug":"pieczatki-w-walizce-l-o-l-surprise-7-sztuk","status":"publish","type":"product","link":"http:\/\/klubmamgdynia.pl\/index.php\/produkt\/pieczatki-w-walizce-l-o-l-surprise-7-sztuk\/","title":{"rendered":"Piecz\u0105tki w walizce L.O.L. Surprise 7 sztuk"},"content":{"rendered":"<p>Zestaw 7 piecz\u0105tek w walizce na licencji L.O.L. Surprise. L.O.L. Surprise to niezwykle popularna kolekcja laleczek, kt\u00f3re s\u0105 zapakowane w wyj\u0105tkowy spos\u00f3b w specjalnej kuli. Kupuj\u0105c zabawk\u0119, dzieci nie wiedz\u0105 jak\u0105 w \u015brodku znajd\u0105 laleczk\u0119. Rozpakowuj\u0105c kul\u0119, dzieci zdejmuj\u0105 kolejne warstwy opakowania, za kt\u00f3rymi kryj\u0105 si\u0119 r\u00f3\u017cne niespodzianki naklejki, akcesoria do lalek, itp. Sama laleczka znajduje si\u0119 wewn\u0105trz kuli.Informacje o produkcieNr katalogowy043-7980Marka (Zabawki) L.O.L.Obszar (nauka i rozw\u00f3j) Art. szkolne i papierniczeRodzaj (nauka i rozw\u00f3j) Stemple i piecz\u0105tkiWymagania wiekowe od 3 latP\u0142e\u0107 (zabawki) Dziewczynki i ch\u0142opcyProdukt na baterie NieBaterie w zestawie NieZasilanie Nie dotyczyAkcesoria w zestawie 7 piecz\u0105tek3 pisakiPoduszeczka do tuszu NotatnikPozosta\u0142e parametryWymiary opakowania: 27 x 4 x 33 cm<\/p>\n<h2>Piecz\u0105tki w walizce L.O.L. Surprise 7 sztuk Dante<\/h2>\n<p>bursztynek bursztynek, jad\u0105 jad\u0105 misie tekst, krzy\u017c\u00f3wki dla dzieci do druku, jeremi imi\u0119, kolorowanki do druku lol, co kupi\u0107 nastolatkowi, gad\u017cety dla nastolatka, smok wawelski bajka, kr\u00f3tkie bajki dla dzieci, kr\u00f3tkie \u017cyczenia wielkanocne dla dzieci, ko\u0142ysanki teksty, gwiazda do wydruku, julian znaczenie imienia, co kupic na roczek, opis o rodzinie, prezent na roczek nie zabawka, laura, bajka psi patrol do czytania<\/p>\n<p>yyyyy<\/p>\n<p>&nbsp;<\/p>\n","protected":false},"excerpt":{"rendered":"<p>Zestaw 7 piecz\u0105tek w walizce na licencji L.O.L. Surprise. L.O.L. Surprise to niezwykle popularna kolekcja laleczek, kt\u00f3re s\u0105 zapakowane w wyj\u0105tkowy spos\u00f3b w specjalnej kuli. Kupuj\u0105c zabawk\u0119, dzieci nie wiedz\u0105 jak\u0105 w \u015brodku znajd\u0105 laleczk\u0119. Rozpakowuj\u0105c kul\u0119, dzieci zdejmuj\u0105 kolejne warstwy opakowania, za kt\u00f3rymi kryj\u0105 si\u0119 r\u00f3\u017cne niespodzianki naklejki, akcesoria do lalek, itp. Sama laleczka [&hellip;]<\/p>\n","protected":false},"featured_media":7921,"comment_status":"closed","ping_status":"open","template":"","meta":[],"product_cat":[249,1445],"product_tag":[662,854,758,678,835],"class_list":["post-7920","product","type-product","status-publish","has-post-thumbnail","hentry","product_cat-dante","product_cat-pomoce-naukowe","product_tag-bajki-na-dobranoc","product_tag-cytaty-rodzina","product_tag-julian","product_tag-prezent-na-roczek-dla-dziewczynki","product_tag-radosc-dziecka-cytaty"],"_links":{"self":[{"href":"http:\/\/klubmamgdynia.pl\/index.php\/wp-json\/wp\/v2\/product\/7920","targetHints":{"allow":["GET"]}}],"collection":[{"href":"http:\/\/klubmamgdynia.pl\/index.php\/wp-json\/wp\/v2\/product"}],"about":[{"href":"http:\/\/klubmamgdynia.pl\/index.php\/wp-json\/wp\/v2\/types\/product"}],"replies":[{"embeddable":true,"href":"http:\/\/klubmamgdynia.pl\/index.php\/wp-json\/wp\/v2\/comments?post=7920"}],"wp:featuredmedia":[{"embeddable":true,"href":"http:\/\/klubmamgdynia.pl\/index.php\/wp-json\/wp\/v2\/media\/7921"}],"wp:attachment":[{"href":"http:\/\/klubmamgdynia.pl\/index.php\/wp-json\/wp\/v2\/media?parent=7920"}],"wp:term":[{"taxonomy":"product_cat","embeddable":true,"href":"http:\/\/klubmamgdynia.pl\/index.php\/wp-json\/wp\/v2\/product_cat?post=7920"},{"taxonomy":"product_tag","embeddable":true,"href":"http:\/\/klubmamgdynia.pl\/index.php\/wp-json\/wp\/v2\/product_tag?post=7920"}],"curies":[{"name":"wp","href":"https:\/\/api.w.org\/{rel}","templated":true}]}}