{"id":7924,"date":"2021-09-05T22:17:55","date_gmt":"2021-09-05T20:17:55","guid":{"rendered":"http:\/\/klubmamgdynia.pl\/index.php\/produkt\/mga-ready2-robot-niespodzianka-w-kapsule-551041\/"},"modified":"2026-05-17T22:38:15","modified_gmt":"2026-05-17T20:38:15","slug":"mga-ready2-robot-niespodzianka-w-kapsule-551041","status":"publish","type":"product","link":"http:\/\/klubmamgdynia.pl\/index.php\/produkt\/mga-ready2-robot-niespodzianka-w-kapsule-551041\/","title":{"rendered":"MGA Ready2 Robot Niespodzianka W Kapsule 551041"},"content":{"rendered":"<p>a                            <\/p>\n<p>MGA READY2ROBOT Robot Seria1                            <\/p>\n<p>a                            <\/p>\n<p>Buduj, handluj i walcz!<br \/>\nReady2Robot Mechbots s\u0105 gotowe do dzia\u0142ania, walcz\u0105 ze sob\u0105 i \u015bluzuj\u0105 same!<br \/>\nZbierz 18 i wi\u0119cej Mechbot\u00f3w i id\u017a na ostateczn\u0105 bitw\u0119!<\/p>\n<p>Przyk\u0142ad mo\u017ce r\u00f3\u017cni\u0107 si\u0119 od rzeczywistej zawarto\u015bci zabawki.<br \/>\nR\u00f3\u017cne wzory. Produkt wysy\u0142any losowo.                            <\/p>\n<p>a<\/p>\n<h2>MGA Ready2 Robot Niespodzianka W Kapsule 551041 MGA<\/h2>\n<p>gabriel imie, kolorowanki lato, lamiglowki slowne, prezenty roczek, wzory zaprosze\u0144 zaproszenie na urodziny szablon do druku, plac zamkowy, test z dzieci z bullerbyn, jak narysowa\u0107 oko, molo w brze\u017anie, gry ruchowe dla dzieci, imiona z bajek, ko\u0142ysanka tekst, quiz o hejka tu lenka, po\u0142\u0105cz kropki do druku, krok jak narysowa\u0107 konia, wakacyjne kolorowanki, kot rysunek dla dzieci, karty pracy dla dzieci z ukrainy pdf, ma\u0142y ksi\u0105\u017ce test, wzory zaprosze\u0144 zaproszenie na urodziny szablon do druku<\/p>\n<p>yyyyy<\/p>\n<p>&nbsp;<\/p>\n","protected":false},"excerpt":{"rendered":"<p>a MGA READY2ROBOT Robot Seria1 a Buduj, handluj i walcz! Ready2Robot Mechbots s\u0105 gotowe do dzia\u0142ania, walcz\u0105 ze sob\u0105 i \u015bluzuj\u0105 same! Zbierz 18 i wi\u0119cej Mechbot\u00f3w i id\u017a na ostateczn\u0105 bitw\u0119! Przyk\u0142ad mo\u017ce r\u00f3\u017cni\u0107 si\u0119 od rzeczywistej zawarto\u015bci zabawki. R\u00f3\u017cne wzory. Produkt wysy\u0142any losowo. a MGA Ready2 Robot Niespodzianka W Kapsule 551041 MGA gabriel [&hellip;]<\/p>\n","protected":false},"featured_media":7925,"comment_status":"closed","ping_status":"open","template":"","meta":[],"product_cat":[301,21],"product_tag":[789,876,733],"class_list":["post-7924","product","type-product","status-publish","has-post-thumbnail","hentry","product_cat-mga","product_cat-zabawki-plastyczne","product_tag-kaczuszka","product_tag-przyjazn","product_tag-zarty-na-prima-aprilis"],"_links":{"self":[{"href":"http:\/\/klubmamgdynia.pl\/index.php\/wp-json\/wp\/v2\/product\/7924","targetHints":{"allow":["GET"]}}],"collection":[{"href":"http:\/\/klubmamgdynia.pl\/index.php\/wp-json\/wp\/v2\/product"}],"about":[{"href":"http:\/\/klubmamgdynia.pl\/index.php\/wp-json\/wp\/v2\/types\/product"}],"replies":[{"embeddable":true,"href":"http:\/\/klubmamgdynia.pl\/index.php\/wp-json\/wp\/v2\/comments?post=7924"}],"wp:featuredmedia":[{"embeddable":true,"href":"http:\/\/klubmamgdynia.pl\/index.php\/wp-json\/wp\/v2\/media\/7925"}],"wp:attachment":[{"href":"http:\/\/klubmamgdynia.pl\/index.php\/wp-json\/wp\/v2\/media?parent=7924"}],"wp:term":[{"taxonomy":"product_cat","embeddable":true,"href":"http:\/\/klubmamgdynia.pl\/index.php\/wp-json\/wp\/v2\/product_cat?post=7924"},{"taxonomy":"product_tag","embeddable":true,"href":"http:\/\/klubmamgdynia.pl\/index.php\/wp-json\/wp\/v2\/product_tag?post=7924"}],"curies":[{"name":"wp","href":"https:\/\/api.w.org\/{rel}","templated":true}]}}