{"id":7926,"date":"2020-04-14T06:17:06","date_gmt":"2020-04-14T04:17:06","guid":{"rendered":"http:\/\/klubmamgdynia.pl\/index.php\/produkt\/ekspres-nivona-caferomatica-821\/"},"modified":"2026-04-27T10:24:53","modified_gmt":"2026-04-27T08:24:53","slug":"ekspres-nivona-caferomatica-821","status":"publish","type":"product","link":"http:\/\/klubmamgdynia.pl\/index.php\/produkt\/ekspres-nivona-caferomatica-821\/","title":{"rendered":"Ekspres Nivona CafeRomatica 821"},"content":{"rendered":"<h2>Ekspres Nivona CafeRomatica 821 Nivona<\/h2>\n<p>dawne ko\u0142ysanki teksty, testy z lektury opowie\u015bci z narnii lew czarownica i stara szafa, kartka walentynkowa r\u0119cznie robiona \u0142atwa, ciekawe miejsca w warszawie dla m\u0142odzie\u017cy, piosenka na dzie\u0144 mamy tekst, zagdki, choinko pi\u0119kna jak las tekst, zagadki logiczne trudne, kostek imi\u0119, walentynka kolorowanka, gotowe zaproszenia na urodziny do wydrukowania, bajka o kreciku, quiz zemsta, quiz opowie\u015bci z narnii lew czarownica i stara szafa, stolice europy quiz, test szatan z si\u00f3dmej klasy, kolorowanka do druku lol, kwiaty polne nazwy i zdj\u0119cia, nauka pisania wyraz\u00f3w dla dzieci do druku pdf<\/p>\n<p>yyyyy<\/p>\n<p>&nbsp;<\/p>\n","protected":false},"excerpt":{"rendered":"<p>Ekspres Nivona CafeRomatica 821 Nivona dawne ko\u0142ysanki teksty, testy z lektury opowie\u015bci z narnii lew czarownica i stara szafa, kartka walentynkowa r\u0119cznie robiona \u0142atwa, ciekawe miejsca w warszawie dla m\u0142odzie\u017cy, piosenka na dzie\u0144 mamy tekst, zagdki, choinko pi\u0119kna jak las tekst, zagadki logiczne trudne, kostek imi\u0119, walentynka kolorowanka, gotowe zaproszenia na urodziny do wydrukowania, bajka [&hellip;]<\/p>\n","protected":false},"featured_media":7927,"comment_status":"closed","ping_status":"open","template":"","meta":[],"product_cat":[1658,1672],"product_tag":[776,655,799,849],"class_list":["post-7926","product","type-product","status-publish","has-post-thumbnail","hentry","product_cat-ekspresy-cisnieniowe","product_cat-nivona","product_tag-dobrej-nocy","product_tag-najlepsze-zagadki","product_tag-zagadka-logiczna","product_tag-zagadki-matematyczne-dla-dzieci"],"_links":{"self":[{"href":"http:\/\/klubmamgdynia.pl\/index.php\/wp-json\/wp\/v2\/product\/7926","targetHints":{"allow":["GET"]}}],"collection":[{"href":"http:\/\/klubmamgdynia.pl\/index.php\/wp-json\/wp\/v2\/product"}],"about":[{"href":"http:\/\/klubmamgdynia.pl\/index.php\/wp-json\/wp\/v2\/types\/product"}],"replies":[{"embeddable":true,"href":"http:\/\/klubmamgdynia.pl\/index.php\/wp-json\/wp\/v2\/comments?post=7926"}],"wp:featuredmedia":[{"embeddable":true,"href":"http:\/\/klubmamgdynia.pl\/index.php\/wp-json\/wp\/v2\/media\/7927"}],"wp:attachment":[{"href":"http:\/\/klubmamgdynia.pl\/index.php\/wp-json\/wp\/v2\/media?parent=7926"}],"wp:term":[{"taxonomy":"product_cat","embeddable":true,"href":"http:\/\/klubmamgdynia.pl\/index.php\/wp-json\/wp\/v2\/product_cat?post=7926"},{"taxonomy":"product_tag","embeddable":true,"href":"http:\/\/klubmamgdynia.pl\/index.php\/wp-json\/wp\/v2\/product_tag?post=7926"}],"curies":[{"name":"wp","href":"https:\/\/api.w.org\/{rel}","templated":true}]}}