{"id":7930,"date":"2023-10-30T04:51:45","date_gmt":"2023-10-30T03:51:45","guid":{"rendered":"http:\/\/klubmamgdynia.pl\/?post_type=product&#038;p=7930"},"modified":"2026-05-17T22:18:00","modified_gmt":"2026-05-17T20:18:00","slug":"bobovita-kaszka-bezmleczna-ryzowa-malina-po-4-miesiacu-180g","status":"publish","type":"product","link":"http:\/\/klubmamgdynia.pl\/index.php\/produkt\/bobovita-kaszka-bezmleczna-ryzowa-malina-po-4-miesiacu-180g\/","title":{"rendered":"Bobovita Kaszka Bezmleczna Ry\u017cowa Malina Po 4 Miesi\u0105cu 180G"},"content":{"rendered":"<h2>Bobovita Kaszka Bezmleczna Ry\u017cowa Malina Po 4 Miesi\u0105cu 180G BoboVita-Nutricia<\/h2>\n<p>karty pracy dla dzieci z ukrainy pdf, z\u0142ote my\u015bli o przyja\u017ani, prima aprilis w szkole, leonardo imi\u0119, gad\u017cety dla m\u0142odzie\u017cy 2020, co oznacza nazwa jordan, milan imie, lato, fajne zagadki dla dzieci, \u0142amig\u0142\u00f3wki logiczne dla dzieci, zagadki dla dzieci do druku, kolorowanka prezent, dzie\u0144 dziecka dla nastolatk\u00f3w, dymitr, prezent dla 16 latka, kolorowanka kotka, nasza zima z\u0142a tekst<\/p>\n<p>yyyyy<\/p>\n<p>&nbsp;<\/p>\n","protected":false},"excerpt":{"rendered":"<p>Bobovita Kaszka Bezmleczna Ry\u017cowa Malina Po 4 Miesi\u0105cu 180G BoboVita-Nutricia karty pracy dla dzieci z ukrainy pdf, z\u0142ote my\u015bli o przyja\u017ani, prima aprilis w szkole, leonardo imi\u0119, gad\u017cety dla m\u0142odzie\u017cy 2020, co oznacza nazwa jordan, milan imie, lato, fajne zagadki dla dzieci, \u0142amig\u0142\u00f3wki logiczne dla dzieci, zagadki dla dzieci do druku, kolorowanka prezent, dzie\u0144 dziecka [&hellip;]<\/p>\n","protected":false},"featured_media":7931,"comment_status":"closed","ping_status":"open","template":"","meta":[],"product_cat":[1675,107],"product_tag":[863,789,715],"class_list":["post-7930","product","type-product","status-publish","has-post-thumbnail","hentry","product_cat-bobovita-nutricia","product_cat-kaszki-dla-dzieci","product_tag-bajki-dla-dziewczynek","product_tag-kaczuszka","product_tag-zosia-samosia"],"_links":{"self":[{"href":"http:\/\/klubmamgdynia.pl\/index.php\/wp-json\/wp\/v2\/product\/7930","targetHints":{"allow":["GET"]}}],"collection":[{"href":"http:\/\/klubmamgdynia.pl\/index.php\/wp-json\/wp\/v2\/product"}],"about":[{"href":"http:\/\/klubmamgdynia.pl\/index.php\/wp-json\/wp\/v2\/types\/product"}],"replies":[{"embeddable":true,"href":"http:\/\/klubmamgdynia.pl\/index.php\/wp-json\/wp\/v2\/comments?post=7930"}],"wp:featuredmedia":[{"embeddable":true,"href":"http:\/\/klubmamgdynia.pl\/index.php\/wp-json\/wp\/v2\/media\/7931"}],"wp:attachment":[{"href":"http:\/\/klubmamgdynia.pl\/index.php\/wp-json\/wp\/v2\/media?parent=7930"}],"wp:term":[{"taxonomy":"product_cat","embeddable":true,"href":"http:\/\/klubmamgdynia.pl\/index.php\/wp-json\/wp\/v2\/product_cat?post=7930"},{"taxonomy":"product_tag","embeddable":true,"href":"http:\/\/klubmamgdynia.pl\/index.php\/wp-json\/wp\/v2\/product_tag?post=7930"}],"curies":[{"name":"wp","href":"https:\/\/api.w.org\/{rel}","templated":true}]}}