{"id":7938,"date":"2025-01-19T21:18:17","date_gmt":"2025-01-19T20:18:17","guid":{"rendered":"http:\/\/klubmamgdynia.pl\/?post_type=product&#038;p=7938"},"modified":"2026-04-27T07:51:17","modified_gmt":"2026-04-27T05:51:17","slug":"tm-toys-kamper-peppy-z-figurka-ii-06060","status":"publish","type":"product","link":"http:\/\/klubmamgdynia.pl\/index.php\/produkt\/tm-toys-kamper-peppy-z-figurka-ii-06060\/","title":{"rendered":"Tm Toys Kamper Peppy Z Figurk\u0105 Ii 06060"},"content":{"rendered":"<p>\u015awinka Peppa. Fantastyczna i kreatywna zabawa! Wprowad\u017a do swej kolekcji wspania\u0142y zestaw figurek i zabawek ze \u015awink\u0105 Pepp\u0105. Rozwija wyobra\u017ani\u0119, wspiera koordynacj\u0119 r\u0119ka &#8211; oko i wspiera pozytywny rozw\u00f3j dziecka! Wykonana z materia\u0142\u00f3w wysokiej jako\u015bci &#8211; trwa\u0142ych i bezpiecznych. Twoja wyobra\u017ania nie ma granic! &#8222;\u015awinka Peppa&#8221; to bajka uwielbiana przez wszystkie maluchy! Jej g\u0142\u00f3wna bohaterka ma\u0142a \u015bwinka Peppa jest bardzo rozbrykana. Ci\u0105gle wpada w k\u0142opoty i ma mn\u00f3stwo przyg\u00f3d. \u015awinka uwielbia czekoladowe ciasteczka, przyj\u0119cia urodzinowe oraz wycieczki i pikniki. Najbardziej jednak kocha swoje b\u0142otko. Ka\u017cdy ma\u0142y fan zabawnej \u015bwinki ucieszy si\u0119 z tego zestawu. Zabawka zachwyci dzieci, kt\u00f3re pokocha\u0142y t\u0119 zabawn\u0105 \u015bwink\u0119. Pozytywnie wspiera rozw\u00f3j! Zabawka zosta\u0142a zaprojektowana, aby w ca\u0142o\u015bci pobudzi\u0107 kreatywno\u015b\u0107 i wyobra\u017ani\u0119 dziecka. Zabawa ni\u0105 rozwinie tak\u017ce u dziecka koordynacj\u0119 wzrokowo-ruchow\u0105, a podczas zabawy z innymi dzie\u0107mi pomo\u017ce te\u017c rozwin\u0105\u0107 relacje spo\u0142eczne. To mn\u00f3stwo fantastycznej zabawy! Bezpieczna zabawa Figurka to niezwykle kreatywna zabawka, kt\u00f3r\u0105 wykonano z materia\u0142\u00f3w wysokiej jako\u015bci &#8211; trwa\u0142ych i bezpiecznych. Dlatego zabawa t\u0105 figurk\u0105 b\u0119dzie wyj\u0105tkowo bezpieczna i fascynuj\u0105ca. Zabawka przeznaczona jest dla dzieci powy\u017cej 3. roku \u017cycia ze wzgl\u0119du na zawarto\u015b\u0107 ma\u0142ych element\u00f3w.<\/p>\n<h2>Tm Toys Kamper Peppy Z Figurk\u0105 Ii 06060 TM Toys<\/h2>\n<p>natalia, adriana znaczenie imienia, bajki dla dzieci za darmo, pokemon kolorowanki do druku, jesienne piosenki dla dzieci, atrakcje dla dzieci wroc\u0142aw 2021, cytaty o przyja\u017ani, otto, g\u0142upie zagadki, kolorowanki do druku zwierz\u0119ta, opis do zdj\u0119cia z dzieckiem, \u015bmieszne zagadki matematyczne, mini zoo \u015bl\u0105sk, ka\u0142u\u017cy\u015bci<\/p>\n<p>yyyyy<\/p>\n<p>&nbsp;<\/p>\n","protected":false},"excerpt":{"rendered":"<p>\u015awinka Peppa. Fantastyczna i kreatywna zabawa! Wprowad\u017a do swej kolekcji wspania\u0142y zestaw figurek i zabawek ze \u015awink\u0105 Pepp\u0105. Rozwija wyobra\u017ani\u0119, wspiera koordynacj\u0119 r\u0119ka &#8211; oko i wspiera pozytywny rozw\u00f3j dziecka! Wykonana z materia\u0142\u00f3w wysokiej jako\u015bci &#8211; trwa\u0142ych i bezpiecznych. Twoja wyobra\u017ania nie ma granic! &#8222;\u015awinka Peppa&#8221; to bajka uwielbiana przez wszystkie maluchy! Jej g\u0142\u00f3wna bohaterka [&hellip;]<\/p>\n","protected":false},"featured_media":7939,"comment_status":"closed","ping_status":"open","template":"","meta":[],"product_cat":[95,145],"product_tag":[578,732,841],"class_list":["post-7938","product","type-product","status-publish","has-post-thumbnail","hentry","product_cat-figurki-makiety-i-zestawy","product_cat-tm-toys","product_tag-fajne-zarty-na-prima-aprilis","product_tag-prezent-dla-rocznego-chlopca","product_tag-quiz-o-flagach"],"_links":{"self":[{"href":"http:\/\/klubmamgdynia.pl\/index.php\/wp-json\/wp\/v2\/product\/7938","targetHints":{"allow":["GET"]}}],"collection":[{"href":"http:\/\/klubmamgdynia.pl\/index.php\/wp-json\/wp\/v2\/product"}],"about":[{"href":"http:\/\/klubmamgdynia.pl\/index.php\/wp-json\/wp\/v2\/types\/product"}],"replies":[{"embeddable":true,"href":"http:\/\/klubmamgdynia.pl\/index.php\/wp-json\/wp\/v2\/comments?post=7938"}],"wp:featuredmedia":[{"embeddable":true,"href":"http:\/\/klubmamgdynia.pl\/index.php\/wp-json\/wp\/v2\/media\/7939"}],"wp:attachment":[{"href":"http:\/\/klubmamgdynia.pl\/index.php\/wp-json\/wp\/v2\/media?parent=7938"}],"wp:term":[{"taxonomy":"product_cat","embeddable":true,"href":"http:\/\/klubmamgdynia.pl\/index.php\/wp-json\/wp\/v2\/product_cat?post=7938"},{"taxonomy":"product_tag","embeddable":true,"href":"http:\/\/klubmamgdynia.pl\/index.php\/wp-json\/wp\/v2\/product_tag?post=7938"}],"curies":[{"name":"wp","href":"https:\/\/api.w.org\/{rel}","templated":true}]}}