{"id":7940,"date":"2016-12-30T14:30:29","date_gmt":"2016-12-30T13:30:29","guid":{"rendered":"http:\/\/klubmamgdynia.pl\/index.php\/produkt\/bruder-ramie-lopaty-do-liebherr-l574\/"},"modified":"2026-04-27T06:50:23","modified_gmt":"2026-04-27T04:50:23","slug":"bruder-ramie-lopaty-do-liebherr-l574","status":"publish","type":"product","link":"http:\/\/klubmamgdynia.pl\/index.php\/produkt\/bruder-ramie-lopaty-do-liebherr-l574\/","title":{"rendered":"Bruder Rami\u0119 \u0141opaty Do Liebherr L574"},"content":{"rendered":"<p>344Jednostka &#8211; paczkaSkala &#8211; 1:16Marka &#8211; LiebherrPasuje do &#8211; 02430 \u0142adowarka czo\u0142owa LiebherrWysoka precyzja wykonania, niezwyk\u0142a szczeg\u00f3\u0142owo\u015b\u0107 i nieprzeci\u0119tna trwa\u0142o\u015b\u0107 to znak rozpoznawczy zabawek niemieckiej marki Bruder.Prezentowana przez nas zabawka to produkt orginalny i trwa\u0142y, wykonany z wielk\u0105 starano\u015bci\u0105 i precyzj\u0105.Nasz\u0105 g\u0142\u00f3wn\u0105 zalet\u0105 jest to \u017ce nasze zabawki swoim wygl\u0105dem oraz posiadanymi funkcjami przypominaj\u0105 mniejsze wersje popularnych traktor\u00f3w oraz maszyn.Je\u015bli chcesz aby Twoje dziecko poczu\u0142o si\u0119 prawdziwy rolnik, zapraszamy do zakup\u00f3w. Dodatkowo zach\u0119camy do zapoznania si\u0119 z innymi artyku\u0142ami kt\u00f3re doskonale dope\u0142ni\u0105 nasze zabawki.87.10BRUDER0.2130.0000000.0000000.0000004001702424480U42448<\/p>\n<h2>Bruder Rami\u0119 \u0141opaty Do Liebherr L574 Bruder<\/h2>\n<p>lol surprise kolorowanki, prezent na urodziny dla nastolatki, psi patrol do druku, sentencje ma\u0142y ksi\u0105\u017ce cytaty, jesienne piosenki dla dzieci, alan imie, walentynka dla syna, pi\u0119kne cytaty o nauczycielach, zosia samosia, zabawki na roczek dla ch\u0142opca, test lew czarownica i stara szafa, bal halloween dla dzieci 2021<\/p>\n<p>yyyyy<\/p>\n<p>&nbsp;<\/p>\n","protected":false},"excerpt":{"rendered":"<p>344Jednostka &#8211; paczkaSkala &#8211; 1:16Marka &#8211; LiebherrPasuje do &#8211; 02430 \u0142adowarka czo\u0142owa LiebherrWysoka precyzja wykonania, niezwyk\u0142a szczeg\u00f3\u0142owo\u015b\u0107 i nieprzeci\u0119tna trwa\u0142o\u015b\u0107 to znak rozpoznawczy zabawek niemieckiej marki Bruder.Prezentowana przez nas zabawka to produkt orginalny i trwa\u0142y, wykonany z wielk\u0105 starano\u015bci\u0105 i precyzj\u0105.Nasz\u0105 g\u0142\u00f3wn\u0105 zalet\u0105 jest to \u017ce nasze zabawki swoim wygl\u0105dem oraz posiadanymi funkcjami przypominaj\u0105 mniejsze [&hellip;]<\/p>\n","protected":false},"featured_media":7941,"comment_status":"closed","ping_status":"open","template":"","meta":[],"product_cat":[1677,1076],"product_tag":[658,638,653,741,791,633],"class_list":["post-7940","product","type-product","status-publish","has-post-thumbnail","hentry","product_cat-akcesoria-i-czesci-rolnicze","product_cat-bruder","product_tag-alan-znaczenie-imienia","product_tag-miastodzieci","product_tag-warszawa-dla-dzieci","product_tag-wlochy","product_tag-zagadki-na-myslenie","product_tag-zagadki-z-odpowiedziami"],"_links":{"self":[{"href":"http:\/\/klubmamgdynia.pl\/index.php\/wp-json\/wp\/v2\/product\/7940","targetHints":{"allow":["GET"]}}],"collection":[{"href":"http:\/\/klubmamgdynia.pl\/index.php\/wp-json\/wp\/v2\/product"}],"about":[{"href":"http:\/\/klubmamgdynia.pl\/index.php\/wp-json\/wp\/v2\/types\/product"}],"replies":[{"embeddable":true,"href":"http:\/\/klubmamgdynia.pl\/index.php\/wp-json\/wp\/v2\/comments?post=7940"}],"wp:featuredmedia":[{"embeddable":true,"href":"http:\/\/klubmamgdynia.pl\/index.php\/wp-json\/wp\/v2\/media\/7941"}],"wp:attachment":[{"href":"http:\/\/klubmamgdynia.pl\/index.php\/wp-json\/wp\/v2\/media?parent=7940"}],"wp:term":[{"taxonomy":"product_cat","embeddable":true,"href":"http:\/\/klubmamgdynia.pl\/index.php\/wp-json\/wp\/v2\/product_cat?post=7940"},{"taxonomy":"product_tag","embeddable":true,"href":"http:\/\/klubmamgdynia.pl\/index.php\/wp-json\/wp\/v2\/product_tag?post=7940"}],"curies":[{"name":"wp","href":"https:\/\/api.w.org\/{rel}","templated":true}]}}