{"id":7946,"date":"2018-06-08T02:56:52","date_gmt":"2018-06-08T00:56:52","guid":{"rendered":"http:\/\/klubmamgdynia.pl\/index.php\/produkt\/artyk-klocki-konstrukcyjne-geometryczne-zestaw-240szt\/"},"modified":"2026-04-04T06:48:43","modified_gmt":"2026-04-04T04:48:43","slug":"artyk-klocki-konstrukcyjne-geometryczne-zestaw-240szt","status":"publish","type":"product","link":"http:\/\/klubmamgdynia.pl\/index.php\/produkt\/artyk-klocki-konstrukcyjne-geometryczne-zestaw-240szt\/","title":{"rendered":"Artyk Klocki Konstrukcyjne Geometryczne Zestaw 240Szt"},"content":{"rendered":"<p>Klocki Konstrukcyjne Geometryczne Zestaw Ksi\u0105\u017cka<\/p>\n<h2>Artyk Klocki Konstrukcyjne Geometryczne Zestaw 240Szt Artyk<\/h2>\n<p>kolorowanki do druku pieski, zagatki, nietypowe imiona, kolorowanka antystresowa, testy z lektury opowie\u015bci z narni lew czarownica i stara szafa, kolorowanka piesek do druku, nauczyciel cytaty, gdzie strumyk p\u0142ynie z wolna tekst, przysz\u0142a zima bia\u0142a, kolorowanka robot, \u015bmieszne zagadki z odpowiedziami, prezenty dla nastolatk\u00f3w, trudne zagadki dla dzieci, kolorowanki pieski, \u017c\u0105rty na prima aprilis, smerfy kolorowanka, prezenty dla m\u0142odzie\u017cy, imi\u0119 mira, ewelina, quiz dzieci z bullerbyn, parasol szablon do wydruku<\/p>\n<p>yyyyy<\/p>\n<p>&nbsp;<\/p>\n","protected":false},"excerpt":{"rendered":"<p>Klocki Konstrukcyjne Geometryczne Zestaw Ksi\u0105\u017cka Artyk Klocki Konstrukcyjne Geometryczne Zestaw 240Szt Artyk kolorowanki do druku pieski, zagatki, nietypowe imiona, kolorowanka antystresowa, testy z lektury opowie\u015bci z narni lew czarownica i stara szafa, kolorowanka piesek do druku, nauczyciel cytaty, gdzie strumyk p\u0142ynie z wolna tekst, przysz\u0142a zima bia\u0142a, kolorowanka robot, \u015bmieszne zagadki z odpowiedziami, prezenty dla [&hellip;]<\/p>\n","protected":false},"featured_media":7947,"comment_status":"closed","ping_status":"open","template":"","meta":[],"product_cat":[336,113],"product_tag":[845,591,737,675,736],"class_list":["post-7946","product","type-product","status-publish","has-post-thumbnail","hentry","product_cat-artyk","product_cat-klocki","product_tag-ach-spij-kochanie-tekst","product_tag-quiz-o-minecraft","product_tag-test-z-lektury-felix-net-i-nika-oraz-gang-niewidzialnych-ludzi","product_tag-test-z-lektury-kajko-i-kokosz-szkola-latania","product_tag-zabawki-na-roczek"],"_links":{"self":[{"href":"http:\/\/klubmamgdynia.pl\/index.php\/wp-json\/wp\/v2\/product\/7946","targetHints":{"allow":["GET"]}}],"collection":[{"href":"http:\/\/klubmamgdynia.pl\/index.php\/wp-json\/wp\/v2\/product"}],"about":[{"href":"http:\/\/klubmamgdynia.pl\/index.php\/wp-json\/wp\/v2\/types\/product"}],"replies":[{"embeddable":true,"href":"http:\/\/klubmamgdynia.pl\/index.php\/wp-json\/wp\/v2\/comments?post=7946"}],"wp:featuredmedia":[{"embeddable":true,"href":"http:\/\/klubmamgdynia.pl\/index.php\/wp-json\/wp\/v2\/media\/7947"}],"wp:attachment":[{"href":"http:\/\/klubmamgdynia.pl\/index.php\/wp-json\/wp\/v2\/media?parent=7946"}],"wp:term":[{"taxonomy":"product_cat","embeddable":true,"href":"http:\/\/klubmamgdynia.pl\/index.php\/wp-json\/wp\/v2\/product_cat?post=7946"},{"taxonomy":"product_tag","embeddable":true,"href":"http:\/\/klubmamgdynia.pl\/index.php\/wp-json\/wp\/v2\/product_tag?post=7946"}],"curies":[{"name":"wp","href":"https:\/\/api.w.org\/{rel}","templated":true}]}}