{"id":7948,"date":"2020-06-18T17:54:50","date_gmt":"2020-06-18T15:54:50","guid":{"rendered":"http:\/\/klubmamgdynia.pl\/index.php\/produkt\/vitammy-fino-2x-grzebien-na-wszy-i-gnidy-wszawica\/"},"modified":"2026-05-17T21:33:50","modified_gmt":"2026-05-17T19:33:50","slug":"vitammy-fino-2x-grzebien-na-wszy-i-gnidy-wszawica","status":"publish","type":"product","link":"http:\/\/klubmamgdynia.pl\/index.php\/produkt\/vitammy-fino-2x-grzebien-na-wszy-i-gnidy-wszawica\/","title":{"rendered":"Vitammy Fino 2x Grzebie\u0144 na wszy i gnidy wszawica"},"content":{"rendered":"<p>Vitammy Fino na wszy, bez receptyWszy to ma\u0142e owady \u017cyj\u0105ce we w\u0142osach i na sk\u00f3rze g\u0142owy. Gnidy to male\u0144kie jaja wszy, s\u0105 mniejsze ni\u017c 0,5 mm. Gnidy okryte bia\u0142a os\u0142onka chitynowa przytwierdzaj\u0105 si\u0119 mocno do w\u0142os\u00f3w. D\u0142ugie, g\u0119sto rozstawione z\u0119by grzebienia zosta\u0142y zaprojektowane tak, by umo\u017cliwi\u0107 oddzielenie wszy i gnid z w\u0142os\u00f3w. Okr\u0105g\u0142y przekr\u00f3j z\u0119b\u00f3w grzebienia u\u0142atwia rozczesywanie i nie niszczy w\u0142os\u00f3w.Jak si\u0119 pozby\u0107 wszy?Rozczesz w\u0142osy zwyk\u0142\u0105 szczotka\/ grzebieniem, by u\u0142atwi\u0107 rozczesywanie tym g\u0119stym grzebieniem. Wlosy powinne by\u0107 suche. Starannie przeczesuj w\u0142osy, pasmo po pa\u015bmie, uwa\u017cnie obserwuj\u0105c wszystkie miejsca gdzie mog\u0105 ukrywa\u0107 si\u0119 wszy i gnidy. Wbudowane szk\u0142o powi\u0119kszaj\u0105ce pozwala pozby\u0107 si\u0119 nawet najmniejszych wszy i sprawdzi\u0107 dok\u0142adnie wszystkie miejsca. Powtarzaj zabieg kilkakrotnie je\u015bli to konieczne, zw\u0142aszcza w okresie infekcji lub jako \u015brodek zapobiegawczy.Vitammy Fino naturalna metoda na wszyNaturalna, mechaniczna i ca\u0142kowicie ekologiczna metoda- doskona\u0142a dla alergik\u00f3w i dzieci.Bardziej efektywne ni\u017c inne sposoby walki z wszami, kt\u00f3re rzadko osi\u0105gaj\u0105 100 % skuteczno\u015bci.Specjalnie opracowane do wszystkich rodzaj\u00f3w fryzur i w\u0142os\u00f3w, do wyczesywania wszy i gnid.Podw\u00f3jnie gwintowane, d\u0142ugie z\u0119by pozwalaj\u0105 szybko i skutecznie \u015bci\u0105ga\u0107 gnidy.G\u0119ste z\u0119by nie przepuszcz\u0105 \u017cadnej wszy.Odwrotne dzia\u0142anie jest r\u00f3wnie\u017c mo\u017cliwe, wszystko zale\u017cy od potrzeb u\u017cytkownika.SKU: KON0006892Kod EAN: 5901793640075Marka: VITAMMYStawka podatku: VAT 23%<\/p>\n<h2>Vitammy Fino 2x Grzebie\u0144 na wszy i gnidy wszawica Vitammy<\/h2>\n<p>trudne zagadki dla doros\u0142ych, audiobooki dla dzieci za darmo, zagadki trudne, psi patrol zadania do druku, prezent dla nastolatk\u00f3w 2021, malowanki do druku, filmy rodzinne na halloween, kolorowanki miasto, kreatywne zabawy dla 10 latka, imi\u0119 kostek, cytat z kubusia puchatka o mi\u0142o\u015bci, literki do pisania do druku<\/p>\n<p>yyyyy<\/p>\n<p>&nbsp;<\/p>\n","protected":false},"excerpt":{"rendered":"<p>Vitammy Fino na wszy, bez receptyWszy to ma\u0142e owady \u017cyj\u0105ce we w\u0142osach i na sk\u00f3rze g\u0142owy. Gnidy to male\u0144kie jaja wszy, s\u0105 mniejsze ni\u017c 0,5 mm. Gnidy okryte bia\u0142a os\u0142onka chitynowa przytwierdzaj\u0105 si\u0119 mocno do w\u0142os\u00f3w. D\u0142ugie, g\u0119sto rozstawione z\u0119by grzebienia zosta\u0142y zaprojektowane tak, by umo\u017cliwi\u0107 oddzielenie wszy i gnid z w\u0142os\u00f3w. Okr\u0105g\u0142y przekr\u00f3j z\u0119b\u00f3w [&hellip;]<\/p>\n","protected":false},"featured_media":7949,"comment_status":"closed","ping_status":"open","template":"","meta":[],"product_cat":[1616,1655],"product_tag":[844,706,718,586,600],"class_list":["post-7948","product","type-product","status-publish","has-post-thumbnail","hentry","product_cat-pozostale-artykuly-medyczne-i-rehabilitacyjne","product_cat-vitammy","product_tag-co-kupic-na-roczek","product_tag-imie-kuba","product_tag-prezent-na-roczek-dla-chrzesniaka","product_tag-smieszne-zagadki","product_tag-zaproszenia-na-urodziny-do-druku"],"_links":{"self":[{"href":"http:\/\/klubmamgdynia.pl\/index.php\/wp-json\/wp\/v2\/product\/7948","targetHints":{"allow":["GET"]}}],"collection":[{"href":"http:\/\/klubmamgdynia.pl\/index.php\/wp-json\/wp\/v2\/product"}],"about":[{"href":"http:\/\/klubmamgdynia.pl\/index.php\/wp-json\/wp\/v2\/types\/product"}],"replies":[{"embeddable":true,"href":"http:\/\/klubmamgdynia.pl\/index.php\/wp-json\/wp\/v2\/comments?post=7948"}],"wp:featuredmedia":[{"embeddable":true,"href":"http:\/\/klubmamgdynia.pl\/index.php\/wp-json\/wp\/v2\/media\/7949"}],"wp:attachment":[{"href":"http:\/\/klubmamgdynia.pl\/index.php\/wp-json\/wp\/v2\/media?parent=7948"}],"wp:term":[{"taxonomy":"product_cat","embeddable":true,"href":"http:\/\/klubmamgdynia.pl\/index.php\/wp-json\/wp\/v2\/product_cat?post=7948"},{"taxonomy":"product_tag","embeddable":true,"href":"http:\/\/klubmamgdynia.pl\/index.php\/wp-json\/wp\/v2\/product_tag?post=7948"}],"curies":[{"name":"wp","href":"https:\/\/api.w.org\/{rel}","templated":true}]}}