{"id":7950,"date":"2020-07-13T03:11:17","date_gmt":"2020-07-13T01:11:17","guid":{"rendered":"http:\/\/klubmamgdynia.pl\/index.php\/produkt\/llorens-lalka-bobas-bebita-26-cm\/"},"modified":"2026-04-06T02:46:33","modified_gmt":"2026-04-06T00:46:33","slug":"llorens-lalka-bobas-bebita-26-cm","status":"publish","type":"product","link":"http:\/\/klubmamgdynia.pl\/index.php\/produkt\/llorens-lalka-bobas-bebita-26-cm\/","title":{"rendered":"Llorens Lalka bobas Bebita 26 cm"},"content":{"rendered":"<p>W naszej manufakturze wierzymy, \u017ce zabawa jest najlepsz\u0105 nauk\u0105. Dlatego te\u017c z wielk\u0105 mi\u0142o\u015bci\u0105 tworzymy kultowe lalki Llorens, w 100% r\u0119cznie wykonane, o niepowtarzalnych wzorach. Stosowane przez nas tkaniny pochodz\u0105 od renomowanych marek odzie\u017cy dzieci\u0119cej. Wszystkie lalki Llorens s\u0105 zgodne z europejskimi przepisami dotycz\u0105cymi bezpiecze\u0144stwa dzieci, co gwarantuje, \u017ce Twoje dzieci b\u0119d\u0105 si\u0119 bawi\u0107 w mo\u017cliwie najbezpieczniejszy spos\u00f3b. Lalka Bebita mierzy 26 cm i jest wykonana z mi\u0119kkiego w dotyku winylu, dzi\u0119ki czemu mo\u017cemy j\u0105 zanurza\u0107 w wodzie do poziomu szyi. Lalka ma zaznaczon\u0105 p\u0142e\u0107 \u017ce\u0144sk\u0105. Bebita ma \u015bliczn\u0105, delikatn\u0105 buzi\u0119 i niebieskie ocz\u0119ta. Lalka jest ubrana w a\u017curowy pajacyk i czapeczk\u0119. Do zestawu do\u0142\u0105czony jest kocyk z r\u00f3\u017cow\u0105 kokardk\u0105. Lalka zosta\u0142a zapakowana w ozdobny karton, wi\u0119c bez zb\u0119dnych dodatkowych opakowa\u0144, mo\u017ce by\u0107 wr\u0119czona jako prezent. Kochamy hiszpa\u0144skie lalki Llorens!Informacje o produkcieNr katalogowy26310Marka InneWymagania wiekowe od 3 latP\u0142e\u0107 DziewczynkiProdukt na baterie NieBaterie w zestawie NieZasilanie Nie dotyczyWysoko\u015b\u0107 26 cmPozosta\u0142e parametryWymiary opakowania: 10.60 x 33.50 x 18 cm<\/p>\n<h2>Llorens Lalka bobas Bebita 26 cm Llorens<\/h2>\n<p>w uk\u0142adzie s\u0142onecznym tekst, nauka pisania wyraz\u00f3w dla dzieci do druku pdf, twarz wiosny do druku, cytaty rodzina, marianna imi\u0119, wierszyki na \u015bmigusa dyngusa, kolysanki tekst, kornelia, miasto dzieci krak\u00f3w, jesienne zagadki, szlaczki do druku<\/p>\n<p>yyyyy<\/p>\n<p>&nbsp;<\/p>\n","protected":false},"excerpt":{"rendered":"<p>W naszej manufakturze wierzymy, \u017ce zabawa jest najlepsz\u0105 nauk\u0105. Dlatego te\u017c z wielk\u0105 mi\u0142o\u015bci\u0105 tworzymy kultowe lalki Llorens, w 100% r\u0119cznie wykonane, o niepowtarzalnych wzorach. Stosowane przez nas tkaniny pochodz\u0105 od renomowanych marek odzie\u017cy dzieci\u0119cej. Wszystkie lalki Llorens s\u0105 zgodne z europejskimi przepisami dotycz\u0105cymi bezpiecze\u0144stwa dzieci, co gwarantuje, \u017ce Twoje dzieci b\u0119d\u0105 si\u0119 bawi\u0107 w [&hellip;]<\/p>\n","protected":false},"featured_media":7951,"comment_status":"closed","ping_status":"open","template":"","meta":[],"product_cat":[65,1166],"product_tag":[680,596,703,835,708],"class_list":["post-7950","product","type-product","status-publish","has-post-thumbnail","hentry","product_cat-lalki","product_cat-llorens","product_tag-cytaty-z-malego-ksiecia","product_tag-pomysly-na-prima-aprilis","product_tag-prezent-dla-nastolatki","product_tag-radosc-dziecka-cytaty","product_tag-zabawy-ruchowe-dla-dzieci"],"_links":{"self":[{"href":"http:\/\/klubmamgdynia.pl\/index.php\/wp-json\/wp\/v2\/product\/7950","targetHints":{"allow":["GET"]}}],"collection":[{"href":"http:\/\/klubmamgdynia.pl\/index.php\/wp-json\/wp\/v2\/product"}],"about":[{"href":"http:\/\/klubmamgdynia.pl\/index.php\/wp-json\/wp\/v2\/types\/product"}],"replies":[{"embeddable":true,"href":"http:\/\/klubmamgdynia.pl\/index.php\/wp-json\/wp\/v2\/comments?post=7950"}],"wp:featuredmedia":[{"embeddable":true,"href":"http:\/\/klubmamgdynia.pl\/index.php\/wp-json\/wp\/v2\/media\/7951"}],"wp:attachment":[{"href":"http:\/\/klubmamgdynia.pl\/index.php\/wp-json\/wp\/v2\/media?parent=7950"}],"wp:term":[{"taxonomy":"product_cat","embeddable":true,"href":"http:\/\/klubmamgdynia.pl\/index.php\/wp-json\/wp\/v2\/product_cat?post=7950"},{"taxonomy":"product_tag","embeddable":true,"href":"http:\/\/klubmamgdynia.pl\/index.php\/wp-json\/wp\/v2\/product_tag?post=7950"}],"curies":[{"name":"wp","href":"https:\/\/api.w.org\/{rel}","templated":true}]}}