{"id":7952,"date":"2024-12-07T11:20:43","date_gmt":"2024-12-07T10:20:43","guid":{"rendered":"http:\/\/klubmamgdynia.pl\/?post_type=product&#038;p=7952"},"modified":"2026-04-29T22:51:06","modified_gmt":"2026-04-29T20:51:06","slug":"gerber-pelnia-zboz-kaszka-5-zboz-z-lipa-dla-niemowlat-po-6-miesiacu-200g","status":"publish","type":"product","link":"http:\/\/klubmamgdynia.pl\/index.php\/produkt\/gerber-pelnia-zboz-kaszka-5-zboz-z-lipa-dla-niemowlat-po-6-miesiacu-200g\/","title":{"rendered":"Gerber Pe\u0142nia Zb\u00f3\u017c Kaszka 5 Zb\u00f3\u017c Z Lip\u0105 dla niemowl\u0105t po 6 miesi\u0105cu 200g"},"content":{"rendered":"<p>Kaszka Gerber Pe\u0142nia Zb\u00f3\u017c 5 zb\u00f3\u017c z lip\u0105Je\u015bli maluszek sko\u0144czy\u0142 6 miesi\u0119cy i pozna\u0142 smak pierwszych zb\u00f3\u017c, jest ju\u017c gotowy na spotkanie z nasz\u0105 kaszk\u0105 5 zb\u00f3\u017c z lip\u0105. Jest ona skarbnic\u0105 sk\u0142adnik\u00f3w od\u017cywczych potrzebnych maluszkowi, by ka\u017cdego dnia rado\u015bnie odkrywa\u0107 \u015bwiat                            <\/p>\n<p>ODKRYJ ZALETY PRODUKTUKaszki Gerber Pe\u0142nia Zb\u00f3\u017c zawieraj\u0105 nie tylko to, co niezb\u0119dne, ale znacznie wi\u0119cej! Zosta\u0142y stworzone specjalnie dla niemowl\u0105t i ma\u0142ych dzieci, z my\u015bl\u0105 o ich zdrowiu. Nie znajdziecie w nich dodatku cukru\u00b9, ale dla dobra najm\u0142odszych zawieraj\u0105 wa\u017cne witaminy i sk\u0142adniki mineralne. Wzbogacili\u015bmy je m.in. w \u017celazo wa\u017cne dla rozwoju poznawczego. Zawarte w kaszce zbo\u017ca dostarczaj\u0105 do diety dziecka w\u0119glowodan\u00f3w, a witamina B1*** pomaga uwalnia\u0107 z nich energi\u0119 niezb\u0119dn\u0105 do poznawania \u015bwiata.                            <\/p>\n<p>\u00b9Zawiera naturalnie wyst\u0119puj\u0105ce cukry.***Zawarto\u015b\u0107 zgodnie z przepisami prawa.Tabela Warto\u015bci od\u017cywczych i sk\u0142adniki produktu\u00a0                            <\/p>\n<p>Sk\u0142adnikiM\u0105ki zbo\u017cowe 95,1% [pszenna 65,2% (w tym hydrolizowana), owsiana pe\u0142noziarnista 10,4%, orkiszowa 9,7%, j\u0119czmienna 4,9%, \u017cytnia 4,9%], oleje ro\u015blinne (rzepakowy, s\u0142onecznikowy), fruktooligosacharydy, inulina, ekstrakt z kwiatu lipy w proszku 0,4%, sk\u0142adniki mineralne [w\u0119glan wapnia, fumaran \u017celaza (II), siarczan cynku, jodek potasu], witaminy (C, E, niacyna, B1, A, B6, kwas foliowy, D), aromat, kultury bakterii Bifidobacterium lactis.Alergeny                            <\/p>\n<p>Mo\u017ce zawiera\u0107 mleko.                            <\/p>\n<p>GramaturaZawarto\u015b\u0107 netto 180 g                            <\/p>\n<p>Segreguj\u0105c odpady, dbasz o lepsz\u0105 przysz\u0142o\u015b\u0107 Twojego dziecka.Kartonik wyrzu\u0107 do kosza oznaczonego kolorem niebieskim, natomiast torebk\u0119 do kosza oznaczonego kolorem \u017c\u00f3\u0142tym.                            <\/p>\n<p>Spos\u00f3b przygotowania\u00a0Zanim przyst\u0105pisz do przyrz\u0105dzania posi\u0142ku, umyj dok\u0142adnie r\u0119ce i upewnij si\u0119, czy naczynia, kt\u00f3rych b\u0119dziesz u\u017cywa\u0107, s\u0105 czyste.                            <\/p>\n<p>Przygotuj odpowiedni\u0105 ilo\u015b\u0107 (160 ml) mleka modyfikowanego zgodnie z przepisem na opakowaniu.                            <\/p>\n<p>Dodaj 25 g (2-3 \u0142y\u017cki sto\u0142owe) kaszki. U\u017cywaj czystej i suchej \u0142y\u017cki.                            <\/p>\n<p>Mieszaj do uzyskania jednolitej konsystencji.                            <\/p>\n<p>Nakarm dziecko, u\u017cywaj\u0105c czystej \u0142y\u017ceczki.                            <\/p>\n<p>Przestrzegaj instrukcji w\u0142a\u015bciwego przygotowania.Opakowanie zawiera oko\u0142o 10 porcji.Zachowaj zasady bezpiecze\u0144stwa                            <\/p>\n<p>Nie przechowuj resztek posi\u0142ku. Nieprawid\u0142owe przygotowanie i przechowywanie mo\u017ce zaszkodzi\u0107 Twojemu dziecku.                            <\/p>\n<p>Po ka\u017cdym u\u017cyciu zamknij szczelnie torebk\u0119 i przechowuj w suchym i ch\u0142odnym miejscu.                            <\/p>\n<p>Po otwarciu zawarto\u015b\u0107 torebki zu\u017cyj w ci\u0105gu 3 tygodni.                            <\/p>\n<p>Pakowano w atmosferze ochronnej. Najlepiej spo\u017cy\u0107 przed ko\u0144cem: patrz data na spodzie opakowania.                            <\/p>\n<p>\u00ae W\u0142a\u015bcicielem znaku towarowego jest Soci\u00e9t\u00e9 des Produits Nestl\u00e9, S.A.Nestl\u00e9 Polska S.A.ul. Domaniewska 3202-672 Warszawa<\/p>\n<h2>Gerber Pe\u0142nia Zb\u00f3\u017c Kaszka 5 Zb\u00f3\u017c Z Lip\u0105 dla niemowl\u0105t po 6 miesi\u0105cu 200g Gerber<\/h2>\n<p>zaproszenia urodzinowe do druku, zagadki dla przedszkolak\u00f3w, zagadki o psach, rysowanie po \u015bladzie pdf, najlepsze zagadki, julian znaczenie imienia<\/p>\n<p>yyyyy<\/p>\n<p>&nbsp;<\/p>\n","protected":false},"excerpt":{"rendered":"<p>Kaszka Gerber Pe\u0142nia Zb\u00f3\u017c 5 zb\u00f3\u017c z lip\u0105Je\u015bli maluszek sko\u0144czy\u0142 6 miesi\u0119cy i pozna\u0142 smak pierwszych zb\u00f3\u017c, jest ju\u017c gotowy na spotkanie z nasz\u0105 kaszk\u0105 5 zb\u00f3\u017c z lip\u0105. Jest ona skarbnic\u0105 sk\u0142adnik\u00f3w od\u017cywczych potrzebnych maluszkowi, by ka\u017cdego dnia rado\u015bnie odkrywa\u0107 \u015bwiat ODKRYJ ZALETY PRODUKTUKaszki Gerber Pe\u0142nia Zb\u00f3\u017c zawieraj\u0105 nie tylko to, co niezb\u0119dne, ale [&hellip;]<\/p>\n","protected":false},"featured_media":7953,"comment_status":"closed","ping_status":"open","template":"","meta":[],"product_cat":[1679,107],"product_tag":[702,818,815,643],"class_list":["post-7952","product","type-product","status-publish","has-post-thumbnail","hentry","product_cat-gerber","product_cat-kaszki-dla-dzieci","product_tag-co-kupic-na-roczek-dla-dziewczynki","product_tag-oliwier","product_tag-ozdoby-choinkowe-dla-dzieci","product_tag-prezent-dla-17-latki"],"_links":{"self":[{"href":"http:\/\/klubmamgdynia.pl\/index.php\/wp-json\/wp\/v2\/product\/7952","targetHints":{"allow":["GET"]}}],"collection":[{"href":"http:\/\/klubmamgdynia.pl\/index.php\/wp-json\/wp\/v2\/product"}],"about":[{"href":"http:\/\/klubmamgdynia.pl\/index.php\/wp-json\/wp\/v2\/types\/product"}],"replies":[{"embeddable":true,"href":"http:\/\/klubmamgdynia.pl\/index.php\/wp-json\/wp\/v2\/comments?post=7952"}],"wp:featuredmedia":[{"embeddable":true,"href":"http:\/\/klubmamgdynia.pl\/index.php\/wp-json\/wp\/v2\/media\/7953"}],"wp:attachment":[{"href":"http:\/\/klubmamgdynia.pl\/index.php\/wp-json\/wp\/v2\/media?parent=7952"}],"wp:term":[{"taxonomy":"product_cat","embeddable":true,"href":"http:\/\/klubmamgdynia.pl\/index.php\/wp-json\/wp\/v2\/product_cat?post=7952"},{"taxonomy":"product_tag","embeddable":true,"href":"http:\/\/klubmamgdynia.pl\/index.php\/wp-json\/wp\/v2\/product_tag?post=7952"}],"curies":[{"name":"wp","href":"https:\/\/api.w.org\/{rel}","templated":true}]}}