{"id":7954,"date":"2021-12-04T21:23:13","date_gmt":"2021-12-04T20:23:13","guid":{"rendered":"http:\/\/klubmamgdynia.pl\/index.php\/produkt\/oral-b-precision-clean-koncowki-do-szczoteczki-elektrycznej-2szt\/"},"modified":"2026-05-01T01:55:51","modified_gmt":"2026-04-30T23:55:51","slug":"oral-b-precision-clean-koncowki-do-szczoteczki-elektrycznej-2szt","status":"publish","type":"product","link":"http:\/\/klubmamgdynia.pl\/index.php\/produkt\/oral-b-precision-clean-koncowki-do-szczoteczki-elektrycznej-2szt\/","title":{"rendered":"Oral-B Precision Clean Ko\u0144c\u00f3wki Do Szczoteczki Elektrycznej 2Szt"},"content":{"rendered":"<p>&#8222;Ulepszone ko\u0144c\u00f3wki do szczoteczek Precision Clean marki Oral-B zosta\u0142y stworzone z zastosowaniem technologii CleanMaximiser, kt\u00f3ra zmienia kolor w\u0142\u00f3kien z zielonego na \u017c\u00f3\u0142ty, zapewniaj\u0105c optymaln\u0105 wydajno\u015b\u0107 ko\u0144c\u00f3wki i doskona\u0142e efekty szczotkowania. Wyj\u0105tkowe w\u0142\u00f3kna usuwaj\u0105 p\u0142ytk\u0119 bakteryjn\u0105, otaczaj\u0105c ka\u017cdy z\u0105b i zapewniaj\u0105c doskona\u0142e czyszczenie w por\u00f3wnaniu ze zwyk\u0142\u0105 szczoteczk\u0105 manualn\u0105. Kompatybilne ze wszystkimi r\u0105czkami szczoteczek Oral-B, z wyj\u0105tkiem Pulsonic oraz iO.<\/p>\n<h2>Oral-B Precision Clean Ko\u0144c\u00f3wki Do Szczoteczki Elektrycznej 2Szt Oral-B<\/h2>\n<p>kolorowanki do druku konie, Keyword, okolice wroc\u0142awia, quiz stolice europy, zagadki \u015bmieszne, szkic jak narysowa\u0107 kota, pytania o \u015bwi\u0119ta dla dzieci, zagadki na inteligencj\u0119 z odpowiedziami, co kupi\u0107 dziewczynce na roczek, kolorowanka wakacje, zagadki i odpowiedzi, cytaty o wychowaniu i nauczaniu, prezenty dla nastolatk\u00f3w 2021, kiedy dzieci chodza na halloween, cookie dough przepis, nietypowe imiona damskie, podchwytliwe zagadki na inteligencj\u0119, test miko\u0142ajek 25 pyta\u0144, \u015bwinka peppa dom, znaki drogowe do druku<\/p>\n<p>yyyyy<\/p>\n<p>&nbsp;<\/p>\n","protected":false},"excerpt":{"rendered":"<p>&#8222;Ulepszone ko\u0144c\u00f3wki do szczoteczek Precision Clean marki Oral-B zosta\u0142y stworzone z zastosowaniem technologii CleanMaximiser, kt\u00f3ra zmienia kolor w\u0142\u00f3kien z zielonego na \u017c\u00f3\u0142ty, zapewniaj\u0105c optymaln\u0105 wydajno\u015b\u0107 ko\u0144c\u00f3wki i doskona\u0142e efekty szczotkowania. Wyj\u0105tkowe w\u0142\u00f3kna usuwaj\u0105 p\u0142ytk\u0119 bakteryjn\u0105, otaczaj\u0105c ka\u017cdy z\u0105b i zapewniaj\u0105c doskona\u0142e czyszczenie w por\u00f3wnaniu ze zwyk\u0142\u0105 szczoteczk\u0105 manualn\u0105. Kompatybilne ze wszystkimi r\u0105czkami szczoteczek Oral-B, z [&hellip;]<\/p>\n","protected":false},"featured_media":7955,"comment_status":"closed","ping_status":"open","template":"","meta":[],"product_cat":[1646,1660],"product_tag":[829,614,826,732,587,849],"class_list":["post-7954","product","type-product","status-publish","has-post-thumbnail","hentry","product_cat-koncowki-do-szczoteczek-elektrycznych","product_cat-oral-b","product_tag-bajki-do-czytania-na-dobranoc","product_tag-pia","product_tag-prezent-dla-15-latka","product_tag-prezent-dla-rocznego-chlopca","product_tag-skalne-miasto","product_tag-zagadki-matematyczne-dla-dzieci"],"_links":{"self":[{"href":"http:\/\/klubmamgdynia.pl\/index.php\/wp-json\/wp\/v2\/product\/7954","targetHints":{"allow":["GET"]}}],"collection":[{"href":"http:\/\/klubmamgdynia.pl\/index.php\/wp-json\/wp\/v2\/product"}],"about":[{"href":"http:\/\/klubmamgdynia.pl\/index.php\/wp-json\/wp\/v2\/types\/product"}],"replies":[{"embeddable":true,"href":"http:\/\/klubmamgdynia.pl\/index.php\/wp-json\/wp\/v2\/comments?post=7954"}],"wp:featuredmedia":[{"embeddable":true,"href":"http:\/\/klubmamgdynia.pl\/index.php\/wp-json\/wp\/v2\/media\/7955"}],"wp:attachment":[{"href":"http:\/\/klubmamgdynia.pl\/index.php\/wp-json\/wp\/v2\/media?parent=7954"}],"wp:term":[{"taxonomy":"product_cat","embeddable":true,"href":"http:\/\/klubmamgdynia.pl\/index.php\/wp-json\/wp\/v2\/product_cat?post=7954"},{"taxonomy":"product_tag","embeddable":true,"href":"http:\/\/klubmamgdynia.pl\/index.php\/wp-json\/wp\/v2\/product_tag?post=7954"}],"curies":[{"name":"wp","href":"https:\/\/api.w.org\/{rel}","templated":true}]}}