{"id":7956,"date":"2021-09-27T14:20:17","date_gmt":"2021-09-27T12:20:17","guid":{"rendered":"http:\/\/klubmamgdynia.pl\/index.php\/produkt\/termometr-bezdotykowy-medyczny-3w1-1sek-colour-softtemp-reer\/"},"modified":"2026-04-20T12:00:38","modified_gmt":"2026-04-20T10:00:38","slug":"termometr-bezdotykowy-medyczny-3w1-1sek-colour-softtemp-reer","status":"publish","type":"product","link":"http:\/\/klubmamgdynia.pl\/index.php\/produkt\/termometr-bezdotykowy-medyczny-3w1-1sek-colour-softtemp-reer\/","title":{"rendered":"Termometr bezdotykowy medyczny 3w1 1sek Colour SoftTemp REER"},"content":{"rendered":"<p>Reer Termometr medyczny 3w1 bezdotykowy 1sek Colour SoftTemp<\/p>\n<h2>Termometr bezdotykowy medyczny 3w1 1sek Colour SoftTemp REER Reer Gmbh<\/h2>\n<p>iwo, zagadki logiczne dla doros\u0142ych, bajki do czytania psi patrol, alfons, najrzadsze imiona, tabliczka mno\u017cenia do druku, quiz felix net i nika oraz gang niewidzialnych ludzi, hobbit, mi\u0142osz imie, zaj\u0105czek z jajka ugotowanego, zagadki dla ma\u0142ych dzieci, test z dzieci z bullerbyn, zagadki dla 4 latka, ko\u0142ysanki dla dzieci + tekst, gabriela imie, sentencje ma\u0142y ksi\u0105\u017ce cytaty, kolorowanki lego friends, kolorowanka peppa<\/p>\n<p>yyyyy<\/p>\n<p>&nbsp;<\/p>\n","protected":false},"excerpt":{"rendered":"<p>Reer Termometr medyczny 3w1 bezdotykowy 1sek Colour SoftTemp Termometr bezdotykowy medyczny 3w1 1sek Colour SoftTemp REER Reer Gmbh iwo, zagadki logiczne dla doros\u0142ych, bajki do czytania psi patrol, alfons, najrzadsze imiona, tabliczka mno\u017cenia do druku, quiz felix net i nika oraz gang niewidzialnych ludzi, hobbit, mi\u0142osz imie, zaj\u0105czek z jajka ugotowanego, zagadki dla ma\u0142ych dzieci, [&hellip;]<\/p>\n","protected":false},"featured_media":7957,"comment_status":"closed","ping_status":"open","template":"","meta":[],"product_cat":[1680,1444],"product_tag":[609,647,812],"class_list":["post-7956","product","type-product","status-publish","has-post-thumbnail","hentry","product_cat-reer-gmbh","product_cat-termometry","product_tag-quiz-flagi-europy","product_tag-warszawa-z-dzieckiem","product_tag-zagadki-logiczne-na-inteligencje"],"_links":{"self":[{"href":"http:\/\/klubmamgdynia.pl\/index.php\/wp-json\/wp\/v2\/product\/7956","targetHints":{"allow":["GET"]}}],"collection":[{"href":"http:\/\/klubmamgdynia.pl\/index.php\/wp-json\/wp\/v2\/product"}],"about":[{"href":"http:\/\/klubmamgdynia.pl\/index.php\/wp-json\/wp\/v2\/types\/product"}],"replies":[{"embeddable":true,"href":"http:\/\/klubmamgdynia.pl\/index.php\/wp-json\/wp\/v2\/comments?post=7956"}],"wp:featuredmedia":[{"embeddable":true,"href":"http:\/\/klubmamgdynia.pl\/index.php\/wp-json\/wp\/v2\/media\/7957"}],"wp:attachment":[{"href":"http:\/\/klubmamgdynia.pl\/index.php\/wp-json\/wp\/v2\/media?parent=7956"}],"wp:term":[{"taxonomy":"product_cat","embeddable":true,"href":"http:\/\/klubmamgdynia.pl\/index.php\/wp-json\/wp\/v2\/product_cat?post=7956"},{"taxonomy":"product_tag","embeddable":true,"href":"http:\/\/klubmamgdynia.pl\/index.php\/wp-json\/wp\/v2\/product_tag?post=7956"}],"curies":[{"name":"wp","href":"https:\/\/api.w.org\/{rel}","templated":true}]}}