{"id":7958,"date":"2020-04-27T04:26:49","date_gmt":"2020-04-27T02:26:49","guid":{"rendered":"http:\/\/klubmamgdynia.pl\/index.php\/produkt\/big-slupki-ostrzegawcze-4-sztuki-kolor-bialo-pomaranczowy-800001191\/"},"modified":"2026-04-28T22:38:46","modified_gmt":"2026-04-28T20:38:46","slug":"big-slupki-ostrzegawcze-4-sztuki-kolor-bialo-pomaranczowy-800001191","status":"publish","type":"product","link":"http:\/\/klubmamgdynia.pl\/index.php\/produkt\/big-slupki-ostrzegawcze-4-sztuki-kolor-bialo-pomaranczowy-800001191\/","title":{"rendered":"Big S\u0142upki Ostrzegawcze, 4 Sztuki, Kolor Bia\u0142o-Pomara\u0144czowy 800001191"},"content":{"rendered":"<p>S\u0142upki ostrzegawcze, 4 sztuki, kolor bia\u0142o-pomara\u0144czowyNumer katalogowy: 800001191Wspania\u0142e s\u0142upki ostrzegawcze, za pomoca kt\u00f3rych mo\u017cna wyznaczy\u0107 tor jazdy je\u017adzik\u00f3w Big Bobby Car!Produkt zosta\u0142 wykonany z elastycznego materia\u0142u, dzi\u0119ki czemu s\u0142upki sa odporne na uderzenia.Produkt zosta\u0142 wykonany w Niemczech z wysokiej jako\u015bci tworzywa sztucznego.\u2022 Produkt przeznaczony jest dla dzieci w wieku od 1 roku \u017cycia\u2022 Wymiary: 17,5 x 17,5 x 26 cm<\/p>\n<h2>Big S\u0142upki Ostrzegawcze, 4 Sztuki, Kolor Bia\u0142o-Pomara\u0144czowy 800001191 Big<\/h2>\n<p>\u0142amig\u0142\u00f3wki logiczne dla dzieci, psi patrol do czytania, roczek dziewczynki, pch\u0142y na noc, przyja\u017a\u0144 cytaty, w\u0119gierska g\u00f3rka, doros\u0142ych kolorowanki dziewczyny, lol kolorowanki, \u017carty prima aprilis, halloween warszawa 2021 dzieci, motylek, bajki dla dzieci do czytania na dobranoc, spiderman kolorowanka, wiersze o wio\u015bnie jana brzechwy, oryginalny prezent dla nastolatk\u00f3w<\/p>\n<p>yyyyy<\/p>\n<p>&nbsp;<\/p>\n","protected":false},"excerpt":{"rendered":"<p>S\u0142upki ostrzegawcze, 4 sztuki, kolor bia\u0142o-pomara\u0144czowyNumer katalogowy: 800001191Wspania\u0142e s\u0142upki ostrzegawcze, za pomoca kt\u00f3rych mo\u017cna wyznaczy\u0107 tor jazdy je\u017adzik\u00f3w Big Bobby Car!Produkt zosta\u0142 wykonany z elastycznego materia\u0142u, dzi\u0119ki czemu s\u0142upki sa odporne na uderzenia.Produkt zosta\u0142 wykonany w Niemczech z wysokiej jako\u015bci tworzywa sztucznego.\u2022 Produkt przeznaczony jest dla dzieci w wieku od 1 roku \u017cycia\u2022 Wymiary: 17,5 [&hellip;]<\/p>\n","protected":false},"featured_media":7959,"comment_status":"closed","ping_status":"open","template":"","meta":[],"product_cat":[1418,400],"product_tag":[660,802,819,777,682,632],"class_list":["post-7958","product","type-product","status-publish","has-post-thumbnail","hentry","product_cat-akcesoria-do-zabawek-ogrodowych","product_cat-big","product_tag-bianka","product_tag-co-kupic-dziewczynce-na-roczek","product_tag-co-kupic-nastolatce-na-swieta","product_tag-co-na-roczek","product_tag-przyjazn-cytaty","product_tag-warszawa-atrakcje-dla-mlodziezy"],"_links":{"self":[{"href":"http:\/\/klubmamgdynia.pl\/index.php\/wp-json\/wp\/v2\/product\/7958","targetHints":{"allow":["GET"]}}],"collection":[{"href":"http:\/\/klubmamgdynia.pl\/index.php\/wp-json\/wp\/v2\/product"}],"about":[{"href":"http:\/\/klubmamgdynia.pl\/index.php\/wp-json\/wp\/v2\/types\/product"}],"replies":[{"embeddable":true,"href":"http:\/\/klubmamgdynia.pl\/index.php\/wp-json\/wp\/v2\/comments?post=7958"}],"wp:featuredmedia":[{"embeddable":true,"href":"http:\/\/klubmamgdynia.pl\/index.php\/wp-json\/wp\/v2\/media\/7959"}],"wp:attachment":[{"href":"http:\/\/klubmamgdynia.pl\/index.php\/wp-json\/wp\/v2\/media?parent=7958"}],"wp:term":[{"taxonomy":"product_cat","embeddable":true,"href":"http:\/\/klubmamgdynia.pl\/index.php\/wp-json\/wp\/v2\/product_cat?post=7958"},{"taxonomy":"product_tag","embeddable":true,"href":"http:\/\/klubmamgdynia.pl\/index.php\/wp-json\/wp\/v2\/product_tag?post=7958"}],"curies":[{"name":"wp","href":"https:\/\/api.w.org\/{rel}","templated":true}]}}