{"id":796,"date":"2023-08-28T23:24:02","date_gmt":"2023-08-28T21:24:02","guid":{"rendered":"http:\/\/klubmamgdynia.pl\/?post_type=product&#038;p=796"},"modified":"2026-05-17T22:31:19","modified_gmt":"2026-05-17T20:31:19","slug":"canpol-babies-zestaw-pierwszych-lyzeczek-do-karmienia-3szt-31-419_blu","status":"publish","type":"product","link":"http:\/\/klubmamgdynia.pl\/index.php\/produkt\/canpol-babies-zestaw-pierwszych-lyzeczek-do-karmienia-3szt-31-419_blu\/","title":{"rendered":"Canpol babies Zestaw pierwszych \u0142y\u017ceczek do karmienia 3szt. (31\/419_blu)"},"content":{"rendered":"<h2>Canpol babies Zestaw pierwszych \u0142y\u017ceczek do karmienia 3szt. (31\/419_blu) Canpol babies<\/h2>\n<p>super zings kolorowanka, nauka polskiego dla dzieci z ukrainy, koty rysunki, quiz o psie kt\u00f3ry je\u017adzi\u0142 kolej\u0105, gry i zabawy dla dzieci, \u0142amig\u0142\u00f3wki dla dzieci do wydruku, spos\u00f3b na elfa test<\/p>\n<p>yyyyy<\/p>\n<p>&nbsp;<\/p>\n","protected":false},"excerpt":{"rendered":"<p>Canpol babies Zestaw pierwszych \u0142y\u017ceczek do karmienia 3szt. (31\/419_blu) Canpol babies super zings kolorowanka, nauka polskiego dla dzieci z ukrainy, koty rysunki, quiz o psie kt\u00f3ry je\u017adzi\u0142 kolej\u0105, gry i zabawy dla dzieci, \u0142amig\u0142\u00f3wki dla dzieci do wydruku, spos\u00f3b na elfa test yyyyy &nbsp;<\/p>\n","protected":false},"featured_media":797,"comment_status":"closed","ping_status":"open","template":"","meta":[],"product_cat":[68,215],"product_tag":[837,696,858,602,757,672],"class_list":["post-796","product","type-product","status-publish","has-post-thumbnail","hentry","product_cat-canpol-babies","product_cat-naczynia-i-sztucce-dla-dzieci","product_tag-cicha-noc-po-angielsku","product_tag-film-rodzinny-o-swietach","product_tag-podchwytliwe-zagadki","product_tag-quiz-o-zwierzetach-domowych","product_tag-test-z-lektury-ania-z-zielonego-wzgorza-klasa-6-z-odpowiedziami","product_tag-trudne-zagadki-z-odpowiedziami"],"_links":{"self":[{"href":"http:\/\/klubmamgdynia.pl\/index.php\/wp-json\/wp\/v2\/product\/796","targetHints":{"allow":["GET"]}}],"collection":[{"href":"http:\/\/klubmamgdynia.pl\/index.php\/wp-json\/wp\/v2\/product"}],"about":[{"href":"http:\/\/klubmamgdynia.pl\/index.php\/wp-json\/wp\/v2\/types\/product"}],"replies":[{"embeddable":true,"href":"http:\/\/klubmamgdynia.pl\/index.php\/wp-json\/wp\/v2\/comments?post=796"}],"wp:featuredmedia":[{"embeddable":true,"href":"http:\/\/klubmamgdynia.pl\/index.php\/wp-json\/wp\/v2\/media\/797"}],"wp:attachment":[{"href":"http:\/\/klubmamgdynia.pl\/index.php\/wp-json\/wp\/v2\/media?parent=796"}],"wp:term":[{"taxonomy":"product_cat","embeddable":true,"href":"http:\/\/klubmamgdynia.pl\/index.php\/wp-json\/wp\/v2\/product_cat?post=796"},{"taxonomy":"product_tag","embeddable":true,"href":"http:\/\/klubmamgdynia.pl\/index.php\/wp-json\/wp\/v2\/product_tag?post=796"}],"curies":[{"name":"wp","href":"https:\/\/api.w.org\/{rel}","templated":true}]}}