{"id":7962,"date":"2023-11-09T02:59:18","date_gmt":"2023-11-09T01:59:18","guid":{"rendered":"http:\/\/klubmamgdynia.pl\/?post_type=product&#038;p=7962"},"modified":"2026-05-17T22:23:56","modified_gmt":"2026-05-17T20:23:56","slug":"mga-pop-pop-hair-356399","status":"publish","type":"product","link":"http:\/\/klubmamgdynia.pl\/index.php\/produkt\/mga-pop-pop-hair-356399\/","title":{"rendered":"MGA Pop Pop Hair 356399"},"content":{"rendered":"<p>L.O.L. Surprise! Pop Pop Hair                            <\/p>\n<p>No\u015b, dziel si\u0119 i stylizuj z Pop Pop Hair. Zbieraj i tw\u00f3rz mn\u00f3stwo wspania\u0142ych styl\u00f3w za pomoc\u0105 3 zwierzak\u00f3w w 1 &#8211; otw\u00f3rz zwierzaka Pop Brush, aby ods\u0142oni\u0107 w \u015brodku niespodziank\u0119. Spryskaj wod\u0105 i obserwuj, jak magiczne zaskoczenie otwiera si\u0119 dla zwierzaka z wa\u0142kiem do w\u0142os\u00f3w, a nast\u0119pnie rozwijaj si\u0119, aby odkry\u0107 w \u015brodku uroczego zwierzaka do w\u0142os\u00f3w. Szczotkuj, warkocz i k\u0119dzierzawe w\u0142osy zwierzaka i no\u015b je jako dodatek do w\u0142asnych w\u0142os\u00f3w, aby uzyska\u0107 efektowny wygl\u0105d! Ka\u017cde mini zwierz\u0105tko to tak\u017ce o\u0142\u00f3wek. Znajd\u017a r\u00f3\u017cne zwierz\u0119ta za ka\u017cdym razem w ka\u017cdej szczotce, ponad 25 do zebrania.<\/p>\n<h2>MGA Pop Pop Hair 356399 MGA<\/h2>\n<p>trudne \u0142amig\u0142\u00f3wki, kolorowanki zwierz\u0119ta, kontynenty dla dzieci do druku, spiderman kolorowanka, ozdoby choinkowe dla dzieci, fabian, alina, platformy edukacyjne dla dzieci, co kupi\u0107 ch\u0142opcu na roczek, imi\u0119 mira, kornelia, basen dla dzieci warszawa, krok jak narysowa\u0107 konia, podchwytliwe zagadki, pytania logiczne, sentencje ma\u0142y ksi\u0105\u017ce cytaty<\/p>\n<p>yyyyy<\/p>\n<p>&nbsp;<\/p>\n","protected":false},"excerpt":{"rendered":"<p>L.O.L. Surprise! Pop Pop Hair No\u015b, dziel si\u0119 i stylizuj z Pop Pop Hair. Zbieraj i tw\u00f3rz mn\u00f3stwo wspania\u0142ych styl\u00f3w za pomoc\u0105 3 zwierzak\u00f3w w 1 &#8211; otw\u00f3rz zwierzaka Pop Brush, aby ods\u0142oni\u0107 w \u015brodku niespodziank\u0119. Spryskaj wod\u0105 i obserwuj, jak magiczne zaskoczenie otwiera si\u0119 dla zwierzaka z wa\u0142kiem do w\u0142os\u00f3w, a nast\u0119pnie rozwijaj si\u0119, [&hellip;]<\/p>\n","protected":false},"featured_media":7963,"comment_status":"closed","ping_status":"open","template":"","meta":[],"product_cat":[95,301],"product_tag":[728,612,638,726,581],"class_list":["post-7962","product","type-product","status-publish","has-post-thumbnail","hentry","product_cat-figurki-makiety-i-zestawy","product_cat-mga","product_tag-bezwarunkowa-milosc-do-dziecka-cytaty","product_tag-kolorowanki-do-druku","product_tag-miastodzieci","product_tag-quiz-zemsta","product_tag-zagadki-dla-8-latka"],"_links":{"self":[{"href":"http:\/\/klubmamgdynia.pl\/index.php\/wp-json\/wp\/v2\/product\/7962","targetHints":{"allow":["GET"]}}],"collection":[{"href":"http:\/\/klubmamgdynia.pl\/index.php\/wp-json\/wp\/v2\/product"}],"about":[{"href":"http:\/\/klubmamgdynia.pl\/index.php\/wp-json\/wp\/v2\/types\/product"}],"replies":[{"embeddable":true,"href":"http:\/\/klubmamgdynia.pl\/index.php\/wp-json\/wp\/v2\/comments?post=7962"}],"wp:featuredmedia":[{"embeddable":true,"href":"http:\/\/klubmamgdynia.pl\/index.php\/wp-json\/wp\/v2\/media\/7963"}],"wp:attachment":[{"href":"http:\/\/klubmamgdynia.pl\/index.php\/wp-json\/wp\/v2\/media?parent=7962"}],"wp:term":[{"taxonomy":"product_cat","embeddable":true,"href":"http:\/\/klubmamgdynia.pl\/index.php\/wp-json\/wp\/v2\/product_cat?post=7962"},{"taxonomy":"product_tag","embeddable":true,"href":"http:\/\/klubmamgdynia.pl\/index.php\/wp-json\/wp\/v2\/product_tag?post=7962"}],"curies":[{"name":"wp","href":"https:\/\/api.w.org\/{rel}","templated":true}]}}