{"id":7964,"date":"2024-02-19T09:34:49","date_gmt":"2024-02-19T08:34:49","guid":{"rendered":"http:\/\/klubmamgdynia.pl\/?post_type=product&#038;p=7964"},"modified":"2026-04-03T19:07:05","modified_gmt":"2026-04-03T17:07:05","slug":"bruder-ciezarowka-scania-ups-z-wozkiem-widlowym-03581","status":"publish","type":"product","link":"http:\/\/klubmamgdynia.pl\/index.php\/produkt\/bruder-ciezarowka-scania-ups-z-wozkiem-widlowym-03581\/","title":{"rendered":"Bruder Ci\u0119\u017car\u00f3wka Scania Ups Z W\u00f3zkiem Wid\u0142owym 03581"},"content":{"rendered":"<p>Zabawka Ci\u0119\u017car\u00f3wka Scania Ups Z W\u00f3zkiem Wid\u0142owym<\/p>\n<h2>Bruder Ci\u0119\u017car\u00f3wka Scania Ups Z W\u00f3zkiem Wid\u0142owym 03581 Bruder<\/h2>\n<p>zagadki \u015bwi\u0105teczne dla dzieci, nietypowe imiona \u017ce\u0144skie, bajki do czytania dla dzieci, kuba imie, historia pluszowego misia, zagadki dla przedszkolak\u00f3w, \u0142amig\u0142\u00f3wki s\u0142owne, spiderman kolorowanka<\/p>\n<p>yyyyy<\/p>\n<p>&nbsp;<\/p>\n","protected":false},"excerpt":{"rendered":"<p>Zabawka Ci\u0119\u017car\u00f3wka Scania Ups Z W\u00f3zkiem Wid\u0142owym Bruder Ci\u0119\u017car\u00f3wka Scania Ups Z W\u00f3zkiem Wid\u0142owym 03581 Bruder zagadki \u015bwi\u0105teczne dla dzieci, nietypowe imiona \u017ce\u0144skie, bajki do czytania dla dzieci, kuba imie, historia pluszowego misia, zagadki dla przedszkolak\u00f3w, \u0142amig\u0142\u00f3wki s\u0142owne, spiderman kolorowanka yyyyy &nbsp;<\/p>\n","protected":false},"featured_media":7965,"comment_status":"closed","ping_status":"open","template":"","meta":[],"product_cat":[1677,1076],"product_tag":[686,740,790,602,615],"class_list":["post-7964","product","type-product","status-publish","has-post-thumbnail","hentry","product_cat-akcesoria-i-czesci-rolnicze","product_cat-bruder","product_tag-co-na-roczek-dla-chlopca","product_tag-fajne-prezenty-dla-nastolatkow","product_tag-gry-planszowe-dla-nastolatkow","product_tag-quiz-o-zwierzetach-domowych","product_tag-znane-misie-z-filmow-animowanych"],"_links":{"self":[{"href":"http:\/\/klubmamgdynia.pl\/index.php\/wp-json\/wp\/v2\/product\/7964","targetHints":{"allow":["GET"]}}],"collection":[{"href":"http:\/\/klubmamgdynia.pl\/index.php\/wp-json\/wp\/v2\/product"}],"about":[{"href":"http:\/\/klubmamgdynia.pl\/index.php\/wp-json\/wp\/v2\/types\/product"}],"replies":[{"embeddable":true,"href":"http:\/\/klubmamgdynia.pl\/index.php\/wp-json\/wp\/v2\/comments?post=7964"}],"wp:featuredmedia":[{"embeddable":true,"href":"http:\/\/klubmamgdynia.pl\/index.php\/wp-json\/wp\/v2\/media\/7965"}],"wp:attachment":[{"href":"http:\/\/klubmamgdynia.pl\/index.php\/wp-json\/wp\/v2\/media?parent=7964"}],"wp:term":[{"taxonomy":"product_cat","embeddable":true,"href":"http:\/\/klubmamgdynia.pl\/index.php\/wp-json\/wp\/v2\/product_cat?post=7964"},{"taxonomy":"product_tag","embeddable":true,"href":"http:\/\/klubmamgdynia.pl\/index.php\/wp-json\/wp\/v2\/product_tag?post=7964"}],"curies":[{"name":"wp","href":"https:\/\/api.w.org\/{rel}","templated":true}]}}