{"id":7966,"date":"2025-09-03T13:14:48","date_gmt":"2025-09-03T11:14:48","guid":{"rendered":"http:\/\/klubmamgdynia.pl\/?post_type=product&#038;p=7966"},"modified":"2026-04-06T02:24:00","modified_gmt":"2026-04-06T00:24:00","slug":"nestle-kaszka-mleczno-ryzowa-5-owocow-dla-niemowlat-po-9-miesiacu-230g","status":"publish","type":"product","link":"http:\/\/klubmamgdynia.pl\/index.php\/produkt\/nestle-kaszka-mleczno-ryzowa-5-owocow-dla-niemowlat-po-9-miesiacu-230g\/","title":{"rendered":"Nestle Kaszka Mleczno-Ry\u017cowa 5 Owoc\u00f3w dla niemowl\u0105t po 9 Miesi\u0105cu 230g"},"content":{"rendered":"<h2>Nestle Kaszka Mleczno-Ry\u017cowa 5 Owoc\u00f3w dla niemowl\u0105t po 9 Miesi\u0105cu 230g Nestle Kaszki<\/h2>\n<p>kawal na prima aprilis, hymn g\u00f3rniczy, prezent dla 1 latka, wzruszaj\u0105ce teksty dla mamy, \u015bmieszne \u0142ama\u0144ce j\u0119zykowe, kolorowanki pokemon do druku, literki do pisania do druku, pomys\u0142y na prezent dla nastolatk\u00f3w<\/p>\n<p>yyyyy<\/p>\n<p>&nbsp;<\/p>\n","protected":false},"excerpt":{"rendered":"<p>Nestle Kaszka Mleczno-Ry\u017cowa 5 Owoc\u00f3w dla niemowl\u0105t po 9 Miesi\u0105cu 230g Nestle Kaszki kawal na prima aprilis, hymn g\u00f3rniczy, prezent dla 1 latka, wzruszaj\u0105ce teksty dla mamy, \u015bmieszne \u0142ama\u0144ce j\u0119zykowe, kolorowanki pokemon do druku, literki do pisania do druku, pomys\u0142y na prezent dla nastolatk\u00f3w yyyyy &nbsp;<\/p>\n","protected":false},"featured_media":7967,"comment_status":"closed","ping_status":"open","template":"","meta":[],"product_cat":[107,1668],"product_tag":[837,734,594,661],"class_list":["post-7966","product","type-product","status-publish","has-post-thumbnail","hentry","product_cat-kaszki-dla-dzieci","product_cat-nestle-kaszki","product_tag-cicha-noc-po-angielsku","product_tag-milan-imie","product_tag-podchwytliwe-zagadki-dla-dzieci","product_tag-swinka-peppa-kolorowanka"],"_links":{"self":[{"href":"http:\/\/klubmamgdynia.pl\/index.php\/wp-json\/wp\/v2\/product\/7966","targetHints":{"allow":["GET"]}}],"collection":[{"href":"http:\/\/klubmamgdynia.pl\/index.php\/wp-json\/wp\/v2\/product"}],"about":[{"href":"http:\/\/klubmamgdynia.pl\/index.php\/wp-json\/wp\/v2\/types\/product"}],"replies":[{"embeddable":true,"href":"http:\/\/klubmamgdynia.pl\/index.php\/wp-json\/wp\/v2\/comments?post=7966"}],"wp:featuredmedia":[{"embeddable":true,"href":"http:\/\/klubmamgdynia.pl\/index.php\/wp-json\/wp\/v2\/media\/7967"}],"wp:attachment":[{"href":"http:\/\/klubmamgdynia.pl\/index.php\/wp-json\/wp\/v2\/media?parent=7966"}],"wp:term":[{"taxonomy":"product_cat","embeddable":true,"href":"http:\/\/klubmamgdynia.pl\/index.php\/wp-json\/wp\/v2\/product_cat?post=7966"},{"taxonomy":"product_tag","embeddable":true,"href":"http:\/\/klubmamgdynia.pl\/index.php\/wp-json\/wp\/v2\/product_tag?post=7966"}],"curies":[{"name":"wp","href":"https:\/\/api.w.org\/{rel}","templated":true}]}}