{"id":7968,"date":"2012-09-01T14:05:19","date_gmt":"2012-09-01T12:05:19","guid":{"rendered":"http:\/\/klubmamgdynia.pl\/index.php\/produkt\/little-bird-told-me-pchacz-piesek-dexter\/"},"modified":"2026-04-06T02:50:59","modified_gmt":"2026-04-06T00:50:59","slug":"little-bird-told-me-pchacz-piesek-dexter","status":"publish","type":"product","link":"http:\/\/klubmamgdynia.pl\/index.php\/produkt\/little-bird-told-me-pchacz-piesek-dexter\/","title":{"rendered":"Little Bird Told Me Pchacz Piesek Dexter"},"content":{"rendered":"<p>Piesek Dexter jest gotowy wspiera\u0107 najm\u0142odszych podczas stawiania pierwszych krok\u00f3w! Mi\u0119ciutki, futrzasty zwierzak rozkocha w sobie ma\u0142e serduszka i stanie sie najlepszym przyjacielem Waszych pociech. Maluchy b\u0119d\u0105 zachwycone bior\u0105c pieska Dextera na spacer, ale gdy ich ma\u0142e n\u00f3\u017cki zaczn\u0105 bole\u0107, mog\u0105 wskoczy\u0107 na jego grzbiet i cieszy\u0107 si\u0119 jazd\u0105. Gumowe opony nadaj\u0105 si\u0119 do je\u017cd\u017cenia po g\u0142adkich pod\u0142ogach. Wiek od 1 do 4 lat Wymiary pchacza: 64 x 35 x 50 cm Wysoko\u015b\u0107 siedziska: 26 cm (oko\u0142o) Maksymalna zalecana dopuszczalna waga to 20 kg Czyszczenie Instrukcja: tylko g\u0105bka czysta, u\u017cywaj\u0105c \u0142agodnego detergentu i ciep\u0142ej wody<\/p>\n<h2>Little Bird Told Me Pchacz Piesek Dexter Little Bird Told Me<\/h2>\n<p>miasto dzieci, kartka walentynkow\u0105 przedszkole, ninjago kolorowanka, znaczenie imiona pola, prezent na urodziny dla nastolatk\u00f3w, sentencja dla dziecka, zagatki, oskar imie, anastazja imi\u0119, tymoteusz znaczenie imienia, aniela imie, cytaty o macierzy\u0144stwie, dzie\u0144 pluszowego misia, imiona postaci z bajek<\/p>\n<p>yyyyy<\/p>\n<p>&nbsp;<\/p>\n","protected":false},"excerpt":{"rendered":"<p>Piesek Dexter jest gotowy wspiera\u0107 najm\u0142odszych podczas stawiania pierwszych krok\u00f3w! Mi\u0119ciutki, futrzasty zwierzak rozkocha w sobie ma\u0142e serduszka i stanie sie najlepszym przyjacielem Waszych pociech. Maluchy b\u0119d\u0105 zachwycone bior\u0105c pieska Dextera na spacer, ale gdy ich ma\u0142e n\u00f3\u017cki zaczn\u0105 bole\u0107, mog\u0105 wskoczy\u0107 na jego grzbiet i cieszy\u0107 si\u0119 jazd\u0105. Gumowe opony nadaj\u0105 si\u0119 do je\u017cd\u017cenia [&hellip;]<\/p>\n","protected":false},"featured_media":7969,"comment_status":"closed","ping_status":"open","template":"","meta":[],"product_cat":[1539,1682],"product_tag":[727,630,633],"class_list":["post-7968","product","type-product","status-publish","has-post-thumbnail","hentry","product_cat-bujaki-i-zabawki-na-biegunach","product_cat-little-bird-told-me","product_tag-godlo-polski-do-druku","product_tag-podchwytliwe-zagadki-z-odpowiedziami","product_tag-zagadki-z-odpowiedziami"],"_links":{"self":[{"href":"http:\/\/klubmamgdynia.pl\/index.php\/wp-json\/wp\/v2\/product\/7968","targetHints":{"allow":["GET"]}}],"collection":[{"href":"http:\/\/klubmamgdynia.pl\/index.php\/wp-json\/wp\/v2\/product"}],"about":[{"href":"http:\/\/klubmamgdynia.pl\/index.php\/wp-json\/wp\/v2\/types\/product"}],"replies":[{"embeddable":true,"href":"http:\/\/klubmamgdynia.pl\/index.php\/wp-json\/wp\/v2\/comments?post=7968"}],"wp:featuredmedia":[{"embeddable":true,"href":"http:\/\/klubmamgdynia.pl\/index.php\/wp-json\/wp\/v2\/media\/7969"}],"wp:attachment":[{"href":"http:\/\/klubmamgdynia.pl\/index.php\/wp-json\/wp\/v2\/media?parent=7968"}],"wp:term":[{"taxonomy":"product_cat","embeddable":true,"href":"http:\/\/klubmamgdynia.pl\/index.php\/wp-json\/wp\/v2\/product_cat?post=7968"},{"taxonomy":"product_tag","embeddable":true,"href":"http:\/\/klubmamgdynia.pl\/index.php\/wp-json\/wp\/v2\/product_tag?post=7968"}],"curies":[{"name":"wp","href":"https:\/\/api.w.org\/{rel}","templated":true}]}}