{"id":7970,"date":"2025-05-12T08:49:15","date_gmt":"2025-05-12T06:49:15","guid":{"rendered":"http:\/\/klubmamgdynia.pl\/?post_type=product&#038;p=7970"},"modified":"2026-04-30T05:26:31","modified_gmt":"2026-04-30T03:26:31","slug":"playmais-klocki-kukurydziane-basic-medium-300-elem-2490","status":"publish","type":"product","link":"http:\/\/klubmamgdynia.pl\/index.php\/produkt\/playmais-klocki-kukurydziane-basic-medium-300-elem-2490\/","title":{"rendered":"Playmais Klocki Kukurydziane (Basic) Medium 300 Elem. (2490)"},"content":{"rendered":"<p>Playmais Ekologiczne Klocki Kreatywne 350 Elem.<\/p>\n<h2>Playmais Klocki Kukurydziane (Basic) Medium 300 Elem. (2490) Playmais<\/h2>\n<p>wierszyki o wakacjach kr\u00f3tkie, 45 pa\u0144stw europy i ich stolice quiz, rebusy i krzy\u017c\u00f3wki dla dzieci do druku, dorian, bajka psi patrol do czytania, \u017carty na prima aprilis w domu, marcelina imi\u0119, znaki drogowe do druku, felix net i nika oraz gang niewidzialnych ludzi pytania i odpowiedzi, prezenty dla nastolatek, maski do druku kolorowe, test z pana kleksa, opisy do zdj\u0119\u0107 dziecka, atrakcje dla dzieci wielkopolska, jaki prezent na roczek, bajka na dobranoc do czytania, karnawa\u0142 maska karnawa\u0142owa szablon, pomysly na prezent na roczek, zagadki dla dzieci 4-5 lat online, kolorowanki do druku super zings<\/p>\n<p>yyyyy<\/p>\n<p>&nbsp;<\/p>\n","protected":false},"excerpt":{"rendered":"<p>Playmais Ekologiczne Klocki Kreatywne 350 Elem. Playmais Klocki Kukurydziane (Basic) Medium 300 Elem. (2490) Playmais wierszyki o wakacjach kr\u00f3tkie, 45 pa\u0144stw europy i ich stolice quiz, rebusy i krzy\u017c\u00f3wki dla dzieci do druku, dorian, bajka psi patrol do czytania, \u017carty na prima aprilis w domu, marcelina imi\u0119, znaki drogowe do druku, felix net i nika [&hellip;]<\/p>\n","protected":false},"featured_media":7971,"comment_status":"closed","ping_status":"open","template":"","meta":[],"product_cat":[1666,21],"product_tag":[728,691,757,592],"class_list":["post-7970","product","type-product","status-publish","has-post-thumbnail","hentry","product_cat-playmais","product_cat-zabawki-plastyczne","product_tag-bezwarunkowa-milosc-do-dziecka-cytaty","product_tag-gabriel","product_tag-test-z-lektury-ania-z-zielonego-wzgorza-klasa-6-z-odpowiedziami","product_tag-zagadki-dla-dzieci"],"_links":{"self":[{"href":"http:\/\/klubmamgdynia.pl\/index.php\/wp-json\/wp\/v2\/product\/7970","targetHints":{"allow":["GET"]}}],"collection":[{"href":"http:\/\/klubmamgdynia.pl\/index.php\/wp-json\/wp\/v2\/product"}],"about":[{"href":"http:\/\/klubmamgdynia.pl\/index.php\/wp-json\/wp\/v2\/types\/product"}],"replies":[{"embeddable":true,"href":"http:\/\/klubmamgdynia.pl\/index.php\/wp-json\/wp\/v2\/comments?post=7970"}],"wp:featuredmedia":[{"embeddable":true,"href":"http:\/\/klubmamgdynia.pl\/index.php\/wp-json\/wp\/v2\/media\/7971"}],"wp:attachment":[{"href":"http:\/\/klubmamgdynia.pl\/index.php\/wp-json\/wp\/v2\/media?parent=7970"}],"wp:term":[{"taxonomy":"product_cat","embeddable":true,"href":"http:\/\/klubmamgdynia.pl\/index.php\/wp-json\/wp\/v2\/product_cat?post=7970"},{"taxonomy":"product_tag","embeddable":true,"href":"http:\/\/klubmamgdynia.pl\/index.php\/wp-json\/wp\/v2\/product_tag?post=7970"}],"curies":[{"name":"wp","href":"https:\/\/api.w.org\/{rel}","templated":true}]}}