{"id":7972,"date":"2019-03-09T01:30:50","date_gmt":"2019-03-09T00:30:50","guid":{"rendered":"http:\/\/klubmamgdynia.pl\/index.php\/produkt\/fotelik-samochodowy-cybex-sirona-z-i-size-deep-black-baza-fix\/"},"modified":"2026-04-29T16:48:27","modified_gmt":"2026-04-29T14:48:27","slug":"fotelik-samochodowy-cybex-sirona-z-i-size-deep-black-baza-fix","status":"publish","type":"product","link":"http:\/\/klubmamgdynia.pl\/index.php\/produkt\/fotelik-samochodowy-cybex-sirona-z-i-size-deep-black-baza-fix\/","title":{"rendered":"Fotelik samochodowy Cybex Sirona Z I-Size Deep Black + Baza Fix"},"content":{"rendered":"<p>Fotelik samochodowy Sirona Z I-size Cybex to niemal produkt doskona\u0142y jest mocny, bezpieczny i zachwyca wygl\u0105dem. Ten banalnie prosty w monta\u017cu fotelik wyposa\u017cono w zaawansowany system os\u0142on bocznych LSP, kt\u00f3re efektywnie zaabsorbuj\u0105 si\u0142\u0119 uderzenia, zanim ta przyjdzie na wytrzyma\u0142\u0105 skorup\u0119. Warto podkre\u015bli\u0107, \u017ce w foteliku Cybex Sirona Z R wozimy dziecko ty\u0142em lub przodem do kierunku jazdy. Fotelik posiada obracane siedzisko o 360 stopni, mo\u017cliwo\u015b\u0107 zmiany pochylenia (5 pozycji podczas jazdy ty\u0142em oraz 3 pozycje podczas jazdy przodem do kierunku jazdy). Ca\u0142o\u015b\u0107 pokryto zdejmowan\u0105 tapicerk\u0105 z materia\u0142\u00f3w u\u0142atwiaj\u0105cych cyrkulacj\u0119 powietrza, dzi\u0119ki czemu dziecko a\u017c tak si\u0119 nie poci.Baza do fotelik\u00f3w Z-fix znacz\u0105co u\u0142atwia monta\u017c fotelika w samochodzie.Wystarczy po\u0142o\u017cy\u0107 fotelik na dedykowanej bazie i lekko docisn\u0105\u0107. Charakterystyczne klikni\u0119cie da znak, \u017ce fotelik Cybex Sirona zosta\u0142 przypi\u0119ty w bazie.Dzi\u0119ki wska\u017anikowi prawid\u0142owego monta\u017cu masz pewno\u015b\u0107, \u017ce monta\u017c fotelika przebieg\u0142 prawid\u0142owo.<\/p>\n<h2>Fotelik samochodowy Cybex Sirona Z I-Size Deep Black + Baza Fix Cybex<\/h2>\n<p>cytaty o wychowaniu i nauczaniu, pytania zagadki, audiobooki dla dzieci za darmo, wyci\u0119cia szablon korony do druku, flagi do druku, psi patrol zadania do druku, czerwony kapturek kolorowanka, pikachu kolorowanka, karty pracy po ukrai\u0144sku, traktor do druku<\/p>\n<p>yyyyy<\/p>\n<p>&nbsp;<\/p>\n","protected":false},"excerpt":{"rendered":"<p>Fotelik samochodowy Sirona Z I-size Cybex to niemal produkt doskona\u0142y jest mocny, bezpieczny i zachwyca wygl\u0105dem. Ten banalnie prosty w monta\u017cu fotelik wyposa\u017cono w zaawansowany system os\u0142on bocznych LSP, kt\u00f3re efektywnie zaabsorbuj\u0105 si\u0142\u0119 uderzenia, zanim ta przyjdzie na wytrzyma\u0142\u0105 skorup\u0119. Warto podkre\u015bli\u0107, \u017ce w foteliku Cybex Sirona Z R wozimy dziecko ty\u0142em lub przodem do [&hellip;]<\/p>\n","protected":false},"featured_media":7973,"comment_status":"closed","ping_status":"open","template":"","meta":[],"product_cat":[34,32],"product_tag":[802,842,594,633,701],"class_list":["post-7972","product","type-product","status-publish","has-post-thumbnail","hentry","product_cat-cybex","product_cat-foteliki-samochodowe","product_tag-co-kupic-dziewczynce-na-roczek","product_tag-plac-zabaw-poznan","product_tag-podchwytliwe-zagadki-dla-dzieci","product_tag-zagadki-z-odpowiedziami","product_tag-zgadywanki-dla-dzieci"],"_links":{"self":[{"href":"http:\/\/klubmamgdynia.pl\/index.php\/wp-json\/wp\/v2\/product\/7972","targetHints":{"allow":["GET"]}}],"collection":[{"href":"http:\/\/klubmamgdynia.pl\/index.php\/wp-json\/wp\/v2\/product"}],"about":[{"href":"http:\/\/klubmamgdynia.pl\/index.php\/wp-json\/wp\/v2\/types\/product"}],"replies":[{"embeddable":true,"href":"http:\/\/klubmamgdynia.pl\/index.php\/wp-json\/wp\/v2\/comments?post=7972"}],"wp:featuredmedia":[{"embeddable":true,"href":"http:\/\/klubmamgdynia.pl\/index.php\/wp-json\/wp\/v2\/media\/7973"}],"wp:attachment":[{"href":"http:\/\/klubmamgdynia.pl\/index.php\/wp-json\/wp\/v2\/media?parent=7972"}],"wp:term":[{"taxonomy":"product_cat","embeddable":true,"href":"http:\/\/klubmamgdynia.pl\/index.php\/wp-json\/wp\/v2\/product_cat?post=7972"},{"taxonomy":"product_tag","embeddable":true,"href":"http:\/\/klubmamgdynia.pl\/index.php\/wp-json\/wp\/v2\/product_tag?post=7972"}],"curies":[{"name":"wp","href":"https:\/\/api.w.org\/{rel}","templated":true}]}}