{"id":7974,"date":"2018-04-05T16:57:41","date_gmt":"2018-04-05T14:57:41","guid":{"rendered":"http:\/\/klubmamgdynia.pl\/index.php\/produkt\/smyk-zabawka-na-biegunach-osiolek-490131\/"},"modified":"2026-04-29T19:42:49","modified_gmt":"2026-04-29T17:42:49","slug":"smyk-zabawka-na-biegunach-osiolek-490131","status":"publish","type":"product","link":"http:\/\/klubmamgdynia.pl\/index.php\/produkt\/smyk-zabawka-na-biegunach-osiolek-490131\/","title":{"rendered":"Smyk Zabawka Na Biegunach Osio\u0142ek 490131"},"content":{"rendered":"<p>Zabawka na biegunach Osio\u0142ek, SmykPluszaki przeznaczone s\u0105 dla dzieci mniejszych, kt\u00f3re jeszcze, s\u0105 za ma\u0142e na wielkiego konia na biegunach.Zabawk\u0119 mo\u017cna zdj\u0105\u0107 z biegun\u00f3w, wtedy mo\u017ce by\u0107 u\u017cywany jak typowy pluszak. Produkt Polski.Bujak posiada lejce do trzymania. Zabawka jest bezpieczna, gdy\u017c posiada nisko umieszczone siedzisko.P\u0142ozy posiadaj\u0105 ograniczniki na ko\u0144cach, co zapobiega przewr\u00f3ceniu si\u0119 zabawki.Wymiary zabawki:d\u0142ugo\u015b\u0107: 85 cm,wysoko\u015b\u0107: 60 cm,wysoko\u015b\u0107 do siedziska: 35 cm.Wiek: 2+Zabawka posiada certyfikat CE.Kolory zabawki mog\u0105 r\u00f3\u017cni\u0107 si\u0119 od prezentowanych na zdj\u0119ciu.<\/p>\n<h2>Smyk Zabawka Na Biegunach Osio\u0142ek 490131 Smyk<\/h2>\n<p>kolorowanka pokemon, szablony papierowe lalki do ubierania do wydruku, peppa do czytania, praktyczny prezent dla rocznego dziecka, izabela imie, kolorowanki pokemon, cytaty rodzina<\/p>\n<p>yyyyy<\/p>\n<p>&nbsp;<\/p>\n","protected":false},"excerpt":{"rendered":"<p>Zabawka na biegunach Osio\u0142ek, SmykPluszaki przeznaczone s\u0105 dla dzieci mniejszych, kt\u00f3re jeszcze, s\u0105 za ma\u0142e na wielkiego konia na biegunach.Zabawk\u0119 mo\u017cna zdj\u0105\u0107 z biegun\u00f3w, wtedy mo\u017ce by\u0107 u\u017cywany jak typowy pluszak. Produkt Polski.Bujak posiada lejce do trzymania. Zabawka jest bezpieczna, gdy\u017c posiada nisko umieszczone siedzisko.P\u0142ozy posiadaj\u0105 ograniczniki na ko\u0144cach, co zapobiega przewr\u00f3ceniu si\u0119 zabawki.Wymiary zabawki:d\u0142ugo\u015b\u0107: [&hellip;]<\/p>\n","protected":false},"featured_media":7975,"comment_status":"closed","ping_status":"open","template":"","meta":[],"product_cat":[1539,1683],"product_tag":[673,862,636,633],"class_list":["post-7974","product","type-product","status-publish","has-post-thumbnail","hentry","product_cat-bujaki-i-zabawki-na-biegunach","product_cat-smyk","product_tag-juz-blisko-koleda-tekst","product_tag-nasza-zima-zla-tekst","product_tag-teksty-kolysanek","product_tag-zagadki-z-odpowiedziami"],"_links":{"self":[{"href":"http:\/\/klubmamgdynia.pl\/index.php\/wp-json\/wp\/v2\/product\/7974","targetHints":{"allow":["GET"]}}],"collection":[{"href":"http:\/\/klubmamgdynia.pl\/index.php\/wp-json\/wp\/v2\/product"}],"about":[{"href":"http:\/\/klubmamgdynia.pl\/index.php\/wp-json\/wp\/v2\/types\/product"}],"replies":[{"embeddable":true,"href":"http:\/\/klubmamgdynia.pl\/index.php\/wp-json\/wp\/v2\/comments?post=7974"}],"wp:featuredmedia":[{"embeddable":true,"href":"http:\/\/klubmamgdynia.pl\/index.php\/wp-json\/wp\/v2\/media\/7975"}],"wp:attachment":[{"href":"http:\/\/klubmamgdynia.pl\/index.php\/wp-json\/wp\/v2\/media?parent=7974"}],"wp:term":[{"taxonomy":"product_cat","embeddable":true,"href":"http:\/\/klubmamgdynia.pl\/index.php\/wp-json\/wp\/v2\/product_cat?post=7974"},{"taxonomy":"product_tag","embeddable":true,"href":"http:\/\/klubmamgdynia.pl\/index.php\/wp-json\/wp\/v2\/product_tag?post=7974"}],"curies":[{"name":"wp","href":"https:\/\/api.w.org\/{rel}","templated":true}]}}