{"id":7976,"date":"2023-11-10T20:30:03","date_gmt":"2023-11-10T19:30:03","guid":{"rendered":"http:\/\/klubmamgdynia.pl\/?post_type=product&#038;p=7976"},"modified":"2026-05-17T22:59:59","modified_gmt":"2026-05-17T20:59:59","slug":"playme-ukladanka-drewniana-labirynt","status":"publish","type":"product","link":"http:\/\/klubmamgdynia.pl\/index.php\/produkt\/playme-ukladanka-drewniana-labirynt\/","title":{"rendered":"Playme Uk\u0142adanka Drewniana Labirynt"},"content":{"rendered":"<p>Drewniana uk\u0142adanka z labiryntem i pinezkami &#8211; Na wsi firmy TOP BRIGHT.Plansza tej zabawki zawiera 6 element\u00f3w \u2013 puzzle z pinezkami przedstawiaj\u0105ce weso\u0142e wiejskie zwierz\u0105tka, kt\u00f3re nale\u017cy dopasowa\u0107 po kszta\u0142cie do odpowiednich miejsc na planszy. Ka\u017cdy element posiada przymocowan\u0105 pinezk\u0119 u\u0142atwiaj\u0105c\u0105 wygodne wyjmowanie i wk\u0142adanie puzzli.Na planszy jest te\u017c labirynt &#8211; przesuwanka. Zadaniem dziecka jest umieszczenie elementu &#8211; przedstawiaj\u0105cego smako\u0142yk obok zwierz\u0105tka, kt\u00f3ry si\u0119 tym \u017cywi. Przesuwa si\u0119 go po wyci\u0119tych korytarzach labiryntu, tak by umia\u0142 wymin\u0105\u0107 si\u0119 z innymi i w ko\u0144cu trafi\u0142 na w\u0142a\u015bciwe miejsce. Poznaj wiejskie zwierz\u0105tka i ich smako\u0142yki, sprawd\u017a jaka to wspania\u0142a zabawa!Ze wzgl\u0119du na swoje walory edukacyjne zabawka jest wybierana do gabinet\u00f3w rehabilitacyjnych, logopedycznych, przedszkoli. Przesuwanie kr\u0105\u017ck\u00f3w wyrabia ruchy r\u0119ki podobne do tych jakie dziecko musi potem wykonywa\u0107 przy nauce pisania, co jest bardzo dobrym \u0107wiczeniem po\u0142\u0105czonym z ciekaw\u0105 zabaw\u0105. Opr\u00f3cz tego zabawka rozwija logiczne i strategiczne my\u015blenie.Produkt wykonany jest z ekologicznego, wysokiej jako\u015bci drewna, bez BPA. Barwione nietoksyczn\u0105 farb\u0105 na bazie wody, zgodnie z najwy\u017cszymi mi\u0119dzynarodowymi standardami bezpiecze\u0144stwa zabawek.W sk\u0142ad zabawki wchodz\u0105:- drewniana plansza &#8211; labirynt,- 6 puzzli z pinezkami.Wymiary produktu: 29,5&#215;22,3&#215;2 cm.Zabawka przeznaczona dla dzieci: 24M+.Powy\u017cszy opis pochodzi od wydawcy<\/p>\n<h2>Playme Uk\u0142adanka Drewniana Labirynt Brimarex<\/h2>\n<p>aurora imi\u0119, karyna, imi\u0119 natan, lew czarownica i stara szafa test, teksty ko\u0142ysanek, na wyspach bergamutach tekst, nauka zegara do druku pdf, zaproszenie na urodziny do druku, ba\u015bniowe imiona \u017ce\u0144skie<\/p>\n<p>yyyyy<\/p>\n<p>&nbsp;<\/p>\n","protected":false},"excerpt":{"rendered":"<p>Drewniana uk\u0142adanka z labiryntem i pinezkami &#8211; Na wsi firmy TOP BRIGHT.Plansza tej zabawki zawiera 6 element\u00f3w \u2013 puzzle z pinezkami przedstawiaj\u0105ce weso\u0142e wiejskie zwierz\u0105tka, kt\u00f3re nale\u017cy dopasowa\u0107 po kszta\u0142cie do odpowiednich miejsc na planszy. Ka\u017cdy element posiada przymocowan\u0105 pinezk\u0119 u\u0142atwiaj\u0105c\u0105 wygodne wyjmowanie i wk\u0142adanie puzzli.Na planszy jest te\u017c labirynt &#8211; przesuwanka. Zadaniem dziecka jest [&hellip;]<\/p>\n","protected":false},"featured_media":7977,"comment_status":"closed","ping_status":"open","template":"","meta":[],"product_cat":[1651,99],"product_tag":[825,676,763,704,711,579],"class_list":["post-7976","product","type-product","status-publish","has-post-thumbnail","hentry","product_cat-brimarex","product_cat-zabawki-ekologiczne","product_tag-bajka-na-dobranoc-do-czytania","product_tag-bursztynek","product_tag-fabian","product_tag-prezent-dla-nastolatka","product_tag-prezenty-dla-nastolatkow","product_tag-quiz-opowiesci-z-narnii-lew-czarownica-i-stara-szafa"],"_links":{"self":[{"href":"http:\/\/klubmamgdynia.pl\/index.php\/wp-json\/wp\/v2\/product\/7976","targetHints":{"allow":["GET"]}}],"collection":[{"href":"http:\/\/klubmamgdynia.pl\/index.php\/wp-json\/wp\/v2\/product"}],"about":[{"href":"http:\/\/klubmamgdynia.pl\/index.php\/wp-json\/wp\/v2\/types\/product"}],"replies":[{"embeddable":true,"href":"http:\/\/klubmamgdynia.pl\/index.php\/wp-json\/wp\/v2\/comments?post=7976"}],"wp:featuredmedia":[{"embeddable":true,"href":"http:\/\/klubmamgdynia.pl\/index.php\/wp-json\/wp\/v2\/media\/7977"}],"wp:attachment":[{"href":"http:\/\/klubmamgdynia.pl\/index.php\/wp-json\/wp\/v2\/media?parent=7976"}],"wp:term":[{"taxonomy":"product_cat","embeddable":true,"href":"http:\/\/klubmamgdynia.pl\/index.php\/wp-json\/wp\/v2\/product_cat?post=7976"},{"taxonomy":"product_tag","embeddable":true,"href":"http:\/\/klubmamgdynia.pl\/index.php\/wp-json\/wp\/v2\/product_tag?post=7976"}],"curies":[{"name":"wp","href":"https:\/\/api.w.org\/{rel}","templated":true}]}}