{"id":7978,"date":"2023-07-30T05:10:32","date_gmt":"2023-07-30T03:10:32","guid":{"rendered":"http:\/\/klubmamgdynia.pl\/?post_type=product&#038;p=7978"},"modified":"2026-04-14T14:54:42","modified_gmt":"2026-04-14T12:54:42","slug":"apli-kids-gra-podrozna-znajdz-roznice-sport","status":"publish","type":"product","link":"http:\/\/klubmamgdynia.pl\/index.php\/produkt\/apli-kids-gra-podrozna-znajdz-roznice-sport\/","title":{"rendered":"Apli Kids Gra Podr\u00f3\u017cna &#8211; Znajd\u017a R\u00f3\u017cnice Sport"},"content":{"rendered":"<p>Poznaj \u015bwiat gdzie wszystko jest mo\u017cliwe! To w\u0142a\u015bnie APLI &#8211; kraina pe\u0142na koloru oraz kreatywno\u015bci.Gra podr\u00f3\u017cna Apli Kids \u015bwietnie sprawdzi si\u0119 w restauracji, samochodzie, samolocie oraz wsz\u0119dzie tam gdzie mo\u017ce zawita\u0107 nuda. Polega na znalezieniu r\u00f3\u017cnic mi\u0119dzy dwoma obrazkami. Wystarczy chwyci\u0107 do r\u0119ki za\u0142\u0105czony do zestawu o\u0142\u00f3wek i zabawa na d\u0142u\u017cszy czas zapewniona. Gra doskonale \u0107wiczy spostrzegawczo\u015b\u0107, pami\u0119\u0107 oraz koncentracj\u0119. Dzi\u0119ki ma\u0142ym rozmiarom idealnie nadaje si\u0119 w podr\u00f3\u017cy.Cechy gry podr\u00f3\u017cnej Apli Kids:odpowiednia dla dzieci w wieku powy\u017cej 3 latw zestawie: 30 kart i o\u0142\u00f3wek z gumk\u0105idealnie sprawdzi si\u0119 w podr\u00f3\u017cytrwa\u0142e, kartonowe pude\u0142ko wymiary: 15 x 13 cmZacz\u0119li\u015bmy w 1932r. od produkcji naklejek &#8211; tysi\u0119cy naklejek w r\u00f3\u017cnych kszta\u0142tach, kolorach, fakturach i rozmiarach. Po wielu latach pracy ze szko\u0142ami i nauczycielami, tworzeniu artyku\u0142\u00f3w, odkrywaniu produkt\u00f3w u\u0142atwiaj\u0105cych i wspieraj\u0105cych dzia\u0142ania edukacyjne stworzyli\u015bmy Apli Kids. Celem przy tworzeniu Apli Kids by\u0142a nauka poprzez zabaw\u0119 przy wykorzystaniu naszych gier, zabawek i materia\u0142\u00f3w. M\u0105dre zabawki w r\u0119kach dzieci dzi\u015b \u2013 sprawi\u0105, \u017ce stan\u0105 si\u0119 sprytnymi i kreatywnymi doros\u0142ymi jutro.<\/p>\n<h2>Apli Kids Gra Podr\u00f3\u017cna &#8211; Znajd\u017a R\u00f3\u017cnice Sport Artyk<\/h2>\n<p>borys imi\u0119, psi patrol do czytania, natan imi\u0119, pani wiosna do druku, papuga kolorowanka, quiz o tajemniczym ogrodzie<\/p>\n<p>yyyyy<\/p>\n<p>&nbsp;<\/p>\n","protected":false},"excerpt":{"rendered":"<p>Poznaj \u015bwiat gdzie wszystko jest mo\u017cliwe! To w\u0142a\u015bnie APLI &#8211; kraina pe\u0142na koloru oraz kreatywno\u015bci.Gra podr\u00f3\u017cna Apli Kids \u015bwietnie sprawdzi si\u0119 w restauracji, samochodzie, samolocie oraz wsz\u0119dzie tam gdzie mo\u017ce zawita\u0107 nuda. Polega na znalezieniu r\u00f3\u017cnic mi\u0119dzy dwoma obrazkami. Wystarczy chwyci\u0107 do r\u0119ki za\u0142\u0105czony do zestawu o\u0142\u00f3wek i zabawa na d\u0142u\u017cszy czas zapewniona. Gra doskonale [&hellip;]<\/p>\n","protected":false},"featured_media":7979,"comment_status":"closed","ping_status":"open","template":"","meta":[],"product_cat":[336,130],"product_tag":[605,872,857,788],"class_list":["post-7978","product","type-product","status-publish","has-post-thumbnail","hentry","product_cat-artyk","product_cat-gry-dzieciece","product_tag-milena","product_tag-zagadki-dla-dzieci-6-lat","product_tag-zagadki-dla-dzieci-7-8-lat","product_tag-zagadki-krotkie"],"_links":{"self":[{"href":"http:\/\/klubmamgdynia.pl\/index.php\/wp-json\/wp\/v2\/product\/7978","targetHints":{"allow":["GET"]}}],"collection":[{"href":"http:\/\/klubmamgdynia.pl\/index.php\/wp-json\/wp\/v2\/product"}],"about":[{"href":"http:\/\/klubmamgdynia.pl\/index.php\/wp-json\/wp\/v2\/types\/product"}],"replies":[{"embeddable":true,"href":"http:\/\/klubmamgdynia.pl\/index.php\/wp-json\/wp\/v2\/comments?post=7978"}],"wp:featuredmedia":[{"embeddable":true,"href":"http:\/\/klubmamgdynia.pl\/index.php\/wp-json\/wp\/v2\/media\/7979"}],"wp:attachment":[{"href":"http:\/\/klubmamgdynia.pl\/index.php\/wp-json\/wp\/v2\/media?parent=7978"}],"wp:term":[{"taxonomy":"product_cat","embeddable":true,"href":"http:\/\/klubmamgdynia.pl\/index.php\/wp-json\/wp\/v2\/product_cat?post=7978"},{"taxonomy":"product_tag","embeddable":true,"href":"http:\/\/klubmamgdynia.pl\/index.php\/wp-json\/wp\/v2\/product_tag?post=7978"}],"curies":[{"name":"wp","href":"https:\/\/api.w.org\/{rel}","templated":true}]}}