{"id":798,"date":"2014-05-05T19:30:26","date_gmt":"2014-05-05T17:30:26","guid":{"rendered":"http:\/\/klubmamgdynia.pl\/index.php\/produkt\/technok-toys-hustawka-kubelkowa-z-klaksonem-5644-3-kolory\/"},"modified":"2026-05-17T22:28:42","modified_gmt":"2026-05-17T20:28:42","slug":"technok-toys-hustawka-kubelkowa-z-klaksonem-5644-3-kolory","status":"publish","type":"product","link":"http:\/\/klubmamgdynia.pl\/index.php\/produkt\/technok-toys-hustawka-kubelkowa-z-klaksonem-5644-3-kolory\/","title":{"rendered":"Technok Toys Hu\u015btawka kube\u0142kowa z klaksonem 5644 3 kolory"},"content":{"rendered":"<p>Siedzisko hu\u015btawki w kszta\u0142cie krzese\u0142ka z klaksonem, pas zabezpieczaj\u0105cy oraz maksymalne obci\u0105\u017cenie do 20 kg sprawiaj\u0105, \u017ce jest to idealna hu\u015btawka dla najm\u0142odszych dzieci. Wyposa\u017cona w solidne liny wraz z plastikowymi uchwytami do zawieszania w domu lub ogrodzie.Hu\u015btawka dost\u0119pna jest w kolorze zielonym, niebieskim lub czerwonym. Po dokonaniu zakupu prosz\u0119 poda\u0107 wybrany kolor.Naklejki na hu\u015btawce wyst\u0119puj\u0105 w r\u00f3\u017cnych wzorach.<\/p>\n<h2>Technok Toys Hu\u015btawka kube\u0142kowa z klaksonem 5644 3 kolory Technok<\/h2>\n<p>wycinanki dla dzieci do druku, desery dla dzieci, dyplom do druku, marianna imi\u0119, kolorowanki pokemon, liwia, \u015bwi\u0105teczny film dla dzieci, czapka g\u00f3rnika kolorowanka, kolorowanki do druku peppa, \u017cyczenia wielkanocne dla dzieci kr\u00f3tkie, zabawy dla 10 latk\u00f3w, zabawki na roczek<\/p>\n<p>yyyyy<\/p>\n<p>&nbsp;<\/p>\n","protected":false},"excerpt":{"rendered":"<p>Siedzisko hu\u015btawki w kszta\u0142cie krzese\u0142ka z klaksonem, pas zabezpieczaj\u0105cy oraz maksymalne obci\u0105\u017cenie do 20 kg sprawiaj\u0105, \u017ce jest to idealna hu\u015btawka dla najm\u0142odszych dzieci. Wyposa\u017cona w solidne liny wraz z plastikowymi uchwytami do zawieszania w domu lub ogrodzie.Hu\u015btawka dost\u0119pna jest w kolorze zielonym, niebieskim lub czerwonym. Po dokonaniu zakupu prosz\u0119 poda\u0107 wybrany kolor.Naklejki na hu\u015btawce [&hellip;]<\/p>\n","protected":false},"featured_media":799,"comment_status":"closed","ping_status":"open","template":"","meta":[],"product_cat":[285,284],"product_tag":[723,684,788],"class_list":["post-798","product","type-product","status-publish","has-post-thumbnail","hentry","product_cat-place-zabaw","product_cat-technok","product_tag-krotkie-bajki-do-czytania-na-dobranoc","product_tag-prezent-dla-dziewczynki-na-roczek","product_tag-zagadki-krotkie"],"_links":{"self":[{"href":"http:\/\/klubmamgdynia.pl\/index.php\/wp-json\/wp\/v2\/product\/798","targetHints":{"allow":["GET"]}}],"collection":[{"href":"http:\/\/klubmamgdynia.pl\/index.php\/wp-json\/wp\/v2\/product"}],"about":[{"href":"http:\/\/klubmamgdynia.pl\/index.php\/wp-json\/wp\/v2\/types\/product"}],"replies":[{"embeddable":true,"href":"http:\/\/klubmamgdynia.pl\/index.php\/wp-json\/wp\/v2\/comments?post=798"}],"wp:featuredmedia":[{"embeddable":true,"href":"http:\/\/klubmamgdynia.pl\/index.php\/wp-json\/wp\/v2\/media\/799"}],"wp:attachment":[{"href":"http:\/\/klubmamgdynia.pl\/index.php\/wp-json\/wp\/v2\/media?parent=798"}],"wp:term":[{"taxonomy":"product_cat","embeddable":true,"href":"http:\/\/klubmamgdynia.pl\/index.php\/wp-json\/wp\/v2\/product_cat?post=798"},{"taxonomy":"product_tag","embeddable":true,"href":"http:\/\/klubmamgdynia.pl\/index.php\/wp-json\/wp\/v2\/product_tag?post=798"}],"curies":[{"name":"wp","href":"https:\/\/api.w.org\/{rel}","templated":true}]}}