{"id":7982,"date":"2013-11-28T07:05:09","date_gmt":"2013-11-28T06:05:09","guid":{"rendered":"http:\/\/klubmamgdynia.pl\/index.php\/produkt\/bebiko-junior-4r-mleko-modyfikowane-dla-dzieci-powyzej-2-roku-zycia-3x800g\/"},"modified":"2026-05-17T22:46:33","modified_gmt":"2026-05-17T20:46:33","slug":"bebiko-junior-4r-mleko-modyfikowane-dla-dzieci-powyzej-2-roku-zycia-3x800g","status":"publish","type":"product","link":"http:\/\/klubmamgdynia.pl\/index.php\/produkt\/bebiko-junior-4r-mleko-modyfikowane-dla-dzieci-powyzej-2-roku-zycia-3x800g\/","title":{"rendered":"Bebiko Junior 4R Mleko Modyfikowane Dla Dzieci Powy\u017cej 2. Roku \u017bycia 3X800G"},"content":{"rendered":"<h2>Bebiko Junior 4R Mleko Modyfikowane Dla Dzieci Powy\u017cej 2. Roku \u017bycia 3X800G Bebiko-Nutricia<\/h2>\n<p>ale kino program, prezent na urodziny dla nastolatk\u00f3w, koreczki dla dzieci na urodziny, zdrowe przepisy dla dzieci, bajki do czytania online, cytaty o mamie, kolorowanki do druku lol, zagadki o zwierzetach, labirynt psi patrol, malowanka do druku, gdy strumyk p\u0142ynie z wolna, rodzina cytaty, przeczytaj mi wiersz, najlepsze \u017carty na prima aprilis, prezent dla 17 latki, zagadki o owocach, quiz flagi europy, wielkanocne zagadki dla dzieci<\/p>\n<p>yyyyy<\/p>\n<p>&nbsp;<\/p>\n","protected":false},"excerpt":{"rendered":"<p>Bebiko Junior 4R Mleko Modyfikowane Dla Dzieci Powy\u017cej 2. Roku \u017bycia 3X800G Bebiko-Nutricia ale kino program, prezent na urodziny dla nastolatk\u00f3w, koreczki dla dzieci na urodziny, zdrowe przepisy dla dzieci, bajki do czytania online, cytaty o mamie, kolorowanki do druku lol, zagadki o zwierzetach, labirynt psi patrol, malowanka do druku, gdy strumyk p\u0142ynie z wolna, [&hellip;]<\/p>\n","protected":false},"featured_media":7983,"comment_status":"closed","ping_status":"open","template":"","meta":[],"product_cat":[1208,19],"product_tag":[676,642,596,769,647],"class_list":["post-7982","product","type-product","status-publish","has-post-thumbnail","hentry","product_cat-bebiko-nutricia","product_cat-mleka-nastepne","product_tag-bursztynek","product_tag-mia-imie","product_tag-pomysly-na-prima-aprilis","product_tag-psi-patrol-do-czytania","product_tag-warszawa-z-dzieckiem"],"_links":{"self":[{"href":"http:\/\/klubmamgdynia.pl\/index.php\/wp-json\/wp\/v2\/product\/7982","targetHints":{"allow":["GET"]}}],"collection":[{"href":"http:\/\/klubmamgdynia.pl\/index.php\/wp-json\/wp\/v2\/product"}],"about":[{"href":"http:\/\/klubmamgdynia.pl\/index.php\/wp-json\/wp\/v2\/types\/product"}],"replies":[{"embeddable":true,"href":"http:\/\/klubmamgdynia.pl\/index.php\/wp-json\/wp\/v2\/comments?post=7982"}],"wp:featuredmedia":[{"embeddable":true,"href":"http:\/\/klubmamgdynia.pl\/index.php\/wp-json\/wp\/v2\/media\/7983"}],"wp:attachment":[{"href":"http:\/\/klubmamgdynia.pl\/index.php\/wp-json\/wp\/v2\/media?parent=7982"}],"wp:term":[{"taxonomy":"product_cat","embeddable":true,"href":"http:\/\/klubmamgdynia.pl\/index.php\/wp-json\/wp\/v2\/product_cat?post=7982"},{"taxonomy":"product_tag","embeddable":true,"href":"http:\/\/klubmamgdynia.pl\/index.php\/wp-json\/wp\/v2\/product_tag?post=7982"}],"curies":[{"name":"wp","href":"https:\/\/api.w.org\/{rel}","templated":true}]}}