{"id":7986,"date":"2020-03-22T12:38:47","date_gmt":"2020-03-22T11:38:47","guid":{"rendered":"http:\/\/klubmamgdynia.pl\/index.php\/produkt\/vitammy-warm-up-poduszka-elektryczna-rozgrzewajaca\/"},"modified":"2026-04-19T03:53:42","modified_gmt":"2026-04-19T01:53:42","slug":"vitammy-warm-up-poduszka-elektryczna-rozgrzewajaca","status":"publish","type":"product","link":"http:\/\/klubmamgdynia.pl\/index.php\/produkt\/vitammy-warm-up-poduszka-elektryczna-rozgrzewajaca\/","title":{"rendered":"VITAMMY WARM-UP Poduszka elektryczna rozgrzewaj\u0105ca"},"content":{"rendered":"<p>Termoterapia- prosta i naturalnaCierpisz na b\u00f3le plec\u00f3w, staw\u00f3w, b\u00f3le mi\u0119\u015bniowe lub b\u00f3le menstruacyjne? Ciep\u0142o jest naturalnym \u015brodkiem uspokajaj\u0105cym. Powoduje rozszerzanie si\u0119 naczy\u0144 krwiono\u015bnych i poprawia kr\u0105\u017cenie krwi, co mo\u017ce rozlu\u017ania\u0107 mi\u0119\u015bnie i u\u015bmierza\u0107 b\u00f3l, dotlenia\u0107 tkanki i usuwa\u0107 toksyny.                            <\/p>\n<p>3 poziomy grzania Vitammy Warm-UpOd przyjemnego ciep\u0142a do terapeutycznego grzania. Poziom 1: 40 stopnie C. Poziom 2: 50 stopnie C. Poziom 3: 60 stopni C. Terapia ciep\u0142em to stymulacja receptor\u00f3w czuciowych w celu zmniejszenia stopnia przekazywania sygna\u0142\u00f3w b\u00f3lowych do m\u00f3zgu.                            <\/p>\n<p>Bezpiecze\u0144stwo i komfort Vitammy Warm-UpPo 2 godzinach poduszka wy\u0142\u0105cza si\u0119 automatycznie. Vitammy Warm-Up posiada zabezpieczenie przed przegrzaniem. Posiada certyfikaty i atesty: CE\/ GS\/ EMC\/ CB\/ ROHS.                            <\/p>\n<p>Vitammy Warm-Up z nowoczesnym kontroleremBezpieczny kontroler z wy\u015bwietlaczem. Nowoczesny wygl\u0105d i najnowsze rozwi\u0105zania techniczne. Wygodny w u\u017cytkowaniu, \u0142atwy w obs\u0142udze pilot poduszki.                            <\/p>\n<p>Inteligentne grzanie Vitammy Warm-Up to oszcz\u0119dno\u015b\u0107 energiiNowa technologia zastosowana w poduszce Vitammy Warm-Up zapewnia r\u00f3wnomiern\u0105 dystrybucj\u0119 ciep\u0142a w ca\u0142ej poduszce. Jej prostok\u0105tny kszta\u0142t \u0142atwo dopasowuje si\u0119 do wszystkich cz\u0119\u015bci cia\u0142a. Vitammy Warm-Up ma moc 100W i optymalizuje ilo\u015b\u0107 zu\u017cytej energii dzi\u0119ki zaawansowanemu termostatowi sensorowemu.                            <\/p>\n<p>Poduszka Vitammy Warm-Up dla romantycznych i praktycznychJe\u015bli lubisz otulaj\u0105ce ciep\u0142o i potrzebujesz go w zimowe wieczory ta poduszka jest stworzona dla Ciebie. Poduszka Vitammy Warm-Up wykonana jest z mi\u0119kkiej, zmywalnej tkaniny. Design poduszki jest uniwersalny dla os\u00f3b w ka\u017cdym wieku. Materia\u0142 jest \u0142atwy w utrzymaniu czysto\u015bci i mi\u0119kki jak plusz. Praktyczne osoby poduszka zaskoczy mo\u017cliwo\u015bci\u0105 prania r\u0119cznego ca\u0142ej poduszki (po od\u0142\u0105czeniu przewodu). D\u0142ugo\u015b\u0107 przewodu zasilaj\u0105cego 210 cm.<\/p>\n<h2>VITAMMY WARM-UP Poduszka elektryczna rozgrzewaj\u0105ca Vitammy<\/h2>\n<p>jakie prezenty na roczek, pia, zagadki wielkanocne dla dzieci, lew czarownica i stara szafa test, kolorowe listki, pytania logiczne, zagadki dla 4 latka do druku, dzie\u0144 nauczyciela teksty<\/p>\n<p>yyyyy<\/p>\n<p>&nbsp;<\/p>\n","protected":false},"excerpt":{"rendered":"<p>Termoterapia- prosta i naturalnaCierpisz na b\u00f3le plec\u00f3w, staw\u00f3w, b\u00f3le mi\u0119\u015bniowe lub b\u00f3le menstruacyjne? Ciep\u0142o jest naturalnym \u015brodkiem uspokajaj\u0105cym. Powoduje rozszerzanie si\u0119 naczy\u0144 krwiono\u015bnych i poprawia kr\u0105\u017cenie krwi, co mo\u017ce rozlu\u017ania\u0107 mi\u0119\u015bnie i u\u015bmierza\u0107 b\u00f3l, dotlenia\u0107 tkanki i usuwa\u0107 toksyny. 3 poziomy grzania Vitammy Warm-UpOd przyjemnego ciep\u0142a do terapeutycznego grzania. Poziom 1: 40 stopnie C. Poziom [&hellip;]<\/p>\n","protected":false},"featured_media":7987,"comment_status":"closed","ping_status":"open","template":"","meta":[],"product_cat":[1685,1655],"product_tag":[833,734,589,736,601,615],"class_list":["post-7986","product","type-product","status-publish","has-post-thumbnail","hentry","product_cat-poduszki-koce-i-materace-lecznicze","product_cat-vitammy","product_tag-bajki-dla-dzieci-do-czytania","product_tag-milan-imie","product_tag-prezent-dla-rocznego-dziecka","product_tag-zabawki-na-roczek","product_tag-zagadki-co-to-jest","product_tag-znane-misie-z-filmow-animowanych"],"_links":{"self":[{"href":"http:\/\/klubmamgdynia.pl\/index.php\/wp-json\/wp\/v2\/product\/7986","targetHints":{"allow":["GET"]}}],"collection":[{"href":"http:\/\/klubmamgdynia.pl\/index.php\/wp-json\/wp\/v2\/product"}],"about":[{"href":"http:\/\/klubmamgdynia.pl\/index.php\/wp-json\/wp\/v2\/types\/product"}],"replies":[{"embeddable":true,"href":"http:\/\/klubmamgdynia.pl\/index.php\/wp-json\/wp\/v2\/comments?post=7986"}],"wp:featuredmedia":[{"embeddable":true,"href":"http:\/\/klubmamgdynia.pl\/index.php\/wp-json\/wp\/v2\/media\/7987"}],"wp:attachment":[{"href":"http:\/\/klubmamgdynia.pl\/index.php\/wp-json\/wp\/v2\/media?parent=7986"}],"wp:term":[{"taxonomy":"product_cat","embeddable":true,"href":"http:\/\/klubmamgdynia.pl\/index.php\/wp-json\/wp\/v2\/product_cat?post=7986"},{"taxonomy":"product_tag","embeddable":true,"href":"http:\/\/klubmamgdynia.pl\/index.php\/wp-json\/wp\/v2\/product_tag?post=7986"}],"curies":[{"name":"wp","href":"https:\/\/api.w.org\/{rel}","templated":true}]}}