{"id":7990,"date":"2011-06-29T13:10:02","date_gmt":"2011-06-29T11:10:02","guid":{"rendered":"http:\/\/klubmamgdynia.pl\/index.php\/produkt\/playmobil-70673-supersets-space-ranger-gift-set\/"},"modified":"2026-04-07T10:35:14","modified_gmt":"2026-04-07T08:35:14","slug":"playmobil-70673-supersets-space-ranger-gift-set","status":"publish","type":"product","link":"http:\/\/klubmamgdynia.pl\/index.php\/produkt\/playmobil-70673-supersets-space-ranger-gift-set\/","title":{"rendered":"Playmobil 70673 Supersets Space Ranger Gift Set"},"content":{"rendered":"<p>Join the astronaut on his way through the vastness of space with his cool Space Speeder. To explore the planets surface, the pilot climbs into his spe&#8230;<\/p>\n<h2>Playmobil 70673 Supersets Space Ranger Gift Set Playmobil<\/h2>\n<p>testy z zemsty, quiz minecraft, podchwytliwe zagadki dla dzieci, oryginalny prezent na roczek dla dziewczynki, aron, kr\u00f3tkie zagadki dla doros\u0142ych, co kupic na roczek, bajki na dobranoc dla dzieci, literki do pisania do druku, zagadki na inteligencje, karty pracy dla dzieci z ukrainy do druku, quiz o miko\u0142ajku, spongebob kolorowanka, zagadki zagadki, w uk\u0142adzie s\u0142onecznym, przyjazn, \u0142\u00f3d\u017a atrakcje dla dzieci, plac zabaw pozna\u0144, jak narysowa\u0107 sanie miko\u0142aja, gad\u017cety dla nastolatki<\/p>\n<p>yyyyy<\/p>\n<p>&nbsp;<\/p>\n","protected":false},"excerpt":{"rendered":"<p>Join the astronaut on his way through the vastness of space with his cool Space Speeder. To explore the planets surface, the pilot climbs into his spe&#8230; Playmobil 70673 Supersets Space Ranger Gift Set Playmobil testy z zemsty, quiz minecraft, podchwytliwe zagadki dla dzieci, oryginalny prezent na roczek dla dziewczynki, aron, kr\u00f3tkie zagadki dla doros\u0142ych, [&hellip;]<\/p>\n","protected":false},"featured_media":7991,"comment_status":"closed","ping_status":"open","template":"","meta":[],"product_cat":[113,466],"product_tag":[864,836,866],"class_list":["post-7990","product","type-product","status-publish","has-post-thumbnail","hentry","product_cat-klocki","product_cat-playmobil","product_tag-basen-warszawa","product_tag-co-kupic-dziecku-na-roczek","product_tag-opis-do-zdjecia-dziecka-na-fb"],"_links":{"self":[{"href":"http:\/\/klubmamgdynia.pl\/index.php\/wp-json\/wp\/v2\/product\/7990","targetHints":{"allow":["GET"]}}],"collection":[{"href":"http:\/\/klubmamgdynia.pl\/index.php\/wp-json\/wp\/v2\/product"}],"about":[{"href":"http:\/\/klubmamgdynia.pl\/index.php\/wp-json\/wp\/v2\/types\/product"}],"replies":[{"embeddable":true,"href":"http:\/\/klubmamgdynia.pl\/index.php\/wp-json\/wp\/v2\/comments?post=7990"}],"wp:featuredmedia":[{"embeddable":true,"href":"http:\/\/klubmamgdynia.pl\/index.php\/wp-json\/wp\/v2\/media\/7991"}],"wp:attachment":[{"href":"http:\/\/klubmamgdynia.pl\/index.php\/wp-json\/wp\/v2\/media?parent=7990"}],"wp:term":[{"taxonomy":"product_cat","embeddable":true,"href":"http:\/\/klubmamgdynia.pl\/index.php\/wp-json\/wp\/v2\/product_cat?post=7990"},{"taxonomy":"product_tag","embeddable":true,"href":"http:\/\/klubmamgdynia.pl\/index.php\/wp-json\/wp\/v2\/product_tag?post=7990"}],"curies":[{"name":"wp","href":"https:\/\/api.w.org\/{rel}","templated":true}]}}