{"id":7992,"date":"2025-06-09T23:21:56","date_gmt":"2025-06-09T21:21:56","guid":{"rendered":"http:\/\/klubmamgdynia.pl\/?post_type=product&#038;p=7992"},"modified":"2026-05-17T23:01:00","modified_gmt":"2026-05-17T21:01:00","slug":"majorette-city-rockerz-5-rodzajow","status":"publish","type":"product","link":"http:\/\/klubmamgdynia.pl\/index.php\/produkt\/majorette-city-rockerz-5-rodzajow\/","title":{"rendered":"Majorette City Rockerz, 5 Rodzaj\u00f3w"},"content":{"rendered":"<p>Mix wzor\u00f3w. Towar wysy\u0142any losowo.Znane pojazdy miejskie o monstrualnym wygl\u0105dzie. W tej kolekcji znajduj\u0105 si\u0119 policja, stra\u017c po\u017carna, taks\u00f3wka, \u015bmieciarka i pojazd z lodami jakoci\u0119\u017car\u00f3wka na ponadwymiarowych monstrualnych oponach. Modele takie jak Ford Raptor, Jeep Wrangler, VW Beetle, VW T1 i MAN TGS pokazuj\u0105si\u0119 tu z zupe\u0142nie nowej strony. Monstrualne wersje maj\u0105 odpowiednio du\u017ce gumowe opony oraz wysokiej jako\u015bci zawieszenie i uk\u0142adkierowniczy. Samochody-zabawki sprawiaj\u0105,&#8230;<\/p>\n<h2>Majorette City Rockerz, 5 Rodzaj\u00f3w Majorette<\/h2>\n<p>mandale do druku, kolorowanka kotki, karty matematyczne tabliczka mno\u017cenia do wydruku, opowie\u015bci z narni lew czarownica i stara szafa test, imie paula, kolorowe listki<\/p>\n<p>yyyyy<\/p>\n<p>&nbsp;<\/p>\n","protected":false},"excerpt":{"rendered":"<p>Mix wzor\u00f3w. Towar wysy\u0142any losowo.Znane pojazdy miejskie o monstrualnym wygl\u0105dzie. W tej kolekcji znajduj\u0105 si\u0119 policja, stra\u017c po\u017carna, taks\u00f3wka, \u015bmieciarka i pojazd z lodami jakoci\u0119\u017car\u00f3wka na ponadwymiarowych monstrualnych oponach. Modele takie jak Ford Raptor, Jeep Wrangler, VW Beetle, VW T1 i MAN TGS pokazuj\u0105si\u0119 tu z zupe\u0142nie nowej strony. Monstrualne wersje maj\u0105 odpowiednio du\u017ce gumowe [&hellip;]<\/p>\n","protected":false},"featured_media":7993,"comment_status":"closed","ping_status":"open","template":"","meta":[],"product_cat":[303,343],"product_tag":[792,612,597],"class_list":["post-7992","product","type-product","status-publish","has-post-thumbnail","hentry","product_cat-kolekcjonerskie-modele-pojazdow","product_cat-majorette","product_tag-cytaty-o-mamie","product_tag-kolorowanki-do-druku","product_tag-zagadki-o-zimie"],"_links":{"self":[{"href":"http:\/\/klubmamgdynia.pl\/index.php\/wp-json\/wp\/v2\/product\/7992","targetHints":{"allow":["GET"]}}],"collection":[{"href":"http:\/\/klubmamgdynia.pl\/index.php\/wp-json\/wp\/v2\/product"}],"about":[{"href":"http:\/\/klubmamgdynia.pl\/index.php\/wp-json\/wp\/v2\/types\/product"}],"replies":[{"embeddable":true,"href":"http:\/\/klubmamgdynia.pl\/index.php\/wp-json\/wp\/v2\/comments?post=7992"}],"wp:featuredmedia":[{"embeddable":true,"href":"http:\/\/klubmamgdynia.pl\/index.php\/wp-json\/wp\/v2\/media\/7993"}],"wp:attachment":[{"href":"http:\/\/klubmamgdynia.pl\/index.php\/wp-json\/wp\/v2\/media?parent=7992"}],"wp:term":[{"taxonomy":"product_cat","embeddable":true,"href":"http:\/\/klubmamgdynia.pl\/index.php\/wp-json\/wp\/v2\/product_cat?post=7992"},{"taxonomy":"product_tag","embeddable":true,"href":"http:\/\/klubmamgdynia.pl\/index.php\/wp-json\/wp\/v2\/product_tag?post=7992"}],"curies":[{"name":"wp","href":"https:\/\/api.w.org\/{rel}","templated":true}]}}