{"id":7996,"date":"2022-06-22T18:07:39","date_gmt":"2022-06-22T16:07:39","guid":{"rendered":"http:\/\/klubmamgdynia.pl\/index.php\/produkt\/lol-surprise-mydlo-w-plynie-cupcake-250ml\/"},"modified":"2026-04-05T21:38:17","modified_gmt":"2026-04-05T19:38:17","slug":"lol-surprise-mydlo-w-plynie-cupcake-250ml","status":"publish","type":"product","link":"http:\/\/klubmamgdynia.pl\/index.php\/produkt\/lol-surprise-mydlo-w-plynie-cupcake-250ml\/","title":{"rendered":"LOL Surprise Myd\u0142o W P\u0142ynie Cupcake 250Ml"},"content":{"rendered":"<p>L.O.L Surprise Cupcake &#8211; myd\u0142o w p\u0142ynie dla dzieciMyd\u0142o w p\u0142ynie do r\u0105k skutecznie oczyszcza sk\u00f3r\u0119 d\u0142oni pozostawiaj\u0105c naturalne dla sk\u00f3ry pH. Ciasteczkowy zapach i \u0142agodne substancje myj\u0105ce sprawi\u0105, \u017ce regularne mycie r\u0105k b\u0119dzie przyjemno\u015bci\u0105, a nie obowi\u0105zkiem.Najwa\u017cniejsze cechy:delikatna i skutecznie oczyszczanie podra\u017cnia sk\u00f3ryotula s\u0142odkim zapachem ciasteczek#html-body [<\/p>\n<h2>LOL Surprise Myd\u0142o W P\u0142ynie Cupcake 250Ml LOL Surprise<\/h2>\n<p>test z narnii, hejka tu lenka quizy, gad\u017cety dla nastolatk\u00f3w 2021, jak si\u0119 rysuje psa, paloma<\/p>\n<p>yyyyy<\/p>\n<p>&nbsp;<\/p>\n","protected":false},"excerpt":{"rendered":"<p>L.O.L Surprise Cupcake &#8211; myd\u0142o w p\u0142ynie dla dzieciMyd\u0142o w p\u0142ynie do r\u0105k skutecznie oczyszcza sk\u00f3r\u0119 d\u0142oni pozostawiaj\u0105c naturalne dla sk\u00f3ry pH. Ciasteczkowy zapach i \u0142agodne substancje myj\u0105ce sprawi\u0105, \u017ce regularne mycie r\u0105k b\u0119dzie przyjemno\u015bci\u0105, a nie obowi\u0105zkiem.Najwa\u017cniejsze cechy:delikatna i skutecznie oczyszczanie podra\u017cnia sk\u00f3ryotula s\u0142odkim zapachem ciasteczek#html-body [ LOL Surprise Myd\u0142o W P\u0142ynie Cupcake 250Ml [&hellip;]<\/p>\n","protected":false},"featured_media":7997,"comment_status":"closed","ping_status":"open","template":"","meta":[],"product_cat":[474,294],"product_tag":[852,585,605,795,815,751],"class_list":["post-7996","product","type-product","status-publish","has-post-thumbnail","hentry","product_cat-kosmetyki-dla-dzieci-i-niemowlat","product_cat-lol-surprise","product_tag-jak-zrobic-samolot-z-papieru","product_tag-kolorowanki-dla-chlopcow","product_tag-milena","product_tag-mini-zoo-warszawa","product_tag-ozdoby-choinkowe-dla-dzieci","product_tag-psi-patrol-kolorowanka"],"_links":{"self":[{"href":"http:\/\/klubmamgdynia.pl\/index.php\/wp-json\/wp\/v2\/product\/7996","targetHints":{"allow":["GET"]}}],"collection":[{"href":"http:\/\/klubmamgdynia.pl\/index.php\/wp-json\/wp\/v2\/product"}],"about":[{"href":"http:\/\/klubmamgdynia.pl\/index.php\/wp-json\/wp\/v2\/types\/product"}],"replies":[{"embeddable":true,"href":"http:\/\/klubmamgdynia.pl\/index.php\/wp-json\/wp\/v2\/comments?post=7996"}],"wp:featuredmedia":[{"embeddable":true,"href":"http:\/\/klubmamgdynia.pl\/index.php\/wp-json\/wp\/v2\/media\/7997"}],"wp:attachment":[{"href":"http:\/\/klubmamgdynia.pl\/index.php\/wp-json\/wp\/v2\/media?parent=7996"}],"wp:term":[{"taxonomy":"product_cat","embeddable":true,"href":"http:\/\/klubmamgdynia.pl\/index.php\/wp-json\/wp\/v2\/product_cat?post=7996"},{"taxonomy":"product_tag","embeddable":true,"href":"http:\/\/klubmamgdynia.pl\/index.php\/wp-json\/wp\/v2\/product_tag?post=7996"}],"curies":[{"name":"wp","href":"https:\/\/api.w.org\/{rel}","templated":true}]}}