{"id":7998,"date":"2025-02-22T16:16:15","date_gmt":"2025-02-22T15:16:15","guid":{"rendered":"http:\/\/klubmamgdynia.pl\/?post_type=product&#038;p=7998"},"modified":"2026-04-07T12:38:09","modified_gmt":"2026-04-07T10:38:09","slug":"janod-puzzle-w-walizce-mapa-swiata-300-elementow-j02775","status":"publish","type":"product","link":"http:\/\/klubmamgdynia.pl\/index.php\/produkt\/janod-puzzle-w-walizce-mapa-swiata-300-elementow-j02775\/","title":{"rendered":"Janod Puzzle W Walizce Mapa \u015awiata 300 Element\u00f3w J02775"},"content":{"rendered":"<p>Janod &#8211; Puzzle w walizce Mapa \u015awiata 300 element\u00f3w Puzzle Mapa Gigant francuskiej marki Janod to zabawka idealna dla starszych dzieci, poniewa\u017c \u0142\u0105czy nauk\u0119 z zabaw\u0105, ale wymaga te\u017c precyzji i skupienia. Puzzle sk\u0142adaj\u0105 si\u0119 a\u017c z 300 drobnych element\u00f3w. Uk\u0142adaj\u0105c je, dzieci poznaj\u0105 kontynenty i ich mieszka\u0144c\u00f3w, zwierz\u0119ta, ro\u015blinno\u015b\u0107 oraz aktywno\u015bci ludzi z ca\u0142ego \u015bwiata. Puzzle zosta\u0142y wykonane z trwa\u0142ego kartonu o kszta\u0142tach, kt\u00f3re pozwalaj\u0105 na \u0142atwe \u0142\u0105czenie element\u00f3w. Zaprojektowane we Francji.Opakowanie ma form\u0119 okr\u0105g\u0142ej walizki z uchwytem, dzi\u0119ki czemu wygl\u0105da elegancko i idealnie nadaje si\u0119 na prezent. Uk\u0142adanie puzzli stymuluje rozw\u00f3j m\u00f3zgu dziecka ju\u017c od najm\u0142odszych lat. To znakomity trening pami\u0119ci i koncentracji, kt\u00f3ry dodatkowo uczy rozpoznawania kszta\u0142t\u00f3w oraz logicznego my\u015blenia. Puzzle rozwijaj\u0105 te\u017c wiar\u0119 we w\u0142asne mo\u017cliwo\u015bci, \u0107wicz\u0105 sprawno\u015b\u0107 manualn\u0105 d\u0142oni i cierpliwo\u015b\u0107. Janod od 1970 roku niezmiennie projektuje zabawki, \u0142\u0105cz\u0105ce innowacyjno\u015b\u0107 z francuskim designem i najwy\u017csz\u0105 jako\u015bci\u0105. Unikalne produkty Janod tworzone s\u0105 z drewna i innych solidnych, trwa\u0142ych materia\u0142\u00f3w, a przede wszystkim \u2013 z dzieci\u0119cych marze\u0144! Janod \u2013 JUST PLAYkategoria: puzzleindeks: J02775producent: Janodwiek: 6-9 latliczba element\u00f3w: 300materia\u0142: twardy kartondesign: Francjawymiary produktu: 99 x 69 cmwaga produktu: 1,4 kgwymiary opakowania: 29,5 x 9 x 27,5 cm bezpiecze\u0144stwo i jako\u015b\u0107: EN71-1; EN71-2, EN71-3; REACH gwarancja 12 miesi\u0119cy Puzzle Mapa Gigant francuskiej marki Janod to zabawka idealna dla starszych dzieci, poniewa\u017c \u0142\u0105czy nauk\u0119 z zabaw\u0105, ale wymaga te\u017c precyzji i skupienia. Puzzle sk\u0142adaj\u0105 si\u0119 a\u017c z 300 drobnych element\u00f3w.Agito: takKod Producenta: 3700217327750seria: Puzzle<\/p>\n<h2>Janod Puzzle W Walizce Mapa \u015awiata 300 Element\u00f3w J02775 Janod<\/h2>\n<p>test szatan z si\u00f3dmej klasy, niespotykane imiona \u017ce\u0144skie, kr\u00f3tkie zagadki, zaproszenia urodzinowe do druku, pikachu kolorowanka, ozdoby choinkowe dla dzieci, adriana imie, zagadki na logike, darmowy szablon list do miko\u0142aja, maska do druku, zagadki logiczne matematyczne dla dzieci, bajki na dobranoc psi patrol, pierniki na bo\u017ce narodzenie, kolorowanki dla dziewczyn, atrakcje dla dzieci pozna\u0144 2021, przysz\u0142a zima bia\u0142a, zagadki dla nastolatk\u00f3w, jak zrobi\u0107 wulkan, ela znaczenie imienia, test z lektury pies kt\u00f3ry je\u017adzi\u0142 kolej\u0105, sandra imie<\/p>\n<p>yyyyy<\/p>\n<p>&nbsp;<\/p>\n","protected":false},"excerpt":{"rendered":"<p>Janod &#8211; Puzzle w walizce Mapa \u015awiata 300 element\u00f3w Puzzle Mapa Gigant francuskiej marki Janod to zabawka idealna dla starszych dzieci, poniewa\u017c \u0142\u0105czy nauk\u0119 z zabaw\u0105, ale wymaga te\u017c precyzji i skupienia. Puzzle sk\u0142adaj\u0105 si\u0119 a\u017c z 300 drobnych element\u00f3w. Uk\u0142adaj\u0105c je, dzieci poznaj\u0105 kontynenty i ich mieszka\u0144c\u00f3w, zwierz\u0119ta, ro\u015blinno\u015b\u0107 oraz aktywno\u015bci ludzi z ca\u0142ego [&hellip;]<\/p>\n","protected":false},"featured_media":7999,"comment_status":"closed","ping_status":"open","template":"","meta":[],"product_cat":[557,90],"product_tag":[832,655,787,783,794],"class_list":["post-7998","product","type-product","status-publish","has-post-thumbnail","hentry","product_cat-janod","product_cat-puzzle","product_tag-desery-dla-dzieci","product_tag-najlepsze-zagadki","product_tag-nauka-pisania-wyrazow-dla-dzieci-do-druku-pdf","product_tag-prezenty-na-roczek-dla-chlopca","product_tag-test-opowiesci-z-narnii-lew-czarownica-i-stara-szafa-do-druku"],"_links":{"self":[{"href":"http:\/\/klubmamgdynia.pl\/index.php\/wp-json\/wp\/v2\/product\/7998","targetHints":{"allow":["GET"]}}],"collection":[{"href":"http:\/\/klubmamgdynia.pl\/index.php\/wp-json\/wp\/v2\/product"}],"about":[{"href":"http:\/\/klubmamgdynia.pl\/index.php\/wp-json\/wp\/v2\/types\/product"}],"replies":[{"embeddable":true,"href":"http:\/\/klubmamgdynia.pl\/index.php\/wp-json\/wp\/v2\/comments?post=7998"}],"wp:featuredmedia":[{"embeddable":true,"href":"http:\/\/klubmamgdynia.pl\/index.php\/wp-json\/wp\/v2\/media\/7999"}],"wp:attachment":[{"href":"http:\/\/klubmamgdynia.pl\/index.php\/wp-json\/wp\/v2\/media?parent=7998"}],"wp:term":[{"taxonomy":"product_cat","embeddable":true,"href":"http:\/\/klubmamgdynia.pl\/index.php\/wp-json\/wp\/v2\/product_cat?post=7998"},{"taxonomy":"product_tag","embeddable":true,"href":"http:\/\/klubmamgdynia.pl\/index.php\/wp-json\/wp\/v2\/product_tag?post=7998"}],"curies":[{"name":"wp","href":"https:\/\/api.w.org\/{rel}","templated":true}]}}