{"id":800,"date":"2011-12-09T11:47:47","date_gmt":"2011-12-09T10:47:47","guid":{"rendered":"http:\/\/klubmamgdynia.pl\/index.php\/produkt\/medela-biustonosz-ciazowy-i-do-karmienia-s-bialy\/"},"modified":"2026-04-19T16:57:54","modified_gmt":"2026-04-19T14:57:54","slug":"medela-biustonosz-ciazowy-i-do-karmienia-s-bialy","status":"publish","type":"product","link":"http:\/\/klubmamgdynia.pl\/index.php\/produkt\/medela-biustonosz-ciazowy-i-do-karmienia-s-bialy\/","title":{"rendered":"Medela Biustonosz Ci\u0105\u017cowy I Do Karmienia S Bia\u0142y"},"content":{"rendered":"<p>Medela Biustonosz Ci\u0105\u017cowy I Do Karmienia Bia\u0142y                            <\/p>\n<p>Ten elastyczny biustonosz do karmienia doskonale sprawdza si\u0119 podczas ci\u0105\u017cy i karmienia piersi\u0105. Jest bezszwowy i nie zawiera \u017cadnych fiszbin ani metek, dzi\u0119ki czemu jest niezwykle wygodny.\u00a0Mo\u017cesz zacz\u0105\u0107 nosi\u0107 tego rodzaju biustonosz ju\u017c w czasie ci\u0105\u017cy, gdy Twoje standardowe biustonosze oka\u017c\u0105 si\u0119 zbyt ma\u0142e. Po rozpocz\u0119ciu laktacji biustonosze z ca\u0142kowicie odpinanymi miseczkami umo\u017cliwi\u0105 Ci \u0142atwe i dyskretne karmienie piersi\u0105.Proste zapi\u0119cie\/rozpi\u0119cie mo\u017cliwe przy u\u017cyciu jednej r\u0119ki.Podtrzymuj\u0105cy pas pod biustem wykonany jest z dzianiny strefowej, co pozwala na dopasowanie si\u0119 do zmieniaj\u0105cego si\u0119 kszta\u0142tu cia\u0142a.                            <\/p>\n<p>Biustonosz na czas ci\u0105\u017cy i do karmienia dostosowany do Twoich potrzebCia\u0142o kobiety zmienia si\u0119 podczas ci\u0105\u017cy i po porodzie. Dlatego ubrania dla matek firmy Medela s\u0105 dostosowane do Twoich potrzeb. Biustonosz do karmienia doskonale sprawdza si\u0119 podczas ci\u0105\u017cy i karmienia dziecka bez wzgl\u0119du na Tw\u00f3j stan, rozmiar piersi czy okazj\u0119.Podtrzymuj\u0105cy piersi biustonosz do karmienia bez szw\u00f3w i fiszbin jest najlepszym wyborem w ci\u0105gu dnia. Twoje standardowe biustonosze oka\u017c\u0105 si\u0119 zbyt ma\u0142e. Po rozpocz\u0119ciu laktacji biustonosze z ca\u0142kowicie odpinanymi miseczkami umo\u017cliwi\u0105 Ci \u0142atwe i dyskretne karmienie piersi\u0105.                            <\/p>\n<p>Z my\u015bl\u0105 o kobietach w ci\u0105\u017cyi karmi\u0105cych piersi\u0105. Modele w rozmiarze L\/XL zapinane s\u0105 na trzy rz\u0119dy haftek.                            <\/p>\n<p>Wysokiej jako\u015bci elastyczny materia\u0142 doskonale dopasowuje si\u0119 do zmieniaj\u0105cego si\u0119 kszta\u0142tu Twojego cia\u0142a. Brak szw\u00f3w i fiszbin zapewnia maksymalny komfort                            <\/p>\n<p>Opatentowane zapi\u0119cia typu \u201eotw\u00f3rz-zamknij\u201d umo\u017cliwiaj\u0105 zapinanie i rozpinanie miseczek jedn\u0105 r\u0119k\u0105, dzi\u0119ki czemu mo\u017cna to zrobi\u0107 \u0142atwo i szybko, jednocze\u015bnie maj\u0105c pewno\u015b\u0107, \u017ce samoistnie si\u0119 nie otworz\u0105.                            <\/p>\n<p>JAK DOBRA\u0106 ROZMIAR?                            <\/p>\n<p>Ka\u017cda kobieta jest inna, a Medela uwzgl\u0119dnia te r\u00f3\u017cnice. Je\u017celi nie mo\u017cesz znale\u017a\u0107 swojego rozmiaru w naszej tabeli rozmiar\u00f3w, radzimy wybra\u0107 rozmiar biustonosza Medela najbardziej zbli\u017cony do Twoich wymiar\u00f3w.                            <\/p>\n<p>SPRAWD\u0179 BIUSTONOSZE MEDELA &#8211; CI\u0104\u017bOWE I DO KARMIENIA                            <\/p>\n<p>Medela biustonosz ci\u0105\u017cowy i do karmienia\u00a0Bia\u0142y                            <\/p>\n<p>Medela biustonosz ci\u0105\u017cowy i do karmienia\u00a0Czarny<\/p>\n<h2>Medela Biustonosz Ci\u0105\u017cowy I Do Karmienia S Bia\u0142y Medela<\/h2>\n<p>zabawy dla 7 latki, miasto dzieci krak\u00f3w, pomys\u0142 na prima aprilis, dzie\u0144 dziecka dla nastolatk\u00f3w, quizy online, cytat o dziecku, rysunki dla pocz\u0105tkuj\u0105cych, test z lektury kajko i kokosz szko\u0142a latania, prezent dla nastolatki, szopka do druku, harry potter kolorowanka, rebusy i krzy\u017c\u00f3wki dla dzieci do druku, mitologia test, kolorowanka lol, lego ninjago kolorowanki, mapa polski do druku, \u017cyczenia na lany poniedzia\u0142ek wielkanocny<\/p>\n<p>yyyyy<\/p>\n<p>&nbsp;<\/p>\n","protected":false},"excerpt":{"rendered":"<p>Medela Biustonosz Ci\u0105\u017cowy I Do Karmienia Bia\u0142y Ten elastyczny biustonosz do karmienia doskonale sprawdza si\u0119 podczas ci\u0105\u017cy i karmienia piersi\u0105. Jest bezszwowy i nie zawiera \u017cadnych fiszbin ani metek, dzi\u0119ki czemu jest niezwykle wygodny.\u00a0Mo\u017cesz zacz\u0105\u0107 nosi\u0107 tego rodzaju biustonosz ju\u017c w czasie ci\u0105\u017cy, gdy Twoje standardowe biustonosze oka\u017c\u0105 si\u0119 zbyt ma\u0142e. Po rozpocz\u0119ciu laktacji biustonosze [&hellip;]<\/p>\n","protected":false},"featured_media":801,"comment_status":"closed","ping_status":"open","template":"","meta":[],"product_cat":[258,267],"product_tag":[853,813,689,757,641],"class_list":["post-800","product","type-product","status-publish","has-post-thumbnail","hentry","product_cat-bielizna-ciazowa","product_cat-medela","product_tag-kolorowanki-do-druku-dla-doroslych","product_tag-krotkie-zagadki-matematyczne-z-odpowiedziami","product_tag-linda","product_tag-test-z-lektury-ania-z-zielonego-wzgorza-klasa-6-z-odpowiedziami","product_tag-trudne-zagadki-logiczne"],"_links":{"self":[{"href":"http:\/\/klubmamgdynia.pl\/index.php\/wp-json\/wp\/v2\/product\/800","targetHints":{"allow":["GET"]}}],"collection":[{"href":"http:\/\/klubmamgdynia.pl\/index.php\/wp-json\/wp\/v2\/product"}],"about":[{"href":"http:\/\/klubmamgdynia.pl\/index.php\/wp-json\/wp\/v2\/types\/product"}],"replies":[{"embeddable":true,"href":"http:\/\/klubmamgdynia.pl\/index.php\/wp-json\/wp\/v2\/comments?post=800"}],"wp:featuredmedia":[{"embeddable":true,"href":"http:\/\/klubmamgdynia.pl\/index.php\/wp-json\/wp\/v2\/media\/801"}],"wp:attachment":[{"href":"http:\/\/klubmamgdynia.pl\/index.php\/wp-json\/wp\/v2\/media?parent=800"}],"wp:term":[{"taxonomy":"product_cat","embeddable":true,"href":"http:\/\/klubmamgdynia.pl\/index.php\/wp-json\/wp\/v2\/product_cat?post=800"},{"taxonomy":"product_tag","embeddable":true,"href":"http:\/\/klubmamgdynia.pl\/index.php\/wp-json\/wp\/v2\/product_tag?post=800"}],"curies":[{"name":"wp","href":"https:\/\/api.w.org\/{rel}","templated":true}]}}