{"id":8000,"date":"2015-10-25T10:54:49","date_gmt":"2015-10-25T09:54:49","guid":{"rendered":"http:\/\/klubmamgdynia.pl\/index.php\/produkt\/hh-poland-samochod-na-radio-213120\/"},"modified":"2026-05-01T13:19:38","modified_gmt":"2026-05-01T11:19:38","slug":"hh-poland-samochod-na-radio-213120","status":"publish","type":"product","link":"http:\/\/klubmamgdynia.pl\/index.php\/produkt\/hh-poland-samochod-na-radio-213120\/","title":{"rendered":"Hh Poland Samoch\u00f3d Na Radio 213120"},"content":{"rendered":"<h2>Hh Poland Samoch\u00f3d Na Radio 213120 HH Poland<\/h2>\n<p>dzie\u0144 pluszowego misia napis, bombki do kolorowania, kr\u00f3tkie zagadki dla doros\u0142ych, bajki dla noworodka, zagadki dla dzieci 6 lat, znaki drogowe test online<\/p>\n<p>yyyyy<\/p>\n<p>&nbsp;<\/p>\n","protected":false},"excerpt":{"rendered":"<p>Hh Poland Samoch\u00f3d Na Radio 213120 HH Poland dzie\u0144 pluszowego misia napis, bombki do kolorowania, kr\u00f3tkie zagadki dla doros\u0142ych, bajki dla noworodka, zagadki dla dzieci 6 lat, znaki drogowe test online yyyyy &nbsp;<\/p>\n","protected":false},"featured_media":8001,"comment_status":"closed","ping_status":"open","template":"","meta":[],"product_cat":[290,337],"product_tag":[722,832,736,788,811],"class_list":["post-8000","product","type-product","status-publish","has-post-thumbnail","hentry","product_cat-hh-poland","product_cat-zabawki-zdalnie-sterowane","product_tag-cytaty-o-przyjazni","product_tag-desery-dla-dzieci","product_tag-zabawki-na-roczek","product_tag-zagadki-krotkie","product_tag-zagadki-logiczne-dla-dzieci"],"_links":{"self":[{"href":"http:\/\/klubmamgdynia.pl\/index.php\/wp-json\/wp\/v2\/product\/8000","targetHints":{"allow":["GET"]}}],"collection":[{"href":"http:\/\/klubmamgdynia.pl\/index.php\/wp-json\/wp\/v2\/product"}],"about":[{"href":"http:\/\/klubmamgdynia.pl\/index.php\/wp-json\/wp\/v2\/types\/product"}],"replies":[{"embeddable":true,"href":"http:\/\/klubmamgdynia.pl\/index.php\/wp-json\/wp\/v2\/comments?post=8000"}],"wp:featuredmedia":[{"embeddable":true,"href":"http:\/\/klubmamgdynia.pl\/index.php\/wp-json\/wp\/v2\/media\/8001"}],"wp:attachment":[{"href":"http:\/\/klubmamgdynia.pl\/index.php\/wp-json\/wp\/v2\/media?parent=8000"}],"wp:term":[{"taxonomy":"product_cat","embeddable":true,"href":"http:\/\/klubmamgdynia.pl\/index.php\/wp-json\/wp\/v2\/product_cat?post=8000"},{"taxonomy":"product_tag","embeddable":true,"href":"http:\/\/klubmamgdynia.pl\/index.php\/wp-json\/wp\/v2\/product_tag?post=8000"}],"curies":[{"name":"wp","href":"https:\/\/api.w.org\/{rel}","templated":true}]}}