{"id":8002,"date":"2023-05-12T04:49:04","date_gmt":"2023-05-12T02:49:04","guid":{"rendered":"http:\/\/klubmamgdynia.pl\/?post_type=product&#038;p=8002"},"modified":"2026-04-12T13:40:54","modified_gmt":"2026-04-12T11:40:54","slug":"vitammy-dino-pink","status":"publish","type":"product","link":"http:\/\/klubmamgdynia.pl\/index.php\/produkt\/vitammy-dino-pink\/","title":{"rendered":"Vitammy Dino Pink"},"content":{"rendered":"<p>Vitammy Little Dino to innowacyjna linia specjalistycznych szczoteczek sonicznych zaprojektowanych dla dzieci od 3 lat.Vitammy Little Dino Yellow zapewnia dzieciom ten sam poziom higieny, jaki doros\u0142ym oferuj\u0105 zaawansowane szczoteczki soniczne przy zachowaniu pe\u0142nego bezpiecze\u0144stwa. Pozwala w pe\u0142ni wykorzysta\u0107 zalety technologii sonicznej do higieny jamy ustnej u dzieci. Oferuje du\u017c\u0105 liczb\u0119 pe\u0142nych ruch\u00f3w wymieraj\u0105cych o obni\u017conej energii. Maksymalna liczba drga\u0144 jest wysoka- 62 000, poniewa\u017c im wi\u0119ksza cz\u0119stotliwo\u015b\u0107, tym mniejsze drgania obudowy. Drgania obudowy s\u0105 nieprzyjemne dla dzieci dlatego tw\u00f3rca tych szczoteczek zadba\u0142 o ten szczeg\u00f3\u0142 i wyciszy\u0142 obudow\u0119 tak by by\u0142a komfortowa.                            <\/p>\n<p>Specjalistyczna, profesjonalna i zaawansowana szczoteczka Vitammy Little DinoZaprojektowana z troski o dzieci &#8211; z my\u015bl\u0105 o ich potrzebach, rado\u015bci, ergonomii i bezpiecze\u0144stwie. Zapewnia dzieciom ten sam poziom higieny, jaki doros\u0142ym oferuj\u0105 zaawansowane szczoteczki soniczne przy zachowaniu pe\u0142nego bezpiecze\u0144stwa. Pozwala w pe\u0142ni wykorzysta\u0107 zalety technologii sonicznej do higieny jamy ustnej u dzieci, tj. oferuje du\u017c\u0105 liczb\u0119 pe\u0142nych ruch\u00f3w wymiataj\u0105cych o obni\u017conej energii.                            <\/p>\n<p>Mycie z\u0119b\u00f3w nie musi by\u0107 nudneWyj\u0105tkowa forma, kt\u00f3ra przykuwa uwag\u0119 i anga\u017cuje. Lekka i wygodna do trzymania. T\u0142umione drgania obudowy. Ergonomiczna, antypo\u015blizgowa r\u0105czka, grzbiet i \u0142atwe do samodzielnej obs\u0142ugi przez dziecko przyciski. 3 dopasowane do dzieci programy: nocny, dzienny, smart. Szczoteczka Vitammy Dino powsta\u0142a z my\u015bl\u0105 o tym, aby w atrakcyjny spos\u00f3b zach\u0119ci\u0107 najm\u0142odszych do efektywnego mycia z\u0119b\u00f3w i odpowiedniego dbania o higien\u0119 jamy ustnej. Wysoka cz\u0119stotliwo\u015b\u0107 drga\u0144 w po\u0142\u0105czeniu z wymiataj\u0105cym ruchem g\u0142\u00f3wki pozwalaj\u0105 oczy\u015bci\u0107 z\u0119by, j\u0119zyk i dzi\u0105s\u0142a tak jak profesjonalne szczoteczki dla doros\u0142ych.Szczoteczka Vitammy Little Dino to Tw\u00f3j nowy sprzymierzeniec w walce z pr\u00f3chnic\u0105Vitammy Dino posiadaj\u0105 specjalnie ukszta\u0142towan\u0105, wielofunkcyjn\u0105 g\u0142\u00f3wk\u0119 z elastycznymi w\u0142\u00f3knami o zaokr\u0105glonych ko\u0144cach. Dodatkowe silikonowe wypustki i powierzchnia do mycia j\u0119zyka zapewniaj\u0105 efektywne usuwanie zanieczyszcze\u0144 i ochron\u0119 delikatnych dzieci\u0119cych dzi\u0105se\u0142. Wbudowany timer pomaga przestrzega\u0107 rekomendowanego czasu szczotkowania. Wykonane s\u0105 z bezpiecznych atestowanych materia\u0142\u00f3w posiadaj\u0105cych certyfikat do kontaktu z \u017cywno\u015bci\u0105.Innowacyjna g\u0142\u00f3wkaInnowacyjna budowa g\u0142\u00f3wki: mi\u0119kkie zaokr\u0105glone w\u0142\u00f3kna znakomicie czyszcz\u0105 z\u0119by przy jednoczesnym dbaniu o szkliwo; silikonowe wypustki delikatnie masuj\u0105 dzi\u0105s\u0142a. Powierzchnia myj\u0105ca j\u0119zyk.Bezpiecze\u0144stwoAtestowane materia\u0142y min. certyfikowane do kontaktu z \u017cywno\u015bci\u0105 i jama ustna. Zaokr\u0105glone kszta\u0142ty obudowy, g\u0142\u00f3wki i ko\u0144c\u00f3wek w\u0142\u00f3kien g\u0142\u00f3wki (w\u0142\u00f3kna DUPONT). Specjalne, delikatne programy mycia dla dzieci o obni\u017conej energii z zachowaniem du\u017cej liczby ruch\u00f3w wymagaj\u0105cych.Nowoczesna, zaawansowana technologiaEnergooszcz\u0119dny, trwa\u0142y nap\u0119d z magnetycznym zawieszeniem i metalowym trzpieniem. Wydajna i lekka bateria litowo- jonowa i d\u0142ugi czas pracy na jednym \u0142adowaniu. Trwa\u0142e, bezpieczne materia\u0142y.                            <\/p>\n<p>Profesjonalna szczoteczka soniczna do z\u0119b\u00f3w sta\u0142ych dla dzieci 3+ z \u0142adowaniem USB:Wysoka cz\u0119stotliwo\u015b\u0107 drga\u0144.Generuje pe\u0142ny ruch wymiataj\u0105cy tak jak profesjonalne szczoteczki dla doros\u0142ych.Energia drga\u0144 dostosowana indywidualnie dla danej grupy wiekowej.Zdejmowany ko\u0142nierz zapobiegaj\u0105cy \u015bciekaniu pasty.3 Programy szczotkowania o zr\u00f3\u017cnicowanej intensywno\u015bci (nocny, dzienny, smart).Du\u017cy, silikonowy przycisk uruchamiania szczoteczki i zmiany tryb\u00f3w pracy.Timer z trybem 4 x 30sek i automatyczne wy\u0142\u0105czanie po 2 minutach.Wska\u017anik niskiego stanu baterii.Wydajna bateria litowo-jonowa \u0142adowana za po\u015brednictwem przewodu USB.D\u0142ugi czas pracy na jednym \u0142adowaniu (ok. 15 dni).Cichy i delikatny tryb pracy.Ergonomiczna obudowa z silikonowym grzbietem. Dzi\u0119ki silikonowemu grzbietowi pewnie le\u017cy w d\u0142oni.Wodoodporna.Atrakcyjne wzornictwo i kolorystyka. Szczoteczka wygl\u0105da jak dinozaur.Wykonana z bezpiecznych, atestowanych materia\u0142\u00f3w (cert. do kontaktu z \u017cywno\u015bci\u0105).Zawarto\u015b\u0107 opakowania: 1 szczoteczka, 1 g\u0142\u00f3wka, przew\u00f3d USB, silikonowy ko\u0142nierz, instrukcja obs\u0142ugi.<\/p>\n<h2>Vitammy Dino Pink Vitammy<\/h2>\n<p>kolorowe listki tekst, lew czarownica i stara szafa test, by\u0142a sobie \u017cabka ma\u0142a tekst, cytaty ma\u0142y ksi\u0105\u017ce, litera y do druku, quizy dla dzieci 8 lat, kolorowanki do druku dla dziewczynek, quizy za darmo, quiz o stolicach europy, quiz o bo\u017cym narodzeniu, pokemony do druku, kolorowanki \u015bwi\u0105teczne do druku pdf, sentencja rodzina, dyplom dla przedszkolaka do wydruku, wiersze \u0142ama\u0144ce j\u0119zykowe dla dzieci, li\u015bcie jesienne szablon, prezenty dla nastolatka, imie lilianna, bajki do czytania psi patrol, cytat z kubusia puchatka o mi\u0142o\u015bci, quiz zemsta<\/p>\n<p>yyyyy<\/p>\n<p>&nbsp;<\/p>\n","protected":false},"excerpt":{"rendered":"<p>Vitammy Little Dino to innowacyjna linia specjalistycznych szczoteczek sonicznych zaprojektowanych dla dzieci od 3 lat.Vitammy Little Dino Yellow zapewnia dzieciom ten sam poziom higieny, jaki doros\u0142ym oferuj\u0105 zaawansowane szczoteczki soniczne przy zachowaniu pe\u0142nego bezpiecze\u0144stwa. Pozwala w pe\u0142ni wykorzysta\u0107 zalety technologii sonicznej do higieny jamy ustnej u dzieci. Oferuje du\u017c\u0105 liczb\u0119 pe\u0142nych ruch\u00f3w wymieraj\u0105cych o obni\u017conej [&hellip;]<\/p>\n","protected":false},"featured_media":8003,"comment_status":"closed","ping_status":"open","template":"","meta":[],"product_cat":[272,1655],"product_tag":[806,609,591,634],"class_list":["post-8002","product","type-product","status-publish","has-post-thumbnail","hentry","product_cat-elektryczne-szczoteczki-do-zebow","product_cat-vitammy","product_tag-prezent-dla-dziecka-na-roczek","product_tag-quiz-flagi-europy","product_tag-quiz-o-minecraft","product_tag-zagadki-wielkanocne-dla-dzieci"],"_links":{"self":[{"href":"http:\/\/klubmamgdynia.pl\/index.php\/wp-json\/wp\/v2\/product\/8002","targetHints":{"allow":["GET"]}}],"collection":[{"href":"http:\/\/klubmamgdynia.pl\/index.php\/wp-json\/wp\/v2\/product"}],"about":[{"href":"http:\/\/klubmamgdynia.pl\/index.php\/wp-json\/wp\/v2\/types\/product"}],"replies":[{"embeddable":true,"href":"http:\/\/klubmamgdynia.pl\/index.php\/wp-json\/wp\/v2\/comments?post=8002"}],"wp:featuredmedia":[{"embeddable":true,"href":"http:\/\/klubmamgdynia.pl\/index.php\/wp-json\/wp\/v2\/media\/8003"}],"wp:attachment":[{"href":"http:\/\/klubmamgdynia.pl\/index.php\/wp-json\/wp\/v2\/media?parent=8002"}],"wp:term":[{"taxonomy":"product_cat","embeddable":true,"href":"http:\/\/klubmamgdynia.pl\/index.php\/wp-json\/wp\/v2\/product_cat?post=8002"},{"taxonomy":"product_tag","embeddable":true,"href":"http:\/\/klubmamgdynia.pl\/index.php\/wp-json\/wp\/v2\/product_tag?post=8002"}],"curies":[{"name":"wp","href":"https:\/\/api.w.org\/{rel}","templated":true}]}}