{"id":8004,"date":"2023-03-31T16:32:07","date_gmt":"2023-03-31T14:32:07","guid":{"rendered":"http:\/\/klubmamgdynia.pl\/?post_type=product&#038;p=8004"},"modified":"2026-05-17T22:24:03","modified_gmt":"2026-05-17T20:24:03","slug":"artyk-mini-farma-traktor-z-maszyna-rolicza-niebieski-296340","status":"publish","type":"product","link":"http:\/\/klubmamgdynia.pl\/index.php\/produkt\/artyk-mini-farma-traktor-z-maszyna-rolicza-niebieski-296340\/","title":{"rendered":"Artyk Mini Farma Traktor Z Maszyn\u0105 Rolicz\u0105 Niebieski (296340)"},"content":{"rendered":"<p>Traktor z maszyn\u0105 rolnicz\u0105 z serii Mini Farma, to wspania\u0142a zabawka dla ch\u0142opca.Zabawa takim fantastycznym zestawem nigdy si\u0119 nie znudzi.Traktory z maszynami rolniczymi charakteryzuj\u0105 si\u0119 nowoczesnym wygl\u0105dem i kolorystyk\u0105 odpowiadaj\u0105c\u0105 danemu pojazdowi.Po naci\u015bni\u0119ciu guziczka na masce, Traktor wypowiada 10 fraz po polsku, wydaje 6 odg\u0142os\u00f3w zwierz\u0105t, a w kabinie rozb\u0142ysn\u0105 \u015bwiat\u0142a.Maszyna rolnicza jest du\u017ca, w ka\u017cdej chwili mo\u017cna j\u0105 wypi\u0105\u0107 od traktora.Ten rewelacyjny zestaw przyci\u0105gnie uwag\u0119 nie tylko dziecka, ale i niejednego doros\u0142ego.Zosta\u0142 wykonany z najwy\u017cszej jako\u015bci atestowanych materia\u0142\u00f3w.ZAWARTO\u015a\u0106:M\u00f3wi\u0105cy traktor z maszyn\u0105 rolinicz\u0105WIEK:3 lata+WAGA:425 gWYMIARY:opakowania 46,5 x 11 x 12,5 cmd\u0142ugo\u015b\u0107 traktora ok.20 cmd\u0142ugo\u015b\u0107 maszyny rolniczej ok.22 cmZASILANIE:3 x baterie LR44 &#8211; za\u0142\u0105czone baterie testoweInstrukcja z u\u017cytkowania baterii w regulaminie<\/p>\n<h2>Artyk Mini Farma Traktor Z Maszyn\u0105 Rolicz\u0105 Niebieski (296340) Artyk<\/h2>\n<p>zagadki o wiosnie, domowe syropy na zim\u0119, kolorowanki do druku zwierz\u0119ta, fabian, co kupi\u0107 na roczek dla ch\u0142opca, cytaty o nauczycielach, cytat o mamie, kolorowanki wed\u0142ug kodu do druku, warszawa z dzieckiem<\/p>\n<p>yyyyy<\/p>\n<p>&nbsp;<\/p>\n","protected":false},"excerpt":{"rendered":"<p>Traktor z maszyn\u0105 rolnicz\u0105 z serii Mini Farma, to wspania\u0142a zabawka dla ch\u0142opca.Zabawa takim fantastycznym zestawem nigdy si\u0119 nie znudzi.Traktory z maszynami rolniczymi charakteryzuj\u0105 si\u0119 nowoczesnym wygl\u0105dem i kolorystyk\u0105 odpowiadaj\u0105c\u0105 danemu pojazdowi.Po naci\u015bni\u0119ciu guziczka na masce, Traktor wypowiada 10 fraz po polsku, wydaje 6 odg\u0142os\u00f3w zwierz\u0105t, a w kabinie rozb\u0142ysn\u0105 \u015bwiat\u0142a.Maszyna rolnicza jest du\u017ca, w [&hellip;]<\/p>\n","protected":false},"featured_media":8005,"comment_status":"closed","ping_status":"open","template":"","meta":[],"product_cat":[336,83],"product_tag":[845,680,622,619,595,805],"class_list":["post-8004","product","type-product","status-publish","has-post-thumbnail","hentry","product_cat-artyk","product_cat-auta-i-inne-pojazdy-do-zabawy","product_tag-ach-spij-kochanie-tekst","product_tag-cytaty-z-malego-ksiecia","product_tag-fajne-zagadki","product_tag-iwo-imie","product_tag-zagadki-dla-6-latka","product_tag-znaczenie-imienia-alan"],"_links":{"self":[{"href":"http:\/\/klubmamgdynia.pl\/index.php\/wp-json\/wp\/v2\/product\/8004","targetHints":{"allow":["GET"]}}],"collection":[{"href":"http:\/\/klubmamgdynia.pl\/index.php\/wp-json\/wp\/v2\/product"}],"about":[{"href":"http:\/\/klubmamgdynia.pl\/index.php\/wp-json\/wp\/v2\/types\/product"}],"replies":[{"embeddable":true,"href":"http:\/\/klubmamgdynia.pl\/index.php\/wp-json\/wp\/v2\/comments?post=8004"}],"wp:featuredmedia":[{"embeddable":true,"href":"http:\/\/klubmamgdynia.pl\/index.php\/wp-json\/wp\/v2\/media\/8005"}],"wp:attachment":[{"href":"http:\/\/klubmamgdynia.pl\/index.php\/wp-json\/wp\/v2\/media?parent=8004"}],"wp:term":[{"taxonomy":"product_cat","embeddable":true,"href":"http:\/\/klubmamgdynia.pl\/index.php\/wp-json\/wp\/v2\/product_cat?post=8004"},{"taxonomy":"product_tag","embeddable":true,"href":"http:\/\/klubmamgdynia.pl\/index.php\/wp-json\/wp\/v2\/product_tag?post=8004"}],"curies":[{"name":"wp","href":"https:\/\/api.w.org\/{rel}","templated":true}]}}