{"id":8006,"date":"2013-03-01T16:17:09","date_gmt":"2013-03-01T15:17:09","guid":{"rendered":"http:\/\/klubmamgdynia.pl\/index.php\/produkt\/gear4play-zdalnie-sterowany-samochod-super-big-size-montster-truck-12-km-h-2-4-ghz-16\/"},"modified":"2026-05-01T16:06:21","modified_gmt":"2026-05-01T14:06:21","slug":"gear4play-zdalnie-sterowany-samochod-super-big-size-montster-truck-12-km-h-2-4-ghz-16","status":"publish","type":"product","link":"http:\/\/klubmamgdynia.pl\/index.php\/produkt\/gear4play-zdalnie-sterowany-samochod-super-big-size-montster-truck-12-km-h-2-4-ghz-16\/","title":{"rendered":"Gear4Play Zdalnie Sterowany Samoch\u00f3d Super Big Size Montster Truck 12 Km H 2 4 Ghz 1:6"},"content":{"rendered":"<p>Zdalnie sterowany samoch\u00f3d w wyj\u0105tkowo du\u017cym rozmiarze!Model Super Big Size Monster Truck marki Gear4Play to pojazd dla wymagaj\u0105cych kierowc\u00f3w. Jak sama nazwa wskazuje, to naprawd\u0119 du\u017cy samoch\u00f3d wykonany w skali 1:6. Imponuj\u0105cy wygl\u0105d z pewno\u015bci\u0105 przyci\u0105gnie uwag\u0119 obserwator\u00f3w.Z nap\u0119dem na cztery ko\u0142aMaksymalna pr\u0119dko\u015b\u0107 samochodu to 12 km\/godz., a nap\u0119d na cztery ko\u0142a umo\u017cliwia jazd\u0119 po trudniejszych nawierzchniach.Zasilanie akumulatoroweAkumulator 7,4 V 1200 mAh jest zamontowany w samochodzie. Pilot jest zasilany dwiema bateriami AA (do kupienia osobno).<\/p>\n<h2>Gear4Play Zdalnie Sterowany Samoch\u00f3d Super Big Size Montster Truck 12 Km H 2 4 Ghz 1:6 <\/h2>\n<p>atrakcje dla dzieci wroc\u0142aw, prezenty dla nastolatek, imie kuba, domki z rolek po papierze toaletowym, zabawka dla rocznej dziewczynki, jan pawe\u0142 2 rysunek \u0142atwy dla dzieci, hobbit, wycinanki dla dzieci do druku, niespotykane imiona \u017ce\u0144skie, smok wawelski bajka, zrobi\u0107 laurk\u0119 laurka dla babci, \u0142amig\u0142\u00f3wki logiczne dla dzieci, znaczenie imiona alan, sentencja dla dziecka, plan lekcji do druku, kolorowanki dla dziewczynek lol, psi patrol kolorowanka<\/p>\n<p>yyyyy<\/p>\n<p>&nbsp;<\/p>\n","protected":false},"excerpt":{"rendered":"<p>Zdalnie sterowany samoch\u00f3d w wyj\u0105tkowo du\u017cym rozmiarze!Model Super Big Size Monster Truck marki Gear4Play to pojazd dla wymagaj\u0105cych kierowc\u00f3w. Jak sama nazwa wskazuje, to naprawd\u0119 du\u017cy samoch\u00f3d wykonany w skali 1:6. Imponuj\u0105cy wygl\u0105d z pewno\u015bci\u0105 przyci\u0105gnie uwag\u0119 obserwator\u00f3w.Z nap\u0119dem na cztery ko\u0142aMaksymalna pr\u0119dko\u015b\u0107 samochodu to 12 km\/godz., a nap\u0119d na cztery ko\u0142a umo\u017cliwia jazd\u0119 po [&hellip;]<\/p>\n","protected":false},"featured_media":8007,"comment_status":"closed","ping_status":"open","template":"","meta":[],"product_cat":[337],"product_tag":[611,776,780,599],"class_list":["post-8006","product","type-product","status-publish","has-post-thumbnail","hentry","product_cat-zabawki-zdalnie-sterowane","product_tag-bajki-do-czytania-psi-patrol","product_tag-dobrej-nocy","product_tag-krecik-bajka","product_tag-prezent-dla-nastolatkow-2021"],"_links":{"self":[{"href":"http:\/\/klubmamgdynia.pl\/index.php\/wp-json\/wp\/v2\/product\/8006","targetHints":{"allow":["GET"]}}],"collection":[{"href":"http:\/\/klubmamgdynia.pl\/index.php\/wp-json\/wp\/v2\/product"}],"about":[{"href":"http:\/\/klubmamgdynia.pl\/index.php\/wp-json\/wp\/v2\/types\/product"}],"replies":[{"embeddable":true,"href":"http:\/\/klubmamgdynia.pl\/index.php\/wp-json\/wp\/v2\/comments?post=8006"}],"wp:featuredmedia":[{"embeddable":true,"href":"http:\/\/klubmamgdynia.pl\/index.php\/wp-json\/wp\/v2\/media\/8007"}],"wp:attachment":[{"href":"http:\/\/klubmamgdynia.pl\/index.php\/wp-json\/wp\/v2\/media?parent=8006"}],"wp:term":[{"taxonomy":"product_cat","embeddable":true,"href":"http:\/\/klubmamgdynia.pl\/index.php\/wp-json\/wp\/v2\/product_cat?post=8006"},{"taxonomy":"product_tag","embeddable":true,"href":"http:\/\/klubmamgdynia.pl\/index.php\/wp-json\/wp\/v2\/product_tag?post=8006"}],"curies":[{"name":"wp","href":"https:\/\/api.w.org\/{rel}","templated":true}]}}