{"id":8010,"date":"2024-04-26T00:10:57","date_gmt":"2024-04-25T22:10:57","guid":{"rendered":"http:\/\/klubmamgdynia.pl\/?post_type=product&#038;p=8010"},"modified":"2026-04-05T21:39:59","modified_gmt":"2026-04-05T19:39:59","slug":"apli-kids-zestaw-artystyczny-ksiezniczka-14083","status":"publish","type":"product","link":"http:\/\/klubmamgdynia.pl\/index.php\/produkt\/apli-kids-zestaw-artystyczny-ksiezniczka-14083\/","title":{"rendered":"Apli Kids Zestaw Artystyczny Ksi\u0119\u017cniczka (14083)"},"content":{"rendered":"<p>Poznaj \u015bwiat gdzie wszystko jest mo\u017cliwe! To w\u0142a\u015bnie APLI &#8211; kraina pe\u0142na koloru oraz kreatywno\u015bci.Zestaw do samodzielnego wykonania ksi\u0119\u017cniczki zapewni mn\u00f3stwo kreatywnej zabawy. Zosta\u0142 stworzony z my\u015bl\u0105 o najm\u0142odszych dzieciach, zawiera wszystkie niezb\u0119dne elementy do wykonania lalki i jej ubranka. Wysoko\u015b\u0107 lalki po z\u0142o\u017ceniu: ok 17 cm. Zabawa rozwija kreatywno\u015b\u0107, wyobra\u017ani\u0119 oraz zdolno\u015bci manualne. Zapakowane w trwa\u0142e, kartonowe opakowanie. Idealny pomys\u0142 na prezent.Cechy zestawu do tworzenia figurek Apli Kids:odpowiednie dla dzieci od 4 roku \u017cyciaw zestawie: wszystkie niezb\u0119dne elementy do wykonania lalki, instrukcja krok po kroku kartonowe opakowanie wymiary: 12 x 4 x 17 cmZacz\u0119li\u015bmy w 1932r. od produkcji naklejek &#8211; tysi\u0119cy naklejek w r\u00f3\u017cnych kszta\u0142tach, kolorach, fakturach i rozmiarach. Po wielu latach pracy ze szko\u0142ami i nauczycielami, tworzeniu artyku\u0142\u00f3w, odkrywaniu produkt\u00f3w u\u0142atwiaj\u0105cych i wspieraj\u0105cych dzia\u0142ania edukacyjne stworzyli\u015bmy Apli Kids. Celem przy tworzeniu Apli Kids by\u0142a nauka poprzez zabaw\u0119 przy wykorzystaniu naszych gier, zabawek i materia\u0142\u00f3w. M\u0105dre zabawki w r\u0119kach dzieci dzi\u015b \u2013 sprawi\u0105, \u017ce stan\u0105 si\u0119 sprytnymi i kreatywnymi doros\u0142ymi jutro.Zestaw artystyczny Apli Kids &#8211; Ksi\u0119\u017cniczkaDla dzieci w wieku: od 4 latKod EAN: 8410782140832Proponowana cena detaliczna 19,00 PLN<\/p>\n<h2>Apli Kids Zestaw Artystyczny Ksi\u0119\u017cniczka (14083) Artyk<\/h2>\n<p>prezent dla 13 latki na \u015bwi\u0119ta, co kupic dziewczynce na roczek, rysunki dla pocz\u0105tkuj\u0105cych, zgadywanki, pozytywne cytaty mama cytaty, kolorowanka piesek, zabawy dla 7 latki, logiczne zagadki, zagdki, olaf znaczenie imienia, aron imi\u0119, wycinanki do druku, jak zapakowa\u0107 prezent dla dziecka, sa\u0142atki dla dzieci, prezenty dla 7 latka, zagadki dla 7 latk\u00f3w, wzruszajace cytaty o rodzinie, wzory zaprosze\u0144 zaproszenie na urodziny do druku pdf, cytat o rodzinie, tymoteusz znaczenie imienia, cytat o przyja\u017ani<\/p>\n<p>yyyyy<\/p>\n<p>&nbsp;<\/p>\n","protected":false},"excerpt":{"rendered":"<p>Poznaj \u015bwiat gdzie wszystko jest mo\u017cliwe! To w\u0142a\u015bnie APLI &#8211; kraina pe\u0142na koloru oraz kreatywno\u015bci.Zestaw do samodzielnego wykonania ksi\u0119\u017cniczki zapewni mn\u00f3stwo kreatywnej zabawy. Zosta\u0142 stworzony z my\u015bl\u0105 o najm\u0142odszych dzieciach, zawiera wszystkie niezb\u0119dne elementy do wykonania lalki i jej ubranka. Wysoko\u015b\u0107 lalki po z\u0142o\u017ceniu: ok 17 cm. Zabawa rozwija kreatywno\u015b\u0107, wyobra\u017ani\u0119 oraz zdolno\u015bci manualne. Zapakowane [&hellip;]<\/p>\n","protected":false},"featured_media":8011,"comment_status":"closed","ping_status":"open","template":"","meta":[],"product_cat":[336,21],"product_tag":[789,729,798,586,615],"class_list":["post-8010","product","type-product","status-publish","has-post-thumbnail","hentry","product_cat-artyk","product_cat-zabawki-plastyczne","product_tag-kaczuszka","product_tag-madre-bajki-dla-dzieci-do-czytania","product_tag-prezenty-dla-nastolatki","product_tag-smieszne-zagadki","product_tag-znane-misie-z-filmow-animowanych"],"_links":{"self":[{"href":"http:\/\/klubmamgdynia.pl\/index.php\/wp-json\/wp\/v2\/product\/8010","targetHints":{"allow":["GET"]}}],"collection":[{"href":"http:\/\/klubmamgdynia.pl\/index.php\/wp-json\/wp\/v2\/product"}],"about":[{"href":"http:\/\/klubmamgdynia.pl\/index.php\/wp-json\/wp\/v2\/types\/product"}],"replies":[{"embeddable":true,"href":"http:\/\/klubmamgdynia.pl\/index.php\/wp-json\/wp\/v2\/comments?post=8010"}],"wp:featuredmedia":[{"embeddable":true,"href":"http:\/\/klubmamgdynia.pl\/index.php\/wp-json\/wp\/v2\/media\/8011"}],"wp:attachment":[{"href":"http:\/\/klubmamgdynia.pl\/index.php\/wp-json\/wp\/v2\/media?parent=8010"}],"wp:term":[{"taxonomy":"product_cat","embeddable":true,"href":"http:\/\/klubmamgdynia.pl\/index.php\/wp-json\/wp\/v2\/product_cat?post=8010"},{"taxonomy":"product_tag","embeddable":true,"href":"http:\/\/klubmamgdynia.pl\/index.php\/wp-json\/wp\/v2\/product_tag?post=8010"}],"curies":[{"name":"wp","href":"https:\/\/api.w.org\/{rel}","templated":true}]}}