{"id":8012,"date":"2023-09-17T17:31:39","date_gmt":"2023-09-17T15:31:39","guid":{"rendered":"http:\/\/klubmamgdynia.pl\/?post_type=product&#038;p=8012"},"modified":"2026-04-05T23:45:08","modified_gmt":"2026-04-05T21:45:08","slug":"trifox-zestaw-pieknosci-w-walizce-zabawka","status":"publish","type":"product","link":"http:\/\/klubmamgdynia.pl\/index.php\/produkt\/trifox-zestaw-pieknosci-w-walizce-zabawka\/","title":{"rendered":"Trifox Zestaw Pi\u0119kno\u015bci W Walizce &#8211; Zabawka"},"content":{"rendered":"<p>&#8211; #wspierampolskiemarki<\/p>\n<h2>Trifox Zestaw Pi\u0119kno\u015bci W Walizce &#8211; Zabawka Trifox<\/h2>\n<p>zabawy na dworze dla 10 latk\u00f3w, zabawy dla 7 latka, tupu tup po \u015bniegu tekst, znajd\u017a r\u00f3\u017cnice do druku, gabriela imie, bajka o biedronce, nauka zegara do druku pdf, zaproszenie na urodziny, quizy dla przedszkolak\u00f3w, zagadki o zwierz\u0119tach wiejskich, imi\u0119 nadia, zadania logiczne dla dzieci, prezent dla nastolatk\u00f3w ch\u0142opc\u00f3w, zagadki o bo\u017cym narodzeniu, list do gwiazdora, \u015bmieszne zagadki matematyczne, bajki do czytania na dobranoc, przedszkole drugi dom, alina, \u0142amig\u0142\u00f3wki s\u0142owne<\/p>\n<p>yyyyy<\/p>\n<p>&nbsp;<\/p>\n","protected":false},"excerpt":{"rendered":"<p>&#8211; #wspierampolskiemarki Trifox Zestaw Pi\u0119kno\u015bci W Walizce &#8211; Zabawka Trifox zabawy na dworze dla 10 latk\u00f3w, zabawy dla 7 latka, tupu tup po \u015bniegu tekst, znajd\u017a r\u00f3\u017cnice do druku, gabriela imie, bajka o biedronce, nauka zegara do druku pdf, zaproszenie na urodziny, quizy dla przedszkolak\u00f3w, zagadki o zwierz\u0119tach wiejskich, imi\u0119 nadia, zadania logiczne dla dzieci, [&hellip;]<\/p>\n","protected":false},"featured_media":8013,"comment_status":"closed","ping_status":"open","template":"","meta":[],"product_cat":[53,308],"product_tag":[650,780,682,721],"class_list":["post-8012","product","type-product","status-publish","has-post-thumbnail","hentry","product_cat-kaciki-zabaw","product_cat-trifox","product_tag-choinka-z-bibuly","product_tag-krecik-bajka","product_tag-przyjazn-cytaty","product_tag-zagadki-matematyczne"],"_links":{"self":[{"href":"http:\/\/klubmamgdynia.pl\/index.php\/wp-json\/wp\/v2\/product\/8012","targetHints":{"allow":["GET"]}}],"collection":[{"href":"http:\/\/klubmamgdynia.pl\/index.php\/wp-json\/wp\/v2\/product"}],"about":[{"href":"http:\/\/klubmamgdynia.pl\/index.php\/wp-json\/wp\/v2\/types\/product"}],"replies":[{"embeddable":true,"href":"http:\/\/klubmamgdynia.pl\/index.php\/wp-json\/wp\/v2\/comments?post=8012"}],"wp:featuredmedia":[{"embeddable":true,"href":"http:\/\/klubmamgdynia.pl\/index.php\/wp-json\/wp\/v2\/media\/8013"}],"wp:attachment":[{"href":"http:\/\/klubmamgdynia.pl\/index.php\/wp-json\/wp\/v2\/media?parent=8012"}],"wp:term":[{"taxonomy":"product_cat","embeddable":true,"href":"http:\/\/klubmamgdynia.pl\/index.php\/wp-json\/wp\/v2\/product_cat?post=8012"},{"taxonomy":"product_tag","embeddable":true,"href":"http:\/\/klubmamgdynia.pl\/index.php\/wp-json\/wp\/v2\/product_tag?post=8012"}],"curies":[{"name":"wp","href":"https:\/\/api.w.org\/{rel}","templated":true}]}}