{"id":8014,"date":"2017-03-11T10:32:01","date_gmt":"2017-03-11T09:32:01","guid":{"rendered":"http:\/\/klubmamgdynia.pl\/index.php\/produkt\/berjuan-pizama-4019-22-lalki\/"},"modified":"2026-04-06T06:11:19","modified_gmt":"2026-04-06T04:11:19","slug":"berjuan-pizama-4019-22-lalki","status":"publish","type":"product","link":"http:\/\/klubmamgdynia.pl\/index.php\/produkt\/berjuan-pizama-4019-22-lalki\/","title":{"rendered":"Berjuan Pi\u017cama 4019-22 Lalki"},"content":{"rendered":"<p>Dzieci zas\u0142uguj\u0105 na to co najlepsze, dlatego przedstawiamy Ci Pi\u017cama Berjuan 4019-22 Lalki, idealny dla tych, kt\u00f3rzy szukaj\u0105 produkt\u00f3w wysokiej jako\u015bci dla dzieci! Zdob\u0105d\u017a Berjuan w najlepszych cenach!Zalecany Wiek: + 3 latZasilana bateriami: NieWymagany monta\u017c: NieRodzaj: Ubrania dla lalekPi\u017camaLalkiZawiera: KapeluszKolor: Kwarcowe tygrysie oko<\/p>\n<h2>Berjuan Pi\u017cama 4019-22 Lalki Berjuan<\/h2>\n<p>kolorowanki dla dziewczyn, eneduerabe, \u0142amig\u0142\u00f3wki dla 4 latka do druku, ostatni dzwonek tekst, pola znaczenie imienia<\/p>\n<p>yyyyy<\/p>\n<p>&nbsp;<\/p>\n","protected":false},"excerpt":{"rendered":"<p>Dzieci zas\u0142uguj\u0105 na to co najlepsze, dlatego przedstawiamy Ci Pi\u017cama Berjuan 4019-22 Lalki, idealny dla tych, kt\u00f3rzy szukaj\u0105 produkt\u00f3w wysokiej jako\u015bci dla dzieci! Zdob\u0105d\u017a Berjuan w najlepszych cenach!Zalecany Wiek: + 3 latZasilana bateriami: NieWymagany monta\u017c: NieRodzaj: Ubrania dla lalekPi\u017camaLalkiZawiera: KapeluszKolor: Kwarcowe tygrysie oko Berjuan Pi\u017cama 4019-22 Lalki Berjuan kolorowanki dla dziewczyn, eneduerabe, \u0142amig\u0142\u00f3wki dla 4 [&hellip;]<\/p>\n","protected":false},"featured_media":8015,"comment_status":"closed","ping_status":"open","template":"","meta":[],"product_cat":[943,50],"product_tag":[865,832,583,576,694,873],"class_list":["post-8014","product","type-product","status-publish","has-post-thumbnail","hentry","product_cat-berjuan","product_cat-ubranka-i-buty-dla-lalek","product_tag-cytaty-o-dzieciach","product_tag-desery-dla-dzieci","product_tag-kolysanki-dla-dzieci-tekst","product_tag-trudne-zagadki","product_tag-zagadki-swiateczne-dla-dzieci","product_tag-zagadki-z-odpowiedziami-dla-dzieci"],"_links":{"self":[{"href":"http:\/\/klubmamgdynia.pl\/index.php\/wp-json\/wp\/v2\/product\/8014","targetHints":{"allow":["GET"]}}],"collection":[{"href":"http:\/\/klubmamgdynia.pl\/index.php\/wp-json\/wp\/v2\/product"}],"about":[{"href":"http:\/\/klubmamgdynia.pl\/index.php\/wp-json\/wp\/v2\/types\/product"}],"replies":[{"embeddable":true,"href":"http:\/\/klubmamgdynia.pl\/index.php\/wp-json\/wp\/v2\/comments?post=8014"}],"wp:featuredmedia":[{"embeddable":true,"href":"http:\/\/klubmamgdynia.pl\/index.php\/wp-json\/wp\/v2\/media\/8015"}],"wp:attachment":[{"href":"http:\/\/klubmamgdynia.pl\/index.php\/wp-json\/wp\/v2\/media?parent=8014"}],"wp:term":[{"taxonomy":"product_cat","embeddable":true,"href":"http:\/\/klubmamgdynia.pl\/index.php\/wp-json\/wp\/v2\/product_cat?post=8014"},{"taxonomy":"product_tag","embeddable":true,"href":"http:\/\/klubmamgdynia.pl\/index.php\/wp-json\/wp\/v2\/product_tag?post=8014"}],"curies":[{"name":"wp","href":"https:\/\/api.w.org\/{rel}","templated":true}]}}