{"id":8016,"date":"2018-05-14T11:35:17","date_gmt":"2018-05-14T09:35:17","guid":{"rendered":"http:\/\/klubmamgdynia.pl\/index.php\/produkt\/lalka-metoo-w-szarej-sukience-34cm\/"},"modified":"2026-04-05T17:21:05","modified_gmt":"2026-04-05T15:21:05","slug":"lalka-metoo-w-szarej-sukience-34cm","status":"publish","type":"product","link":"http:\/\/klubmamgdynia.pl\/index.php\/produkt\/lalka-metoo-w-szarej-sukience-34cm\/","title":{"rendered":"Lalka METOO w szarej sukience 34cm"},"content":{"rendered":"<p>Lalka METOO w szarej sukience 34cmLalka METOO w szarej sukience 34cmLALKA METOO W SZAREj SUKIENCE 34CMSympatyczna szmaciana laleczka wykonana z mi\u0119ciutkiego, przyjemnego w dotyku materia\u0142u.Ze wzgl\u0119du na pi\u0119kny design b\u0119dzie doskona\u0142ym dodatkiem pokoju dzieci\u0119cego.Mo\u017ce s\u0142u\u017cy\u0107 jako przytulanka, kt\u00f3ra przypadnie do gustu ka\u017cdej ma\u0142ej dziewczynce.Doskona\u0142y pomys\u0142 na prezent.Z pewno\u015bci\u0105 pokochaj\u0105 j\u0105 wszystkie dziewczynki!D\u0142ugo\u015b\u0107 lalki: 34cm\u015aWIETNY POMYS\u0141 NA WYMARZONY PREZENT<\/p>\n<h2>Lalka METOO w szarej sukience 34cm Metoo<\/h2>\n<p>kolorowanki pokemon do druku, gry planszowe dla nastolatk\u00f3w, spiderman do druku, prezent na roczek, zagatki, pomys\u0142y na prima aprilis w szkole, praktyczny prezent dla rocznego dziecka, cookie dough przepis, opowie\u015bci z narnii lew czarownica i stara szafa test do wydruku, quiz o miko\u0142ajku, proste origami dla dzieci, prezent dla nastolatek, na roczek, prezent dla ch\u0142opca 7 lat, kaligrafia nauka pisania wyraz\u00f3w dla dzieci do druku pdf, prezent dla 14 letniej dziewczyny, prezent dla 16 latki<\/p>\n<p>yyyyy<\/p>\n<p>&nbsp;<\/p>\n","protected":false},"excerpt":{"rendered":"<p>Lalka METOO w szarej sukience 34cmLalka METOO w szarej sukience 34cmLALKA METOO W SZAREj SUKIENCE 34CMSympatyczna szmaciana laleczka wykonana z mi\u0119ciutkiego, przyjemnego w dotyku materia\u0142u.Ze wzgl\u0119du na pi\u0119kny design b\u0119dzie doskona\u0142ym dodatkiem pokoju dzieci\u0119cego.Mo\u017ce s\u0142u\u017cy\u0107 jako przytulanka, kt\u00f3ra przypadnie do gustu ka\u017cdej ma\u0142ej dziewczynce.Doskona\u0142y pomys\u0142 na prezent.Z pewno\u015bci\u0105 pokochaj\u0105 j\u0105 wszystkie dziewczynki!D\u0142ugo\u015b\u0107 lalki: 34cm\u015aWIETNY POMYS\u0141 [&hellip;]<\/p>\n","protected":false},"featured_media":8017,"comment_status":"closed","ping_status":"open","template":"","meta":[],"product_cat":[65,1686],"product_tag":[751,799,600],"class_list":["post-8016","product","type-product","status-publish","has-post-thumbnail","hentry","product_cat-lalki","product_cat-metoo","product_tag-psi-patrol-kolorowanka","product_tag-zagadka-logiczna","product_tag-zaproszenia-na-urodziny-do-druku"],"_links":{"self":[{"href":"http:\/\/klubmamgdynia.pl\/index.php\/wp-json\/wp\/v2\/product\/8016","targetHints":{"allow":["GET"]}}],"collection":[{"href":"http:\/\/klubmamgdynia.pl\/index.php\/wp-json\/wp\/v2\/product"}],"about":[{"href":"http:\/\/klubmamgdynia.pl\/index.php\/wp-json\/wp\/v2\/types\/product"}],"replies":[{"embeddable":true,"href":"http:\/\/klubmamgdynia.pl\/index.php\/wp-json\/wp\/v2\/comments?post=8016"}],"wp:featuredmedia":[{"embeddable":true,"href":"http:\/\/klubmamgdynia.pl\/index.php\/wp-json\/wp\/v2\/media\/8017"}],"wp:attachment":[{"href":"http:\/\/klubmamgdynia.pl\/index.php\/wp-json\/wp\/v2\/media?parent=8016"}],"wp:term":[{"taxonomy":"product_cat","embeddable":true,"href":"http:\/\/klubmamgdynia.pl\/index.php\/wp-json\/wp\/v2\/product_cat?post=8016"},{"taxonomy":"product_tag","embeddable":true,"href":"http:\/\/klubmamgdynia.pl\/index.php\/wp-json\/wp\/v2\/product_tag?post=8016"}],"curies":[{"name":"wp","href":"https:\/\/api.w.org\/{rel}","templated":true}]}}