{"id":8018,"date":"2020-06-11T03:22:46","date_gmt":"2020-06-11T01:22:46","guid":{"rendered":"http:\/\/klubmamgdynia.pl\/index.php\/produkt\/undercover-plecak-przedszkolny-kraina-lodu-frozen-30x25x10cm\/"},"modified":"2026-05-17T21:59:43","modified_gmt":"2026-05-17T19:59:43","slug":"undercover-plecak-przedszkolny-kraina-lodu-frozen-30x25x10cm","status":"publish","type":"product","link":"http:\/\/klubmamgdynia.pl\/index.php\/produkt\/undercover-plecak-przedszkolny-kraina-lodu-frozen-30x25x10cm\/","title":{"rendered":"Undercover Plecak Przedszkolny Kraina Lodu Frozen 30X25X10Cm"},"content":{"rendered":"<p>Plecak z przedni\u0105 kieszeni\u0105 Frozen<\/p>\n<h2>Undercover Plecak Przedszkolny Kraina Lodu Frozen 30X25X10Cm Undercover<\/h2>\n<p>nela w krainie wombat\u00f3w, gdzie na ferie zimowe 2022, test wiedzy zemsta, zagadki dla dzieci 10-12 lat trudne, mapa europy do druku, kolorowanka kotki do druku, kornelia, kolorowanki dla dziewczyn, piosenka dla mamy tekst, tymoteusz znaczenie imienia, god\u0142o polski do druku, zabawy urodzinowe dla dzieci, kr\u00f3tkie czytanki dla dzieci do wydruku, \u017carty na prima aprilis w domu, mia\u0142a baba koguta tekst<\/p>\n<p>yyyyy<\/p>\n<p>&nbsp;<\/p>\n","protected":false},"excerpt":{"rendered":"<p>Plecak z przedni\u0105 kieszeni\u0105 Frozen Undercover Plecak Przedszkolny Kraina Lodu Frozen 30X25X10Cm Undercover nela w krainie wombat\u00f3w, gdzie na ferie zimowe 2022, test wiedzy zemsta, zagadki dla dzieci 10-12 lat trudne, mapa europy do druku, kolorowanka kotki do druku, kornelia, kolorowanki dla dziewczyn, piosenka dla mamy tekst, tymoteusz znaczenie imienia, god\u0142o polski do druku, zabawy [&hellip;]<\/p>\n","protected":false},"featured_media":8019,"comment_status":"closed","ping_status":"open","template":"","meta":[],"product_cat":[180,1687],"product_tag":[670,644,746,733],"class_list":["post-8018","product","type-product","status-publish","has-post-thumbnail","hentry","product_cat-plecaki-przedszkolne","product_cat-undercover","product_tag-irma","product_tag-mia","product_tag-zagadki-typu-co-to-jest","product_tag-zarty-na-prima-aprilis"],"_links":{"self":[{"href":"http:\/\/klubmamgdynia.pl\/index.php\/wp-json\/wp\/v2\/product\/8018","targetHints":{"allow":["GET"]}}],"collection":[{"href":"http:\/\/klubmamgdynia.pl\/index.php\/wp-json\/wp\/v2\/product"}],"about":[{"href":"http:\/\/klubmamgdynia.pl\/index.php\/wp-json\/wp\/v2\/types\/product"}],"replies":[{"embeddable":true,"href":"http:\/\/klubmamgdynia.pl\/index.php\/wp-json\/wp\/v2\/comments?post=8018"}],"wp:featuredmedia":[{"embeddable":true,"href":"http:\/\/klubmamgdynia.pl\/index.php\/wp-json\/wp\/v2\/media\/8019"}],"wp:attachment":[{"href":"http:\/\/klubmamgdynia.pl\/index.php\/wp-json\/wp\/v2\/media?parent=8018"}],"wp:term":[{"taxonomy":"product_cat","embeddable":true,"href":"http:\/\/klubmamgdynia.pl\/index.php\/wp-json\/wp\/v2\/product_cat?post=8018"},{"taxonomy":"product_tag","embeddable":true,"href":"http:\/\/klubmamgdynia.pl\/index.php\/wp-json\/wp\/v2\/product_tag?post=8018"}],"curies":[{"name":"wp","href":"https:\/\/api.w.org\/{rel}","templated":true}]}}