{"id":8020,"date":"2012-06-16T09:12:32","date_gmt":"2012-06-16T07:12:32","guid":{"rendered":"http:\/\/klubmamgdynia.pl\/index.php\/produkt\/b-toys-pluszowa-owieczka-na-biegunach-rodeo-rocker-loopsy-bx1643\/"},"modified":"2026-04-05T18:48:25","modified_gmt":"2026-04-05T16:48:25","slug":"b-toys-pluszowa-owieczka-na-biegunach-rodeo-rocker-loopsy-bx1643","status":"publish","type":"product","link":"http:\/\/klubmamgdynia.pl\/index.php\/produkt\/b-toys-pluszowa-owieczka-na-biegunach-rodeo-rocker-loopsy-bx1643\/","title":{"rendered":"B.Toys Pluszowa Owieczka Na Biegunach Rodeo Rocker Loopsy (Bx1643)"},"content":{"rendered":"<p>Zabawki kanadyjskiej marki B.Toys tworzone s\u0105 zgodnie z altruistycznym podej\u015bciem do \u017cycia. Produkowane przy u\u017cyciu ca\u0142kowicie bezpiecznych i przyjaznych dla \u015brodowiska materia\u0142\u00f3w, projektowane i wytwarzane przy zachowaniu najwy\u017cszych standard\u00f3w. Z mark\u0105 B.Toys macie Pa\u0144stwo pewno\u015b\u0107, \u017ce Wasze dzieci otrzymuj\u0105 to co najlepsze, ze szczerego serca, z my\u015bl\u0105 o naszej planecie i przysz\u0142ych pokoleniach.Pluszowa owieczka na biegunach\ufeff\ufeff\ufeff\ufeff\ufeff\ufeff.Dla dzieci w wieku od 18 m-cy\ufeff\ufeff\ufeff\u015aliczna pluszowa zebra na biegunach z drewnianymi p\u0142ozami i uchwytami\ufeff\ufeff\ufeffPodczas bujania s\u0142ycha\u0107 stukot kopyt\ufeff\ufeff\ufeffMi\u0119kka i wygodna\ufeff\ufeff\ufeffNieodzowna towarzyszka zabaw\ufeff\ufeff\ufeff\ufeffNie zawiera FTALAN\u00d3W ani BPA (Bisfenolu A)\ufeff\ufeff\ufeffWymiary: zabawka 50,8cm x 31cm x 46,35cm\ufeff\ufeff\ufeffUwaga: ze wzgl\u0119d\u00f3w ekologicznych, zabawka wyposa\u017cona przez producenta jedynie w przywieszk\u0119 produktow\u0105, bez dedykowanego opakowania\ufeff\ufeff\ufeff\ufeff<\/p>\n<h2>B.Toys Pluszowa Owieczka Na Biegunach Rodeo Rocker Loopsy (Bx1643) B.Toys<\/h2>\n<p>pies kolorowanka, prezent na roczek, wr\u00f3\u017cby andrzejkowe kolory, rysunki do druku, m\u0105dra my\u015bl na dobranoc, zyczenia walentynkowe dla dzieci, cytaty o mi\u0142o\u015bci do dziecka, wierszyk o marzannie, mateusz imi\u0119, quizy miko\u0142ajek, skye psi patrol kolorowanka, co kupi\u0107 na roczek, zagadki dla doros\u0142ych z odpowiedziami, \u015bw przemys\u0142aw, my little pony kolorowanka, podchwytliwe zagadki matematyczne<\/p>\n<p>yyyyy<\/p>\n<p>&nbsp;<\/p>\n","protected":false},"excerpt":{"rendered":"<p>Zabawki kanadyjskiej marki B.Toys tworzone s\u0105 zgodnie z altruistycznym podej\u015bciem do \u017cycia. Produkowane przy u\u017cyciu ca\u0142kowicie bezpiecznych i przyjaznych dla \u015brodowiska materia\u0142\u00f3w, projektowane i wytwarzane przy zachowaniu najwy\u017cszych standard\u00f3w. Z mark\u0105 B.Toys macie Pa\u0144stwo pewno\u015b\u0107, \u017ce Wasze dzieci otrzymuj\u0105 to co najlepsze, ze szczerego serca, z my\u015bl\u0105 o naszej planecie i przysz\u0142ych pokoleniach.Pluszowa owieczka na [&hellip;]<\/p>\n","protected":false},"featured_media":8021,"comment_status":"closed","ping_status":"open","template":"","meta":[],"product_cat":[143,1539],"product_tag":[643,735,647],"class_list":["post-8020","product","type-product","status-publish","has-post-thumbnail","hentry","product_cat-b-toys","product_cat-bujaki-i-zabawki-na-biegunach","product_tag-prezent-dla-17-latki","product_tag-prezent-na-roczek-dziewczynka","product_tag-warszawa-z-dzieckiem"],"_links":{"self":[{"href":"http:\/\/klubmamgdynia.pl\/index.php\/wp-json\/wp\/v2\/product\/8020","targetHints":{"allow":["GET"]}}],"collection":[{"href":"http:\/\/klubmamgdynia.pl\/index.php\/wp-json\/wp\/v2\/product"}],"about":[{"href":"http:\/\/klubmamgdynia.pl\/index.php\/wp-json\/wp\/v2\/types\/product"}],"replies":[{"embeddable":true,"href":"http:\/\/klubmamgdynia.pl\/index.php\/wp-json\/wp\/v2\/comments?post=8020"}],"wp:featuredmedia":[{"embeddable":true,"href":"http:\/\/klubmamgdynia.pl\/index.php\/wp-json\/wp\/v2\/media\/8021"}],"wp:attachment":[{"href":"http:\/\/klubmamgdynia.pl\/index.php\/wp-json\/wp\/v2\/media?parent=8020"}],"wp:term":[{"taxonomy":"product_cat","embeddable":true,"href":"http:\/\/klubmamgdynia.pl\/index.php\/wp-json\/wp\/v2\/product_cat?post=8020"},{"taxonomy":"product_tag","embeddable":true,"href":"http:\/\/klubmamgdynia.pl\/index.php\/wp-json\/wp\/v2\/product_tag?post=8020"}],"curies":[{"name":"wp","href":"https:\/\/api.w.org\/{rel}","templated":true}]}}