{"id":8022,"date":"2014-04-23T15:45:48","date_gmt":"2014-04-23T13:45:48","guid":{"rendered":"http:\/\/klubmamgdynia.pl\/index.php\/produkt\/plyta-gazowa-solgaz-gpc-42\/"},"modified":"2026-05-17T22:29:10","modified_gmt":"2026-05-17T20:29:10","slug":"plyta-gazowa-solgaz-gpc-42","status":"publish","type":"product","link":"http:\/\/klubmamgdynia.pl\/index.php\/produkt\/plyta-gazowa-solgaz-gpc-42\/","title":{"rendered":"P\u0142yta gazowa SOLGAZ GPC 4+2"},"content":{"rendered":"<p>P\u0142yta gazowa bez p\u0142omieni GPC 4+2 \u2013 idealne rozwi\u0105zanie do wi\u0119kszej kuchniP\u0141YTA GAZOWA GPC 4+2Szer. 80 cmJednym z najwa\u017cniejszych element\u00f3w w ka\u017cdej kuchni jest kuchenka. Cho\u0107 coraz wi\u0119ksz\u0105 popularno\u015bci\u0105 ciesz\u0105 si\u0119 nowoczesne p\u0142yty indukcyjne, nadal nie brakuje mi\u0142o\u015bnik\u00f3w tradycji i gotowania na gazie. Je\u015bli marzysz o po\u0142\u0105czeniu kuchenki gazowej z awangardowym, minimalistycznym stylem wykonania, p\u0142yta gazowa pod szk\u0142em to odpowiednie rozwi\u0105zanie dla Ciebie.\u00a0\u00a0Gaz pod szk\u0142em to nasze opatentowane rozwi\u0105zanie, kt\u00f3re kryje palniki pod estetyczn\u0105, szklan\u0105 powierzchni\u0105. Elegancja i minimalizm to doskona\u0142e po\u0142\u0105czenie, kt\u00f3re pi\u0119knie prezentuje si\u0119 w ka\u017cdej kuchni. P\u0142yta gazowa 4+2 to najlepszy wyb\u00f3r do wi\u0119kszej kuchni i dla mi\u0142o\u015bnik\u00f3w kulinarnych eksperyment\u00f3w. Sprawd\u017a ofert\u0119 naszej marki \u2013 wybierz dla siebie wymarzon\u0105 kuchenk\u0119.                            <\/p>\n<p>P\u0142yta gazowa bez p\u0142omieni \u2013 nowoczesno\u015b\u0107 i tradycja w jednym urz\u0105dzeniuP\u0142yta gazowa ceramiczna GPC 4+2 wyr\u00f3\u017cnia si\u0119 ukrytymi palnikami, kt\u00f3re spalaj\u0105 gaz katalitycznie \u2013 dzi\u0119ki temu jest on wykorzystany efektywnie. Korzy\u015bci\u0105 tego rozwi\u0105zania jest zmniejszenie produkcji dwutlenku w\u0119gla oraz \u0142atwe utrzymanie przestrzeni w czysto\u015bci, bowiem zanieczyszczenia i t\u0142uszcz nie osadzaj\u0105 si\u0119 na meblach i \u015bcianach.\u00a0Konstrukcja palnik\u00f3w na p\u0142ycie gazowej pod szk\u0142em pozwala zredukowa\u0107 zu\u017cycie gazu a\u017c do 50%. Gaz pobierany jest tylko w momencie nagrzewania sprz\u0119tu. Kuchenka GPC 4+2 to wyj\u0105tkowo ekonomiczna p\u0142yta gazowa. Cztery pola dzia\u0142aj\u0105 standardowo, natomiast dwa pola darmowe nagrzewaj\u0105 si\u0119 bez konieczno\u015bci pobierania gazu przy okazji gotowania na palnikach. To rozwi\u0105zanie doskonale sprawdza si\u0119 podczas gotowania zupy lub utrzymywania odpowiedniej temperatury potraw.P\u0142yta gazowa bez p\u0142omieni GPC 4+2 to g\u0142adka powierzchnia bez wystaj\u0105cych palnik\u00f3w, zakamark\u00f3w i ruszt\u00f3w \u2013 \u0142atwo utrzymasz j\u0105 w czysto\u015bci. Posiada system zabezpiecze\u0144, kt\u00f3ry kontroluje pob\u00f3r i spalanie gazu. P\u0142yta gazowa bezp\u0142omieniowa sterowana jest dotykowo \u2013 intuicyjny panel sterowania obs\u0142u\u017cysz jednym palcem. Sprz\u0119t posiada mn\u00f3stwo dodatkowych funkcjonalno\u015bci, m.in. timer, kt\u00f3ry pozwala uruchomi\u0107 p\u0142yt\u0119 w wybranym czasie.                            <\/p>\n<p>OSZCZ\u0118DNO\u015a\u0106Dzi\u0119ki specjalnej konstrukcji palnik\u00f3w oraz pracy cyklicznej p\u0142yta gazowa bez p\u0142omieni 4+1 zu\u017cywa do 50% mniej gazu ni\u017c inne, tradycyjne kuchenki gazowe.                            <\/p>\n<p>\u0141ATWE CZYSZCZENIEP\u0142yta gazowa bez p\u0142omieni 4+1 pokryta jest g\u0142adk\u0105 ceramiczn\u0105 powierzchni\u0105 dzi\u0119ki czemu nie znajdziesz w niej ruszt\u00f3w, palnik\u00f3w czy zakamark\u00f3w, w kt\u00f3rych m\u00f3g\u0142by si\u0119 gromadzi\u0107 brud. Takie rozwi\u0105zanie sprawia, \u017ce czyszczenie jej jest proste i przyjemne.                            <\/p>\n<p>BEZPIECZE\u0143STWOP\u0142yta gazowa 4+1 posiada dodatkowo zainstalowane systemy bezpiecze\u0144stwa takie jak specjalne sondy, kt\u00f3re ca\u0142y czas kontroluj\u0105 czy gaz jest spalany prawid\u0142owo. Dodatkowo panel sterowania wy\u015bwietla informacje o stanie p\u0142yty.                            <\/p>\n<p>P\u0142yta gazowa bez p\u0142omieni \u2013 sprawd\u017a nieograniczone mo\u017cliwo\u015bci urz\u0105dzeniaP\u0142yty gazowe cztery pola posiadaj\u0105 bardzo wa\u017cn\u0105 zalet\u0119. S\u0105 niezwykle bezpieczne \u2013 gdy tylko wykryj\u0105 jakiekolwiek nieprawid\u0142owo\u015bci, wy\u0142\u0105cz\u0105 si\u0119 samodzielnie. Co wi\u0119cej, urz\u0105dzenie mo\u017cesz zablokowa\u0107 i w ten spos\u00f3b zabezpieczy\u0107 przed dzie\u0107mi, aby nie zrobi\u0142y sobie krzywdy. Dodatkowo p\u0142yta gazowa bez p\u0142omieni kontroluje jako\u015b\u0107, ci\u015bnienie i proces spalania gazu. O jego ko\u0144c\u00f3wce dowiesz si\u0119 z informacji na wy\u015bwietlaczu.P\u0142yta gaz pod szk\u0142em dzia\u0142a na gaz zar\u00f3wno z butli, jak i z sieci miejskiej. Poinformuj konsultanta, z kt\u00f3rego z nich planujesz korzysta\u0107, a otrzymasz odpowiednio przygotowane urz\u0105dzenie. Dzi\u0119ki temu fachowiec (oczywi\u015bcie z odpowiednimi uprawnieniami gazowymi) b\u0119dzie m\u00f3g\u0142 prawid\u0142owo pod\u0142\u0105czy\u0107 urz\u0105dzenie do \u017ar\u00f3d\u0142a gazu.P\u0142yta gazowa ceramiczna GPC 4+2\u00a0posiada dwa palniki ma\u0142e o \u015brednicy 13 cm, dwa palniki \u015brednie o \u015brednicy 16 cm oraz jedno darmowe pole grzewcze. Urz\u0105dzenie sprawdzi si\u0119 w kuchni \u015bredniej i du\u017cej. P\u0142yta gazowa bez p\u0142omieni s\u0142ynie z minimalistycznego, eleganckiego stylu wyko\u0144czenia. Doskonale sprawdzi si\u0119 w kuchni klasycznej, jak i nowoczesnej.                            <\/p>\n<p>Brak t\u0142ustych osad\u00f3w                            <\/p>\n<p>Temperatura 800\u00b0C                            <\/p>\n<p>Do 10 x mniej dwutlenku w\u0119gla                            <\/p>\n<p>Solgaz \u2013 P\u0142yta gazowa bez p\u0142omieni \u2013 doskona\u0142y wyb\u00f3r do Twojej kuchniP\u0142yta gazowa GPC 4+2 to idealne rozwi\u0105zanie dla kuchni o wi\u0119kszych rozmiarach \u2013 pasuje do szafek o szeroko\u015bci 80 cm. Jest niezast\u0105piona dla du\u017cej rodziny \u2013 mi\u0142o\u015bnik\u00f3w gotowania, kt\u00f3rzy ceni\u0105 sobie przestrze\u0144 i swobod\u0119 ustawiania garnk\u00f3w. Elegancki, prosty design sprawdzi si\u0119 w\u0142a\u015bciwie w ka\u017cdej kuchni. P\u0142yta gazowa 4 pola to gwarancja bezpiecze\u0144stwa, nawet je\u015bli w Twoim domu znajduj\u0105 si\u0119 ma\u0142e dzieci. Marzy Ci si\u0119 tradycyjne rozwi\u0105zanie i nowoczesny styl kuchenki? P\u0142yta gazowa 4+2 to najlepsze rozwi\u0105zanie dla Ciebie.                            <\/p>\n<p>\u0141atwa instalacjaInstalacja p\u0142yty gazowej bez p\u0142omieni 4+1 jest bardzo prosta. Wystarczy wyci\u0105\u0107 w blacie odpowiedni otw\u00f3r i umie\u015bci\u0107 w nim p\u0142yt\u0119. Wi\u0119cej informacji dotycz\u0105cych instalacji p\u0142yty gazowej bez p\u0142omieni 4+1 znajdziesz w naszej instrukcji.                            <\/p>\n<p>Zanim pod\u0142\u0105czysz p\u0142yt\u0119, sprawd\u017a jaki masz gaz: G20, GZ35 lub inny.                            <\/p>\n<p>Opatentowana technologia spalania gazu &#8211; Wybierz najlepsz\u0105 p\u0142yt\u0119 gazow\u0105 bez palnik\u00f3w!P\u0142yta gazowa bez p\u0142omieni wyposa\u017cona jest w ukryte pod ceramik\u0105 palniki, w kt\u00f3rych gaz spalany jest katalitycznie. To rozwi\u0105zanie odpowiedzialne jest za efektywne wykorzystanie gazu, kt\u00f3ry spalany jest w temperaturze 800oC. Dzi\u0119ki temu podczas gotowania na meblach nie osadza si\u0119 t\u0142uszcz i zanieczyszczenia. Zmniejsza si\u0119 tak\u017ce ilo\u015b\u0107 produkowanego tlenku w\u0119gla.                            <\/p>\n<p>\u00a0<\/p>\n<h2>P\u0142yta gazowa SOLGAZ GPC 4+2 Solgaz<\/h2>\n<p>test miko\u0142ajek 25 pyta\u0144, quiz o psie kt\u00f3ry je\u017adzi\u0142 kolej\u0105, quiz o bajkach, wiosna zagadki, leon imi\u0119, zagadki dla dzieci 6-7 lat online, pytania do lektury asiunia<\/p>\n<p>yyyyy<\/p>\n<p>&nbsp;<\/p>\n","protected":false},"excerpt":{"rendered":"<p>P\u0142yta gazowa bez p\u0142omieni GPC 4+2 \u2013 idealne rozwi\u0105zanie do wi\u0119kszej kuchniP\u0141YTA GAZOWA GPC 4+2Szer. 80 cmJednym z najwa\u017cniejszych element\u00f3w w ka\u017cdej kuchni jest kuchenka. Cho\u0107 coraz wi\u0119ksz\u0105 popularno\u015bci\u0105 ciesz\u0105 si\u0119 nowoczesne p\u0142yty indukcyjne, nadal nie brakuje mi\u0142o\u015bnik\u00f3w tradycji i gotowania na gazie. Je\u015bli marzysz o po\u0142\u0105czeniu kuchenki gazowej z awangardowym, minimalistycznym stylem wykonania, p\u0142yta [&hellip;]<\/p>\n","protected":false},"featured_media":8023,"comment_status":"closed","ping_status":"open","template":"","meta":[],"product_cat":[1689,1688],"product_tag":[786,799,805],"class_list":["post-8022","product","type-product","status-publish","has-post-thumbnail","hentry","product_cat-plyty-gazowe-do-zabudowy","product_cat-solgaz","product_tag-prezent-na-1-urodziny","product_tag-zagadka-logiczna","product_tag-znaczenie-imienia-alan"],"_links":{"self":[{"href":"http:\/\/klubmamgdynia.pl\/index.php\/wp-json\/wp\/v2\/product\/8022","targetHints":{"allow":["GET"]}}],"collection":[{"href":"http:\/\/klubmamgdynia.pl\/index.php\/wp-json\/wp\/v2\/product"}],"about":[{"href":"http:\/\/klubmamgdynia.pl\/index.php\/wp-json\/wp\/v2\/types\/product"}],"replies":[{"embeddable":true,"href":"http:\/\/klubmamgdynia.pl\/index.php\/wp-json\/wp\/v2\/comments?post=8022"}],"wp:featuredmedia":[{"embeddable":true,"href":"http:\/\/klubmamgdynia.pl\/index.php\/wp-json\/wp\/v2\/media\/8023"}],"wp:attachment":[{"href":"http:\/\/klubmamgdynia.pl\/index.php\/wp-json\/wp\/v2\/media?parent=8022"}],"wp:term":[{"taxonomy":"product_cat","embeddable":true,"href":"http:\/\/klubmamgdynia.pl\/index.php\/wp-json\/wp\/v2\/product_cat?post=8022"},{"taxonomy":"product_tag","embeddable":true,"href":"http:\/\/klubmamgdynia.pl\/index.php\/wp-json\/wp\/v2\/product_tag?post=8022"}],"curies":[{"name":"wp","href":"https:\/\/api.w.org\/{rel}","templated":true}]}}